{"id":5091,"date":"2018-05-26T05:33:43","date_gmt":"2018-05-26T03:33:43","guid":{"rendered":"http:\/\/klubmamgdynia.pl\/index.php\/produkt\/dromader-ice-ace-diegosid-130911\/"},"modified":"2026-04-30T23:33:21","modified_gmt":"2026-04-30T21:33:21","slug":"dromader-ice-ace-diegosid-130911","status":"publish","type":"product","link":"http:\/\/klubmamgdynia.pl\/index.php\/produkt\/dromader-ice-ace-diegosid-130911\/","title":{"rendered":"Dromader ICE ACE DIEGO&amp;SID 130911"},"content":{"rendered":"<p>Klocki DROMADER Epoka lodowcowa DIEGO I SID 128 el<\/p>\n<h2>Dromader ICE ACE DIEGO&amp;SID 130911 Dromader<\/h2>\n<p>dzie\u0144 pluszowego misia, zaproszenia do druku, traktor z przyczep\u0105 kolorowanka do druku, zagadki o wiosnie, pomys\u0142y na dzie\u0144 dziecka dla nastolatk\u00f3w, imi\u0119 nadia<\/p>\n<p>yyyyy<\/p>\n<p>&nbsp;<\/p>\n","protected":false},"excerpt":{"rendered":"<p>Klocki DROMADER Epoka lodowcowa DIEGO I SID 128 el Dromader ICE ACE DIEGO&amp;SID 130911 Dromader dzie\u0144 pluszowego misia, zaproszenia do druku, traktor z przyczep\u0105 kolorowanka do druku, zagadki o wiosnie, pomys\u0142y na dzie\u0144 dziecka dla nastolatk\u00f3w, imi\u0119 nadia yyyyy &nbsp;<\/p>\n","protected":false},"featured_media":5092,"comment_status":"closed","ping_status":"open","template":"","meta":[],"product_cat":[60,113],"product_tag":[825,757,709],"class_list":["post-5091","product","type-product","status-publish","has-post-thumbnail","hentry","product_cat-dromader","product_cat-klocki","product_tag-bajka-na-dobranoc-do-czytania","product_tag-test-z-lektury-ania-z-zielonego-wzgorza-klasa-6-z-odpowiedziami","product_tag-zagadki-dla-dzieci-6-7-lat"],"_links":{"self":[{"href":"http:\/\/klubmamgdynia.pl\/index.php\/wp-json\/wp\/v2\/product\/5091","targetHints":{"allow":["GET"]}}],"collection":[{"href":"http:\/\/klubmamgdynia.pl\/index.php\/wp-json\/wp\/v2\/product"}],"about":[{"href":"http:\/\/klubmamgdynia.pl\/index.php\/wp-json\/wp\/v2\/types\/product"}],"replies":[{"embeddable":true,"href":"http:\/\/klubmamgdynia.pl\/index.php\/wp-json\/wp\/v2\/comments?post=5091"}],"wp:featuredmedia":[{"embeddable":true,"href":"http:\/\/klubmamgdynia.pl\/index.php\/wp-json\/wp\/v2\/media\/5092"}],"wp:attachment":[{"href":"http:\/\/klubmamgdynia.pl\/index.php\/wp-json\/wp\/v2\/media?parent=5091"}],"wp:term":[{"taxonomy":"product_cat","embeddable":true,"href":"http:\/\/klubmamgdynia.pl\/index.php\/wp-json\/wp\/v2\/product_cat?post=5091"},{"taxonomy":"product_tag","embeddable":true,"href":"http:\/\/klubmamgdynia.pl\/index.php\/wp-json\/wp\/v2\/product_tag?post=5091"}],"curies":[{"name":"wp","href":"https:\/\/api.w.org\/{rel}","templated":true}]}}