{"id":5097,"date":"2017-05-09T20:55:42","date_gmt":"2017-05-09T18:55:42","guid":{"rendered":"http:\/\/klubmamgdynia.pl\/index.php\/produkt\/ion8-butelka-na-wode-bordowa-kolorowe-kwadraty-05l\/"},"modified":"2026-04-30T10:28:26","modified_gmt":"2026-04-30T08:28:26","slug":"ion8-butelka-na-wode-bordowa-kolorowe-kwadraty-05l","status":"publish","type":"product","link":"http:\/\/klubmamgdynia.pl\/index.php\/produkt\/ion8-butelka-na-wode-bordowa-kolorowe-kwadraty-05l\/","title":{"rendered":"Ion8 Butelka Na Wod\u0119 Bordowa Kolorowe Kwadraty 0,5L"},"content":{"rendered":"<p>Butelka na wod\u0119 BPA Free. BPA 0%, BPS 0% wolna od aktywno\u015bci estrogenowej (EA) wolna od aktywno\u015bci androgenowej (AA) Szczelna, lekka i odporna na uderzenia. Bezzapachowa i higieniczna, z wieczkiem zabezpieczaj\u0105cym ustnik przed zanieczyszczeniem. Zabezpieczenie zamkni\u0119cia (eliminuje ryzyko zalania plecaka czy torebki).U\u017cytkowanie i mycie:Przed u\u017cyciem zawsze przep\u0142ucz butelk\u0119 wod\u0105.Po u\u017cyciu zawsze umyj ciep\u0142\u0105 wod\u0105 i p\u0142ynem do naczy\u0144.Bidon przechowuj dok\u0142adnie wysuszony.Nie zamra\u017caj, gdy butelka jest pe\u0142na.Nie u\u017cywaj do p\u0142yn\u00f3w nienadaj\u0105cych si\u0119 do picia.Z uwagi na uszczelki i nadruk:nie gotuj ani nie u\u017cywaj w kuchence mikrofalowej,nie szoruj ani nie u\u017cywaj \u015brodk\u00f3w \u015bciernych,nie myj w zmywarce,nie u\u017cywaj do napoj\u00f3w gazowanych.<\/p>\n<h2>Ion8 Butelka Na Wod\u0119 Bordowa Kolorowe Kwadraty 0,5L ION8<\/h2>\n<p>prezent na roczek dla dziewczynki, zaproszenia urodzinowe do druku, zabawy na dzie\u0144 dziecka w szkole, warszawa atrakcje dla m\u0142odzie\u017cy, na roczek, melania imi\u0119, malowanka do druku, wpad\u0142a bomba do piwnicy, zagadki wielkanocne dla doros\u0142ych, horror dla dzieci, plan lekcji do druku, prezent na roczek, dzie\u0144 nauczyciela cytaty, ja\u015bmina imi\u0119, quiz o zwierz\u0119tach domowych, opisy o rodzinie<\/p>\n<p>yyyyy<\/p>\n<p>&nbsp;<\/p>\n","protected":false},"excerpt":{"rendered":"<p>Butelka na wod\u0119 BPA Free. BPA 0%, BPS 0% wolna od aktywno\u015bci estrogenowej (EA) wolna od aktywno\u015bci androgenowej (AA) Szczelna, lekka i odporna na uderzenia. Bezzapachowa i higieniczna, z wieczkiem zabezpieczaj\u0105cym ustnik przed zanieczyszczeniem. Zabezpieczenie zamkni\u0119cia (eliminuje ryzyko zalania plecaka czy torebki).U\u017cytkowanie i mycie:Przed u\u017cyciem zawsze przep\u0142ucz butelk\u0119 wod\u0105.Po u\u017cyciu zawsze umyj ciep\u0142\u0105 wod\u0105 i [&hellip;]<\/p>\n","protected":false},"featured_media":5098,"comment_status":"closed","ping_status":"open","template":"","meta":[],"product_cat":[1297,215],"product_tag":[863,781,775,608,869,793],"class_list":["post-5097","product","type-product","status-publish","has-post-thumbnail","hentry","product_cat-ion8","product_cat-naczynia-i-sztucce-dla-dzieci","product_tag-bajki-dla-dziewczynek","product_tag-cytaty-o-wychowaniu-dzieci","product_tag-kolorowanki-do-druku-pokemon","product_tag-zagadki-i-odpowiedzi","product_tag-zagadki-na-logike","product_tag-zagadki-smieszne-podchwytliwe"],"_links":{"self":[{"href":"http:\/\/klubmamgdynia.pl\/index.php\/wp-json\/wp\/v2\/product\/5097","targetHints":{"allow":["GET"]}}],"collection":[{"href":"http:\/\/klubmamgdynia.pl\/index.php\/wp-json\/wp\/v2\/product"}],"about":[{"href":"http:\/\/klubmamgdynia.pl\/index.php\/wp-json\/wp\/v2\/types\/product"}],"replies":[{"embeddable":true,"href":"http:\/\/klubmamgdynia.pl\/index.php\/wp-json\/wp\/v2\/comments?post=5097"}],"wp:featuredmedia":[{"embeddable":true,"href":"http:\/\/klubmamgdynia.pl\/index.php\/wp-json\/wp\/v2\/media\/5098"}],"wp:attachment":[{"href":"http:\/\/klubmamgdynia.pl\/index.php\/wp-json\/wp\/v2\/media?parent=5097"}],"wp:term":[{"taxonomy":"product_cat","embeddable":true,"href":"http:\/\/klubmamgdynia.pl\/index.php\/wp-json\/wp\/v2\/product_cat?post=5097"},{"taxonomy":"product_tag","embeddable":true,"href":"http:\/\/klubmamgdynia.pl\/index.php\/wp-json\/wp\/v2\/product_tag?post=5097"}],"curies":[{"name":"wp","href":"https:\/\/api.w.org\/{rel}","templated":true}]}}