{"id":5099,"date":"2022-08-13T21:40:15","date_gmt":"2022-08-13T19:40:15","guid":{"rendered":"http:\/\/klubmamgdynia.pl\/index.php\/produkt\/nuk-smoczek-nat-sen-na-but-sil-2-m-nu721307\/"},"modified":"2026-04-27T20:05:56","modified_gmt":"2026-04-27T18:05:56","slug":"nuk-smoczek-nat-sen-na-but-sil-2-m-nu721307","status":"publish","type":"product","link":"http:\/\/klubmamgdynia.pl\/index.php\/produkt\/nuk-smoczek-nat-sen-na-but-sil-2-m-nu721307\/","title":{"rendered":"Nuk Smoczek Nat.Sen Na But.Sil.2 M Nu721307"},"content":{"rendered":"<p>NU 721.307Poznaj najnowocze\u015bniejsze smoczki do butelki marki NUK!Smoczek do butelki NUK Nature Sense:\u2022 kilka ma\u0142ych otwor\u00f3w, kt\u00f3re s\u0105 wzorowane na kanalikach mlecznych w piersi, zapewnia swobodny i naturalny wyp\u0142yw pokarmu\u2022 szerokie, elastyczne oparcie dla warg i wyj\u0105tkowo mi\u0119kka ko\u0144c\u00f3wka smoczka &#8211; podobne do piersi mamy\u2022 innowacyjny Antykolkowy Odpowietrzacz pomaga zapobiega\u0107 po\u0142ykaniu powietrza\u2022 pasuje do wszystkich butelek NUK Nature Sense\u2022 silikonowy smoczek dost\u0119pny w dw\u00f3ch rozmiarach (0-6 i 6-18 miesi\u0119cy) oraz z r\u00f3\u017cn\u0105 liczb\u0105 otwor\u00f3w przep\u0142ywowych w zale\u017cno\u015bci od rodzaju pokarmu (S, M, L)Najlepszy smoczek do butelki marki NUK!Nie mo\u017cemy zast\u0105pi\u0107 Matki Natury. Ale mo\u017cemy bra\u0107 j\u0105 za wz\u00f3r. W NUKu postawili\u015bmy sobie za cel, aby jeszcze bardziej zbli\u017cy\u0107 si\u0119 do natury i w ten spos\u00f3b opracowali\u015bmy nowe butelki i smoczki NUK Nature Sense. Na czym polega wyj\u0105tkowo\u015b\u0107 tych smoczk\u00f3w? Smoczek ma kilka ma\u0142ych otwor\u00f3w przep\u0142ywowych, kt\u00f3re s\u0105 wzorowane na kanalikach mlecznych w piersi mamy i kt\u00f3re sprawiaj\u0105, \u017ce dzieci maj\u0105 jeszcze bardziej naturalne odczucie podczas ssania, a przede wszystkim zapewniaj\u0105 swobodny, naturalny wyp\u0142yw pokarmu. I w\u0142a\u015bnie to ma dla nas szczeg\u00f3lne znaczenie &#8211; poniewa\u017c naturalne odczucie w czasie karmienia butelk\u0105 sprawia, \u017ce \u0142atwiej jest przej\u015b\u0107 od karmienie piersi\u0105 do butelk\u0105, a karmienie b\u0119dzie przyjemno\u015bci\u0105 dla Ciebie i Twojego dziecka.Smoczek do butelki NUK Nature Sense &#8211; Tak blisko piersi mamy, jak nigdy dot\u0105d!\u2022 udane karmienie Maluszka\u2022 optymalne \u0142\u0105czenie karmienia piersi\u0105 i butelk\u0105\u2022 naturalne odczucie podczas ssania\u2022 naturalny wyp\u0142yw pokarmu, kt\u00f3ry nie zaburza karmienia piersi\u0105\u2022 kszta\u0142t smoczka korzystny dla rozwoju jamy ustnej dziecka<\/p>\n<h2>Nuk Smoczek Nat.Sen Na But.Sil.2 M Nu721307 NUK<\/h2>\n<p>prezent dla nastolatk\u00f3w 2020, kolorowanki pokemon do druku, pola imie, dzie\u0144 mamy sentencje<\/p>\n<p>yyyyy<\/p>\n<p>&nbsp;<\/p>\n","protected":false},"excerpt":{"rendered":"<p>NU 721.307Poznaj najnowocze\u015bniejsze smoczki do butelki marki NUK!Smoczek do butelki NUK Nature Sense:\u2022 kilka ma\u0142ych otwor\u00f3w, kt\u00f3re s\u0105 wzorowane na kanalikach mlecznych w piersi, zapewnia swobodny i naturalny wyp\u0142yw pokarmu\u2022 szerokie, elastyczne oparcie dla warg i wyj\u0105tkowo mi\u0119kka ko\u0144c\u00f3wka smoczka &#8211; podobne do piersi mamy\u2022 innowacyjny Antykolkowy Odpowietrzacz pomaga zapobiega\u0107 po\u0142ykaniu powietrza\u2022 pasuje do wszystkich [&hellip;]<\/p>\n","protected":false},"featured_media":5100,"comment_status":"closed","ping_status":"open","template":"","meta":[],"product_cat":[251,283],"product_tag":[722,656,798,783,653,715],"class_list":["post-5099","product","type-product","status-publish","has-post-thumbnail","hentry","product_cat-nuk","product_cat-smoczki-i-ustniki-do-butelek","product_tag-cytaty-o-przyjazni","product_tag-kolorowanki-lol","product_tag-prezenty-dla-nastolatki","product_tag-prezenty-na-roczek-dla-chlopca","product_tag-warszawa-dla-dzieci","product_tag-zosia-samosia"],"_links":{"self":[{"href":"http:\/\/klubmamgdynia.pl\/index.php\/wp-json\/wp\/v2\/product\/5099","targetHints":{"allow":["GET"]}}],"collection":[{"href":"http:\/\/klubmamgdynia.pl\/index.php\/wp-json\/wp\/v2\/product"}],"about":[{"href":"http:\/\/klubmamgdynia.pl\/index.php\/wp-json\/wp\/v2\/types\/product"}],"replies":[{"embeddable":true,"href":"http:\/\/klubmamgdynia.pl\/index.php\/wp-json\/wp\/v2\/comments?post=5099"}],"wp:featuredmedia":[{"embeddable":true,"href":"http:\/\/klubmamgdynia.pl\/index.php\/wp-json\/wp\/v2\/media\/5100"}],"wp:attachment":[{"href":"http:\/\/klubmamgdynia.pl\/index.php\/wp-json\/wp\/v2\/media?parent=5099"}],"wp:term":[{"taxonomy":"product_cat","embeddable":true,"href":"http:\/\/klubmamgdynia.pl\/index.php\/wp-json\/wp\/v2\/product_cat?post=5099"},{"taxonomy":"product_tag","embeddable":true,"href":"http:\/\/klubmamgdynia.pl\/index.php\/wp-json\/wp\/v2\/product_tag?post=5099"}],"curies":[{"name":"wp","href":"https:\/\/api.w.org\/{rel}","templated":true}]}}