{"id":5103,"date":"2024-09-17T22:05:46","date_gmt":"2024-09-17T20:05:46","guid":{"rendered":"http:\/\/klubmamgdynia.pl\/?post_type=product&#038;p=5103"},"modified":"2026-05-17T22:33:02","modified_gmt":"2026-05-17T20:33:02","slug":"mw-drewniane-lozko-wysuwane-podwojne-180x90cm-kami-kolor-waniliowy","status":"publish","type":"product","link":"http:\/\/klubmamgdynia.pl\/index.php\/produkt\/mw-drewniane-lozko-wysuwane-podwojne-180x90cm-kami-kolor-waniliowy\/","title":{"rendered":"Mw Drewniane \u0141\u00f3\u017cko Wysuwane Podw\u00f3jne 180X90Cm Kami Kolor Waniliowy"},"content":{"rendered":"<p>\u0141\u00f3\u017cko wysuwane podw\u00f3jne KAMI 180x90cm kolor waniliowy \u0141\u00f3\u017cko wykonane z najwy\u017cszej jako\u015bci drewna sosnowego na nowoczesnych maszynach stolarskich. W produkcji stosowane s\u0105 tylko atestowane materia\u0142y. D\u0142ugoletnie, komfortowe u\u017cytkowanie. \u0141\u00f3\u017cko Wykonane z drewna sosnowego Impregnowane i lakierowane 3-krotnie bezpiecznymi lakierami Barierka chroni\u0105ca przed upadkiem Maksymalne obci\u0105\u017cenie \u0142\u00f3\u017cka wynosi 190kg Zalecana maksymalna grubo\u015b\u0107 materaca to 10cm Idealne do pokoju rodze\u0144stwa \u0141\u00f3\u017cko nie posiada w zestawie materac\u00f3w Posiada certyfikat FSC Szuflada z funkcj\u0105 spania (\u0142\u00f3\u017cko wysuwane): Wysuwana na gumowych k\u00f3\u0142kach szuflada ze stela\u017cem sprawdzi si\u0119 idealnie dla rodzica lub ma\u0142ego go\u015bcia Maksymalna grubo\u015b\u0107 materaca w \u0142\u00f3\u017cku wysuwanym to 10cm Ud\u017awig \u0142\u00f3\u017cka wysuwanego wynosi oko\u0142o 90kg Powierzchnia spania wysuwu wynosi 170x90cm Wysoko\u015b\u0107 frontu szuflady wynosi 19cm Wysoko\u015b\u0107 bok\u00f3w i ty\u0142\u00f3w wynosi 12cm Standardowo szuflada jest w kolorze \u0142\u00f3\u017cka (istnieje mo\u017cliwo\u015b\u0107 zmiany koloru szuflady na jeden z poni\u017cszych, w przypadku zmiany koloru prosimy o umieszczenie takiej informacji w uwagach do zam\u00f3wienia)<\/p>\n<h2>Mw Drewniane \u0141\u00f3\u017cko Wysuwane Podw\u00f3jne 180X90Cm Kami Kolor Waniliowy MW<\/h2>\n<p>\u015bmieszne zagadki matematyczne, kolorowanki my little pony, prima aprilis zarty, zagadki o owocach, quiz o samochodach, kolorowanki pieski, bajki na dobranoc dla dzieci, europa stolice quiz, flagi europy quiz, szablony postacie do szopki do druku, mi\u0142o\u015b\u0107 matki do dziecka cytaty, quiz o tajemniczym ogrodzie<\/p>\n<p>yyyyy<\/p>\n<p>&nbsp;<\/p>\n","protected":false},"excerpt":{"rendered":"<p>\u0141\u00f3\u017cko wysuwane podw\u00f3jne KAMI 180x90cm kolor waniliowy \u0141\u00f3\u017cko wykonane z najwy\u017cszej jako\u015bci drewna sosnowego na nowoczesnych maszynach stolarskich. W produkcji stosowane s\u0105 tylko atestowane materia\u0142y. D\u0142ugoletnie, komfortowe u\u017cytkowanie. \u0141\u00f3\u017cko Wykonane z drewna sosnowego Impregnowane i lakierowane 3-krotnie bezpiecznymi lakierami Barierka chroni\u0105ca przed upadkiem Maksymalne obci\u0105\u017cenie \u0142\u00f3\u017cka wynosi 190kg Zalecana maksymalna grubo\u015b\u0107 materaca to 10cm Idealne [&hellip;]<\/p>\n","protected":false},"featured_media":5104,"comment_status":"closed","ping_status":"open","template":"","meta":[],"product_cat":[935,989],"product_tag":[671,853,628,823],"class_list":["post-5103","product","type-product","status-publish","has-post-thumbnail","hentry","product_cat-lozeczka-dzieciece","product_cat-mw","product_tag-cicha-noc-po-angielsku-tekst","product_tag-kolorowanki-do-druku-dla-doroslych","product_tag-zagadka","product_tag-zagadki-dla-dzieci-7-lat"],"_links":{"self":[{"href":"http:\/\/klubmamgdynia.pl\/index.php\/wp-json\/wp\/v2\/product\/5103","targetHints":{"allow":["GET"]}}],"collection":[{"href":"http:\/\/klubmamgdynia.pl\/index.php\/wp-json\/wp\/v2\/product"}],"about":[{"href":"http:\/\/klubmamgdynia.pl\/index.php\/wp-json\/wp\/v2\/types\/product"}],"replies":[{"embeddable":true,"href":"http:\/\/klubmamgdynia.pl\/index.php\/wp-json\/wp\/v2\/comments?post=5103"}],"wp:featuredmedia":[{"embeddable":true,"href":"http:\/\/klubmamgdynia.pl\/index.php\/wp-json\/wp\/v2\/media\/5104"}],"wp:attachment":[{"href":"http:\/\/klubmamgdynia.pl\/index.php\/wp-json\/wp\/v2\/media?parent=5103"}],"wp:term":[{"taxonomy":"product_cat","embeddable":true,"href":"http:\/\/klubmamgdynia.pl\/index.php\/wp-json\/wp\/v2\/product_cat?post=5103"},{"taxonomy":"product_tag","embeddable":true,"href":"http:\/\/klubmamgdynia.pl\/index.php\/wp-json\/wp\/v2\/product_tag?post=5103"}],"curies":[{"name":"wp","href":"https:\/\/api.w.org\/{rel}","templated":true}]}}