{"id":5105,"date":"2013-04-03T15:07:13","date_gmt":"2013-04-03T13:07:13","guid":{"rendered":"http:\/\/klubmamgdynia.pl\/index.php\/produkt\/moover-jezdzik-ciezarowka-volvo-880992\/"},"modified":"2026-04-06T22:28:59","modified_gmt":"2026-04-06T20:28:59","slug":"moover-jezdzik-ciezarowka-volvo-880992","status":"publish","type":"product","link":"http:\/\/klubmamgdynia.pl\/index.php\/produkt\/moover-jezdzik-ciezarowka-volvo-880992\/","title":{"rendered":"Moover Je\u017adzik Ci\u0119\u017car\u00f3wka Volvo 880992"},"content":{"rendered":"<p>Drewniany je\u017adzik ci\u0119\u017car\u00f3wka VOLVO Moover 880992 w oryginalnym, \u017c\u00f3\u0142tym kolorze to kolejna zabawka z serii Classic Big Toys. Je\u017adzik urzeka po\u0142\u0105czeniem solidnego wykonania odwzorowanego jak w prawdziwym wozidle volvo z praktycznymi rozwi\u0105zaniami autka. Dopracowane detale urozmaic\u0105 zabaw\u0119 dziecku, dzi\u0119ki czemu nie znudzi si\u0119 tak szybko. Za spraw\u0105 autka mo\u017cesz oczarowa\u0107 swoj\u0105 pociech\u0119 zabawk\u0105 niczym nie odbiegaj\u0105c\u0105 od markowej maszyny VOLVO i wsp\u00f3lnie odkry\u0107 dzieci\u0119cy \u015bwiat :)Solidne wykonanieCi\u0119\u017car\u00f3wka jest w pe\u0142ni stabilna i nie przechyla si\u0119. Zamontowane w samochodzie ko\u0142a zabezpieczaj\u0105 dodatkowo stela\u017c przed przewr\u00f3ceniem. Dziecko mo\u017ce bez obaw wsiada\u0107 na niego i je\u017adzi\u0107. Pojazd porusza si\u0119 zar\u00f3wno do przodu jak i do ty\u0142u. \u0141atwo si\u0119 nim skr\u0119ca oraz obraca, dzi\u0119ki specjalnemu mechanizmowi po\u0142\u0105czenia ci\u0105gnika z naczep\u0105. Dziecko, kt\u00f3re uczy si\u0119 je\u017adzi\u0107 stara si\u0119 utrzyma\u0107 r\u00f3wnowag\u0119 oraz stabilno\u015b\u0107. Jednak nie zawsze wszystkim wychodzi to od razu. Dlatego te\u017c wszystkie kraw\u0119dzie ci\u0119\u017car\u00f3wki zosta\u0142y zaokr\u0105glone, by zadba\u0107 o bezpiecze\u0144stwo malucha. Solidne wykonanie zwi\u0119ksza warto\u015b\u0107 zabawki oraz buduje zaufanie dzieci i ich rodzic\u00f3w do marki.Gdy urwis wykorzystuje zabawk\u0119 jako je\u017adzik, naczepa pe\u0142ni funkcj\u0119 siedzenia. Autko ma otwieran\u0105 klapk\u0119 przez kt\u00f3r\u0105 dziecko mo\u017ce wrzuca\u0107 i wybiera\u0107 zabawki ze schowka. Je\u015bli maluchowi znudzi si\u0119 jazda, mo\u017ce zacz\u0105\u0107 przewozi\u0107 w kabinie czy w schowku naczepy lalki czy klocki.Z kolei, je\u015bli dziecko jest ju\u017c za du\u017ce, by je\u017adzi\u0107 na samochodzie mo\u017cna wykorzysta\u0107 go jako uk\u0142adank\u0119 do samodzielnego monta\u017cu bez u\u017cycia narz\u0119dzi. To wszystko jest mo\u017cliwe za spraw\u0105 opatentowanego systemu zatrzask\u00f3w.Materia\u0142y najwy\u017cszej jako\u015bciZabawka wykonana jest z naturalnej okleiny z drewna brzozowego o grubo\u015bci 10 mm oraz czterech k\u00f3\u0142 z tworzywa sztucznego. W tym modelu zastosowano nieco inne ko\u0142a, by zmniejszy\u0107 uci\u0105\u017cliwy ha\u0142as. Dzi\u0119ki ko\u0142om z tworzywa pojazd jest r\u00f3wnie\u017c l\u017cejszy, dzi\u0119ki czemu dziecku \u0142atwiej jest go przenosi\u0107. Ci\u0119\u017car\u00f3wka jest pokryta ekologiczn\u0105 farb\u0105 z atestem, dlatego nie musisz martwi\u0107 si\u0119 o substancje uczulaj\u0105ce Twoje dziecko.Opracowany zgodnie z potrzebami dzieciZabawk\u0119 stworzono na podstawie zachowa\u0144 dzieci oraz ich potrzeb. Du\u0144scy specjali\u015bci przeprowadzili badania reakcji na zmys\u0142y dziecka. Skupili si\u0119 na tym co przykuwa najwi\u0119ksz\u0105 uwag\u0119 dzieci. Czym lubi\u0105 si\u0119 bawi\u0107. Jakiego koloru zabawka przyci\u0105ga wzrok. Z jakiego jest materia\u0142u, \u017ce si\u0119gaj\u0105 po ni\u0105 jako pierwsz\u0105. W czasie tworzenia zabawki producenci opierali si\u0119 na zebranych informacjach. Detale zabawki zosta\u0142y dopracowane w taki spos\u00f3b, aby s\u0142u\u017cy\u0142a niejeden raz.Korzy\u015bci z zabawyZadbaj o prawid\u0142owy rozw\u00f3j swego dziecka. Maluch uczy si\u0119 przez zabaw\u0119 w przew\u00f3z lalek czy samochodzik\u00f3w. Zabawa pojazdami rozwija dzieci\u0119c\u0105 wyobra\u017ani\u0119 oraz zach\u0119ca do odkrywania i \u0107wiczenia umiej\u0119tno\u015bci motorycznych. Ci\u0119\u017car\u00f3wka je\u017adzik rozwija integracj\u0119 sensoryczn\u0105 oraz stymuluje zmys\u0142y dziecka. Zabawka zach\u0119ca r\u00f3wnie\u017c do podejmowania kolejnych aktywno\u015bci ruchowych.Monta\u017c zabawkiJe\u017adzik ci\u0119\u017car\u00f3wka jest dostarczany w p\u0142askim kartonie z elementami do z\u0142o\u017cenia. Firma zastosowa\u0142a specjalny, opatentowany system zatrzask\u00f3w Moover, kt\u00f3ry u\u0142atwi oraz przy\u015bpieszy sk\u0142adanie zabawki. Do monta\u017cu nie przydadz\u0105 si\u0119 \u017cadne narz\u0119dzia, a ca\u0142y proces trwa zaledwie kilka minut. Tak spakowany produkt zajmuje niewiele miejsca, co u\u0142atwia przechowanie zabawki m\u0142odszym dzieciom, jak r\u00f3wnie\u017c jej przew\u00f3z w inne miejsce, chocia\u017cby do dziadk\u00f3w. Aby z\u0142o\u017cy\u0107 je\u017adzik, post\u0119puj zgodnie z instrukcj\u0105 zamieszczon\u0105 na kartonie. Zabawka nie posiada ma\u0142ych element\u00f3w, dlatego sprawdzi si\u0119 do zabawy dla dzieci maj\u0105cych niespe\u0142na 2 lata.Troch\u0119 o samej marceDu\u0144ska firma Moover specjalizuje si\u0119 w produkcji drewnianych zabawek. Zaprojektowane na podstawie zachowa\u0144 dzieci, opracowane by rozwija\u0142y i uczy\u0142y. Producent posiada r\u00f3\u017cnego rodzaju meble dla lalek, samochody dla ch\u0142opc\u00f3w czy uk\u0142adanki oraz zawieszki dla maluch\u00f3w. Przemy\u015blane w ka\u017cdym szczeg\u00f3le, oryginalnie zaprojektowane oraz solidnie wykonane pos\u0142u\u017c\u0105 niejednemu pokoleniu. Moover spe\u0142ni Twoje oczekiwania.<\/p>\n<h2>Moover Je\u017adzik Ci\u0119\u017car\u00f3wka Volvo 880992 Moover<\/h2>\n<p>przechowywanie zabawek, testy z lektury opowie\u015bci z narnii lew czarownica i stara szafa, zagadki na logik\u0119, zabawki dla dziewczynki na roczek, kielich z hosti\u0105 do druku, tabliczka mno\u017cenia kolorowanki do wydruku, najpi\u0119kniejsze cytaty cytaty dla mamy, bajki dla dzieci na dobranoc, inteligentne zagadki, wystawy dla dzieci warszawa, cytat rodzina, test na znaki drogowe, imiona dla ch\u0142opc\u00f3w, prezent dla nastolatk\u00f3w ch\u0142opc\u00f3w, nauka pisania wyraz\u00f3w dla dzieci do druku pdf<\/p>\n<p>yyyyy<\/p>\n<p>&nbsp;<\/p>\n","protected":false},"excerpt":{"rendered":"<p>Drewniany je\u017adzik ci\u0119\u017car\u00f3wka VOLVO Moover 880992 w oryginalnym, \u017c\u00f3\u0142tym kolorze to kolejna zabawka z serii Classic Big Toys. Je\u017adzik urzeka po\u0142\u0105czeniem solidnego wykonania odwzorowanego jak w prawdziwym wozidle volvo z praktycznymi rozwi\u0105zaniami autka. Dopracowane detale urozmaic\u0105 zabaw\u0119 dziecku, dzi\u0119ki czemu nie znudzi si\u0119 tak szybko. Za spraw\u0105 autka mo\u017cesz oczarowa\u0107 swoj\u0105 pociech\u0119 zabawk\u0105 niczym nie [&hellip;]<\/p>\n","protected":false},"featured_media":5106,"comment_status":"closed","ping_status":"open","template":"","meta":[],"product_cat":[83,1296],"product_tag":[666,828,818,856,778],"class_list":["post-5105","product","type-product","status-publish","has-post-thumbnail","hentry","product_cat-auta-i-inne-pojazdy-do-zabawy","product_cat-moover","product_tag-afrykanskie-imiona","product_tag-filmy-wigilijne-dla-dzieci","product_tag-oliwier","product_tag-prezent-dla-16-latki","product_tag-zabawki-na-roczek-dla-chlopca"],"_links":{"self":[{"href":"http:\/\/klubmamgdynia.pl\/index.php\/wp-json\/wp\/v2\/product\/5105","targetHints":{"allow":["GET"]}}],"collection":[{"href":"http:\/\/klubmamgdynia.pl\/index.php\/wp-json\/wp\/v2\/product"}],"about":[{"href":"http:\/\/klubmamgdynia.pl\/index.php\/wp-json\/wp\/v2\/types\/product"}],"replies":[{"embeddable":true,"href":"http:\/\/klubmamgdynia.pl\/index.php\/wp-json\/wp\/v2\/comments?post=5105"}],"wp:featuredmedia":[{"embeddable":true,"href":"http:\/\/klubmamgdynia.pl\/index.php\/wp-json\/wp\/v2\/media\/5106"}],"wp:attachment":[{"href":"http:\/\/klubmamgdynia.pl\/index.php\/wp-json\/wp\/v2\/media?parent=5105"}],"wp:term":[{"taxonomy":"product_cat","embeddable":true,"href":"http:\/\/klubmamgdynia.pl\/index.php\/wp-json\/wp\/v2\/product_cat?post=5105"},{"taxonomy":"product_tag","embeddable":true,"href":"http:\/\/klubmamgdynia.pl\/index.php\/wp-json\/wp\/v2\/product_tag?post=5105"}],"curies":[{"name":"wp","href":"https:\/\/api.w.org\/{rel}","templated":true}]}}