{"id":5109,"date":"2022-07-29T08:02:53","date_gmt":"2022-07-29T06:02:53","guid":{"rendered":"http:\/\/klubmamgdynia.pl\/index.php\/produkt\/baby-born-glowa-do-stylizacji\/"},"modified":"2026-04-05T20:20:13","modified_gmt":"2026-04-05T18:20:13","slug":"baby-born-glowa-do-stylizacji","status":"publish","type":"product","link":"http:\/\/klubmamgdynia.pl\/index.php\/produkt\/baby-born-glowa-do-stylizacji\/","title":{"rendered":"Baby Born G\u0142owa Do Stylizacji"},"content":{"rendered":"<p>Kwiatowy image, barwny makija\u017c i super fryzura&#8230;Czy to grzywka szalona, idealna kitka, czy dobierane warkocze &#8211; z tych w\u0142os\u00f3w mo\u017cna stworzy\u0107 ka\u017cd\u0105 fryzur\u0119. Dzi\u0119ki 4 gumkom do w\u0142os\u00f3w, 2 spinkom i szczotce staniesz si\u0119 prawdziw\u0105 stylistk\u0105. R\u00f3\u017cowa opaska te\u017c mo\u017ce sta\u0107 si\u0119 cz\u0119\u015bci\u0105 kompozycji, zw\u0142aszcza, je\u017celi ozdobisz j\u0105 kwiatami i przypinkami. Kwiaty za\u015b doskonale sprawdz\u0105 si\u0119 z fioletow\u0105 bluzeczk\u0105.Paleta kolor\u00f3w zach\u0119ca ma\u0142ych wiza\u017cyst\u00f3w do eksperymentowania. Zawarte w zestawie pigmenty s\u0105 bezpieczne dla sk\u00f3ry dziecka.Makija\u017c i stylizacja,Zr\u00f3\u017cnicowana zabawa pobudza wyobra\u017ani\u0119 i wspiera umiej\u0119tno\u015bci motoryczne,Dla ciekawszej, r\u00f3\u017cnorodnej i nieko\u0144cz\u0105cej si\u0119 zabawy.G\u0142owa do stylizacji BABY born z 27 akcesoriami.Informacje o produkcieNr katalogowy828694-116720Marka Baby BornWymagania wiekowe od 3 latP\u0142e\u0107 Ch\u0142opcyDziewczynki<\/p>\n<h2>Baby Born G\u0142owa Do Stylizacji BABY BORN<\/h2>\n<p>pomys\u0142y na prezent dla nastolatk\u00f3w, 45 pa\u0144stw europy i ich stolice quiz, pawe\u0142, zabawy dla 5 latka, prezent roczek, cicha noc po angielsku, jak narysowac kota, trudne zagadki logiczne z odpowiedziami, nowe quizy do rozwi\u0105zania, mapa polski do druku, testy na znaki drogowe, dorian, kajko i kokosz test z lektury, origami dla dzieci, quizy geograficzne, poczytaj mi wiersz, lucjan imi\u0119, zabawy logiczne dla dzieci, piosenka dla mamy tekst, maski karnawa\u0142owe do druku<\/p>\n<p>yyyyy<\/p>\n<p>&nbsp;<\/p>\n","protected":false},"excerpt":{"rendered":"<p>Kwiatowy image, barwny makija\u017c i super fryzura&#8230;Czy to grzywka szalona, idealna kitka, czy dobierane warkocze &#8211; z tych w\u0142os\u00f3w mo\u017cna stworzy\u0107 ka\u017cd\u0105 fryzur\u0119. Dzi\u0119ki 4 gumkom do w\u0142os\u00f3w, 2 spinkom i szczotce staniesz si\u0119 prawdziw\u0105 stylistk\u0105. R\u00f3\u017cowa opaska te\u017c mo\u017ce sta\u0107 si\u0119 cz\u0119\u015bci\u0105 kompozycji, zw\u0142aszcza, je\u017celi ozdobisz j\u0105 kwiatami i przypinkami. Kwiaty za\u015b doskonale sprawdz\u0105 [&hellip;]<\/p>\n","protected":false},"featured_media":5110,"comment_status":"closed","ping_status":"open","template":"","meta":[],"product_cat":[176,1298],"product_tag":[671,828,861,852],"class_list":["post-5109","product","type-product","status-publish","has-post-thumbnail","hentry","product_cat-baby-born","product_cat-glowy-do-czesania-i-stylizacji","product_tag-cicha-noc-po-angielsku-tekst","product_tag-filmy-wigilijne-dla-dzieci","product_tag-jak-narysowac-psa","product_tag-jak-zrobic-samolot-z-papieru"],"_links":{"self":[{"href":"http:\/\/klubmamgdynia.pl\/index.php\/wp-json\/wp\/v2\/product\/5109","targetHints":{"allow":["GET"]}}],"collection":[{"href":"http:\/\/klubmamgdynia.pl\/index.php\/wp-json\/wp\/v2\/product"}],"about":[{"href":"http:\/\/klubmamgdynia.pl\/index.php\/wp-json\/wp\/v2\/types\/product"}],"replies":[{"embeddable":true,"href":"http:\/\/klubmamgdynia.pl\/index.php\/wp-json\/wp\/v2\/comments?post=5109"}],"wp:featuredmedia":[{"embeddable":true,"href":"http:\/\/klubmamgdynia.pl\/index.php\/wp-json\/wp\/v2\/media\/5110"}],"wp:attachment":[{"href":"http:\/\/klubmamgdynia.pl\/index.php\/wp-json\/wp\/v2\/media?parent=5109"}],"wp:term":[{"taxonomy":"product_cat","embeddable":true,"href":"http:\/\/klubmamgdynia.pl\/index.php\/wp-json\/wp\/v2\/product_cat?post=5109"},{"taxonomy":"product_tag","embeddable":true,"href":"http:\/\/klubmamgdynia.pl\/index.php\/wp-json\/wp\/v2\/product_tag?post=5109"}],"curies":[{"name":"wp","href":"https:\/\/api.w.org\/{rel}","templated":true}]}}