{"id":511,"date":"2023-01-26T15:27:32","date_gmt":"2023-01-26T14:27:32","guid":{"rendered":"http:\/\/klubmamgdynia.pl\/index.php\/produkt\/brio-stacja-towarowa-z-samochodem-ciezarowym\/"},"modified":"2026-04-23T02:07:39","modified_gmt":"2026-04-23T00:07:39","slug":"brio-stacja-towarowa-z-samochodem-ciezarowym","status":"publish","type":"product","link":"http:\/\/klubmamgdynia.pl\/index.php\/produkt\/brio-stacja-towarowa-z-samochodem-ciezarowym\/","title":{"rendered":"Brio stacja towarowa z samochodem ci\u0119\u017carowym"},"content":{"rendered":"<p>To jest automatyczne t\u0142umaczenie wygenerowane przez software:Podnie\u015b i za\u0142aduj akcja! Zdejmij \u0142adunek z przyczepy za pomoc\u0105 ramienia magnetycznego. Zrzu\u0107 \u0142adunek na zsyp i naci\u015bnij przycisk, aby zsun\u0105\u0107 go na ci\u0119\u017car\u00f3wk\u0119. Rusza, aby dostarczy\u0107 \u0142adunek! Obejmuje tor ci\u0119\u017car\u00f3wki, wagonu, \u0142adunku i rampy.<\/p>\n<h2>Brio stacja towarowa z samochodem ci\u0119\u017carowym Brio<\/h2>\n<p>najrzadsze imiona w polsce, carmen imi\u0119, krok jak narysowa\u0107 konia, pomys\u0142 na prezent dla nastolatki, zagadki na logike, co na roczek dla ch\u0142opca, nauka pisania wyraz\u00f3w dla dzieci do druku pdf, jeremi, testy na znaki drogowe, kolorowe kanapki kanapki dla dzieci, wiosenne zagadki, cytaty o nauczycielach, rozalia imie, prezent dla nastolatek, ninjago kolorowanka, alfons, maska batmana do druku<\/p>\n<p>yyyyy<\/p>\n<p>&nbsp;<\/p>\n","protected":false},"excerpt":{"rendered":"<p>To jest automatyczne t\u0142umaczenie wygenerowane przez software:Podnie\u015b i za\u0142aduj akcja! Zdejmij \u0142adunek z przyczepy za pomoc\u0105 ramienia magnetycznego. Zrzu\u0107 \u0142adunek na zsyp i naci\u015bnij przycisk, aby zsun\u0105\u0107 go na ci\u0119\u017car\u00f3wk\u0119. Rusza, aby dostarczy\u0107 \u0142adunek! Obejmuje tor ci\u0119\u017car\u00f3wki, wagonu, \u0142adunku i rampy. Brio stacja towarowa z samochodem ci\u0119\u017carowym Brio najrzadsze imiona w polsce, carmen imi\u0119, krok [&hellip;]<\/p>\n","protected":false},"featured_media":512,"comment_status":"closed","ping_status":"open","template":"","meta":[],"product_cat":[78,56],"product_tag":[828,612,709],"class_list":["post-511","product","type-product","status-publish","has-post-thumbnail","hentry","product_cat-brio","product_cat-kolejki","product_tag-filmy-wigilijne-dla-dzieci","product_tag-kolorowanki-do-druku","product_tag-zagadki-dla-dzieci-6-7-lat"],"_links":{"self":[{"href":"http:\/\/klubmamgdynia.pl\/index.php\/wp-json\/wp\/v2\/product\/511","targetHints":{"allow":["GET"]}}],"collection":[{"href":"http:\/\/klubmamgdynia.pl\/index.php\/wp-json\/wp\/v2\/product"}],"about":[{"href":"http:\/\/klubmamgdynia.pl\/index.php\/wp-json\/wp\/v2\/types\/product"}],"replies":[{"embeddable":true,"href":"http:\/\/klubmamgdynia.pl\/index.php\/wp-json\/wp\/v2\/comments?post=511"}],"wp:featuredmedia":[{"embeddable":true,"href":"http:\/\/klubmamgdynia.pl\/index.php\/wp-json\/wp\/v2\/media\/512"}],"wp:attachment":[{"href":"http:\/\/klubmamgdynia.pl\/index.php\/wp-json\/wp\/v2\/media?parent=511"}],"wp:term":[{"taxonomy":"product_cat","embeddable":true,"href":"http:\/\/klubmamgdynia.pl\/index.php\/wp-json\/wp\/v2\/product_cat?post=511"},{"taxonomy":"product_tag","embeddable":true,"href":"http:\/\/klubmamgdynia.pl\/index.php\/wp-json\/wp\/v2\/product_tag?post=511"}],"curies":[{"name":"wp","href":"https:\/\/api.w.org\/{rel}","templated":true}]}}