{"id":5111,"date":"2017-02-01T18:47:51","date_gmt":"2017-02-01T17:47:51","guid":{"rendered":"http:\/\/klubmamgdynia.pl\/index.php\/produkt\/kathay-haster-jasnoszarym-spacerowy\/"},"modified":"2026-04-05T16:13:09","modified_gmt":"2026-04-05T14:13:09","slug":"kathay-haster-jasnoszarym-spacerowy","status":"publish","type":"product","link":"http:\/\/klubmamgdynia.pl\/index.php\/produkt\/kathay-haster-jasnoszarym-spacerowy\/","title":{"rendered":"Kathay-Haster Jasnoszarym Spacerowy"},"content":{"rendered":"<p>Lekki, sk\u0142adany w\u00f3zek spacerowy w kolorze jasno szarymWytrzyma\u0142a i stabilna konstrukcja oraz sk\u0142adana budka to niekwestionowane atuty naszej spacer\u00f3wki, a dodatkowo:tylne ko\u0142a wyposa\u017cone w hamulecprzednie ko\u0142a obrotowe z mo\u017cliwo\u015bci\u0105 blokady do jazdy na wprostpi\u0119ciopunktowe, regulowane pasy bezpiecze\u0144stwa z mi\u0119kkimi nak\u0142adkami dla wygody Twojego dzieckapas kroczny &#8211; zabezpieczaj\u0105cy dziecko przed wysuni\u0119ciem si\u0119 z w\u00f3zkawygodny podn\u00f3\u017cekergonomiczne r\u0105czki &#8211; pokryte mi\u0119kk\u0105 g\u0105bk\u0105por\u0119czny koszyczek na drobiazgi lub zakupysystem zabezpiecze\u0144, kt\u00f3ry uniemo\u017cliwia z\u0142o\u017cenie si\u0119 w\u00f3zka podczas jazdyregulowane oparcie (do pozycji le\u017c\u0105cej)odczepiany pa\u0142\u0105kkieszonka umiejscowiona na zewn. stronie budkimo\u017cliwo\u015b\u0107 z\u0142o\u017cenia budki w taki spos\u00f3b by ochron\u0119 stanowi\u0142a przewiewna siateczkaprosty i wygodny mechanizm sk\u0142adania w\u00f3zkaWymiary w\u00f3zka:wysoko\u015b\u0107: 97 cmszeroko\u015b\u0107: 49 cmg\u0142\u0119boko\u015b\u0107: 70 cmg\u0142\u0119boko\u015b\u0107 siedziska: 21 cm (+ 5 cm)szeroko\u015b\u0107 siedziska: 32 cmwysoko\u015b\u0107 oparcia: 38 cmwymiary koszyka: 35 x 36 x 10 cmmaksymalne obci\u0105\u017cenie: 15 kgmaksymalne obci\u0105\u017cenie koszyka: 3 kg\u015brednica k\u00f3\u0142ka: 13,5 cmOSTRZE\u017bENIE &#8211; Niniejszy wyr\u00f3b nie jest odpowiedni do biegania ani jazdy na rolkach.<\/p>\n<h2>Kathay-Haster Jasnoszarym Spacerowy Kathay-Haster<\/h2>\n<p>bo\u017ce narodzenie quiz, ozdoby choinkowe dla dzieci, zagadki dla dzieci 10-12 lat trudne, estera, kucyki pony kolorowanka, ferie warszawa 2022, pokemon kolorowanka, zaproszenie na urodziny dziecka do druku, cytaty o przyja\u017ani \u015bmieszne, magiczne drzewo czerwone krzes\u0142o test, kartki na dobranoc dla przyjaci\u00f3\u0142, janusz, zabawy z pi\u0142k\u0105 dla dzieci, jak narysowa\u0107 konia, gda\u0144sk atrakcje dla m\u0142odzie\u017cy<\/p>\n<p>yyyyy<\/p>\n<p>&nbsp;<\/p>\n","protected":false},"excerpt":{"rendered":"<p>Lekki, sk\u0142adany w\u00f3zek spacerowy w kolorze jasno szarymWytrzyma\u0142a i stabilna konstrukcja oraz sk\u0142adana budka to niekwestionowane atuty naszej spacer\u00f3wki, a dodatkowo:tylne ko\u0142a wyposa\u017cone w hamulecprzednie ko\u0142a obrotowe z mo\u017cliwo\u015bci\u0105 blokady do jazdy na wprostpi\u0119ciopunktowe, regulowane pasy bezpiecze\u0144stwa z mi\u0119kkimi nak\u0142adkami dla wygody Twojego dzieckapas kroczny &#8211; zabezpieczaj\u0105cy dziecko przed wysuni\u0119ciem si\u0119 z w\u00f3zkawygodny podn\u00f3\u017cekergonomiczne r\u0105czki [&hellip;]<\/p>\n","protected":false},"featured_media":5112,"comment_status":"closed","ping_status":"open","template":"","meta":[],"product_cat":[1299,71],"product_tag":[871,792,847,856],"class_list":["post-5111","product","type-product","status-publish","has-post-thumbnail","hentry","product_cat-kathay-haster","product_cat-wozki-spacerowe","product_tag-bajka-o-smoku-wawelskim","product_tag-cytaty-o-mamie","product_tag-kolorowanki-pokemon","product_tag-prezent-dla-16-latki"],"_links":{"self":[{"href":"http:\/\/klubmamgdynia.pl\/index.php\/wp-json\/wp\/v2\/product\/5111","targetHints":{"allow":["GET"]}}],"collection":[{"href":"http:\/\/klubmamgdynia.pl\/index.php\/wp-json\/wp\/v2\/product"}],"about":[{"href":"http:\/\/klubmamgdynia.pl\/index.php\/wp-json\/wp\/v2\/types\/product"}],"replies":[{"embeddable":true,"href":"http:\/\/klubmamgdynia.pl\/index.php\/wp-json\/wp\/v2\/comments?post=5111"}],"wp:featuredmedia":[{"embeddable":true,"href":"http:\/\/klubmamgdynia.pl\/index.php\/wp-json\/wp\/v2\/media\/5112"}],"wp:attachment":[{"href":"http:\/\/klubmamgdynia.pl\/index.php\/wp-json\/wp\/v2\/media?parent=5111"}],"wp:term":[{"taxonomy":"product_cat","embeddable":true,"href":"http:\/\/klubmamgdynia.pl\/index.php\/wp-json\/wp\/v2\/product_cat?post=5111"},{"taxonomy":"product_tag","embeddable":true,"href":"http:\/\/klubmamgdynia.pl\/index.php\/wp-json\/wp\/v2\/product_tag?post=5111"}],"curies":[{"name":"wp","href":"https:\/\/api.w.org\/{rel}","templated":true}]}}