{"id":5113,"date":"2012-06-18T20:56:02","date_gmt":"2012-06-18T18:56:02","guid":{"rendered":"http:\/\/klubmamgdynia.pl\/index.php\/produkt\/barbie-fashionistas-blondynka-rozowe-spineczki-fbr37-dft82-grb59\/"},"modified":"2026-04-30T19:12:21","modified_gmt":"2026-04-30T17:12:21","slug":"barbie-fashionistas-blondynka-rozowe-spineczki-fbr37-dft82-grb59","status":"publish","type":"product","link":"http:\/\/klubmamgdynia.pl\/index.php\/produkt\/barbie-fashionistas-blondynka-rozowe-spineczki-fbr37-dft82-grb59\/","title":{"rendered":"Barbie Fashionistas Blondynka, r\u00f3\u017cowe spineczki FBR37 DFT82 GRB59"},"content":{"rendered":"<p>Jeszcze wi\u0119ksza r\u00f3\u017cnorodno\u015b\u0107!<br \/>\nLalki Barbie Fashionistas odzwierciedlaj\u0105 r\u00f3\u017cnorodno\u015b\u0107 \u015bwiata, daj\u0105c dzieciom niesko\u0144czone mo\u017cliwo\u015bci opowiadania w\u0142asnych historii i wyra\u017cania swojego stylu.                            <\/p>\n<p>JESTE\u015aMY Barbie!\u00a0Ka\u017cda lalka jest wyj\u0105tkowa!<br \/>\nKa\u017cda lalka z linii Fashionistas ma inn\u0105 sylwetk\u0119, kolor oczu i w\u0142os\u00f3w, fryzur\u0119, odcie\u0144 sk\u00f3ry i modne ubranie dopasowane do swojego stylu.                            <\/p>\n<p>W\u015br\u00f3d r\u00f3\u017cnorodnych styl\u00f3w ubranek znajduj\u0105 si\u0119 i klasyczne wzory, i nowoczesne trendy.                            <\/p>\n<p>Lalki maj\u0105 r\u00f3\u017cne fryzury oraz kolory, d\u0142ugo\u015bci i faktury w\u0142os\u00f3w.                            <\/p>\n<p>Akcesoria uzupe\u0142niaj\u0105 wyj\u0105tkow\u0105 stylizacj\u0119 ka\u017cdej lalki. Opowiedz histori\u0119 do ko\u0144ca i podkre\u015bl sw\u00f3j styl.                            <\/p>\n<p>Mo\u017cesz by\u0107 kim chcesz!<br \/>\nDzieci mog\u0105 odgrywa\u0107 r\u00f3\u017cnorodne scenki \u2013 od codziennych po zupe\u0142nie niezwyk\u0142e \u2013 bo gdy bawi\u0105 si\u0119 Barbie, mog\u0105 by\u0107, kim chc\u0105!<\/p>\n<h2>Barbie Fashionistas Blondynka, r\u00f3\u017cowe spineczki FBR37 DFT82 GRB59 Barbie<\/h2>\n<p>traktor z przyczep\u0105 kolorowanka do druku, prezenty na roczek, kolorowanka do druku super zings, gry planszowe dla nastolatk\u00f3w, zemsta test wiedzy, kolorowanki do wydruku postacie z bajek, imi\u0119 nadia, m\u0105dre cytaty dla dzieci, maly kotek kotek kolorowanka, rysunki \u0142atwe, test z dzieci z bullerbyn, kwiaty polne nazwy i zdj\u0119cia, kolorowanki patriotyczne symbole narodowe kolorowanka, bajki dla dzieci czytane, nietypowe imiona, test z dynastii mizio\u0142k\u00f3w<\/p>\n<p>yyyyy<\/p>\n<p>&nbsp;<\/p>\n","protected":false},"excerpt":{"rendered":"<p>Jeszcze wi\u0119ksza r\u00f3\u017cnorodno\u015b\u0107! Lalki Barbie Fashionistas odzwierciedlaj\u0105 r\u00f3\u017cnorodno\u015b\u0107 \u015bwiata, daj\u0105c dzieciom niesko\u0144czone mo\u017cliwo\u015bci opowiadania w\u0142asnych historii i wyra\u017cania swojego stylu. JESTE\u015aMY Barbie!\u00a0Ka\u017cda lalka jest wyj\u0105tkowa! Ka\u017cda lalka z linii Fashionistas ma inn\u0105 sylwetk\u0119, kolor oczu i w\u0142os\u00f3w, fryzur\u0119, odcie\u0144 sk\u00f3ry i modne ubranie dopasowane do swojego stylu. W\u015br\u00f3d r\u00f3\u017cnorodnych styl\u00f3w ubranek znajduj\u0105 si\u0119 i klasyczne [&hellip;]<\/p>\n","protected":false},"featured_media":5114,"comment_status":"closed","ping_status":"open","template":"","meta":[],"product_cat":[173,65],"product_tag":[668,590,857],"class_list":["post-5113","product","type-product","status-publish","has-post-thumbnail","hentry","product_cat-barbie","product_cat-lalki","product_tag-atrakcje-dla-dzieci-wroclaw","product_tag-plac-zabaw-warszawa","product_tag-zagadki-dla-dzieci-7-8-lat"],"_links":{"self":[{"href":"http:\/\/klubmamgdynia.pl\/index.php\/wp-json\/wp\/v2\/product\/5113","targetHints":{"allow":["GET"]}}],"collection":[{"href":"http:\/\/klubmamgdynia.pl\/index.php\/wp-json\/wp\/v2\/product"}],"about":[{"href":"http:\/\/klubmamgdynia.pl\/index.php\/wp-json\/wp\/v2\/types\/product"}],"replies":[{"embeddable":true,"href":"http:\/\/klubmamgdynia.pl\/index.php\/wp-json\/wp\/v2\/comments?post=5113"}],"wp:featuredmedia":[{"embeddable":true,"href":"http:\/\/klubmamgdynia.pl\/index.php\/wp-json\/wp\/v2\/media\/5114"}],"wp:attachment":[{"href":"http:\/\/klubmamgdynia.pl\/index.php\/wp-json\/wp\/v2\/media?parent=5113"}],"wp:term":[{"taxonomy":"product_cat","embeddable":true,"href":"http:\/\/klubmamgdynia.pl\/index.php\/wp-json\/wp\/v2\/product_cat?post=5113"},{"taxonomy":"product_tag","embeddable":true,"href":"http:\/\/klubmamgdynia.pl\/index.php\/wp-json\/wp\/v2\/product_tag?post=5113"}],"curies":[{"name":"wp","href":"https:\/\/api.w.org\/{rel}","templated":true}]}}