{"id":5117,"date":"2018-09-17T13:27:13","date_gmt":"2018-09-17T11:27:13","guid":{"rendered":"http:\/\/klubmamgdynia.pl\/index.php\/produkt\/dromader-straz-pozarna-woz-strazacki-z-podnosnikiem-303el-130-92893\/"},"modified":"2026-04-30T08:23:25","modified_gmt":"2026-04-30T06:23:25","slug":"dromader-straz-pozarna-woz-strazacki-z-podnosnikiem-303el-130-92893","status":"publish","type":"product","link":"http:\/\/klubmamgdynia.pl\/index.php\/produkt\/dromader-straz-pozarna-woz-strazacki-z-podnosnikiem-303el-130-92893\/","title":{"rendered":"Dromader Stra\u017c po\u017carna W\u00f3z stra\u017cacki z podno\u015bnikiem 303el. (130-92893)"},"content":{"rendered":"<p>Zestaw klock\u00f3w firmy DROMADERKlocki to idealna zabawka dla ka\u017cdego dziecka. Du\u017ca ilo\u015b\u0107 r\u00f3\u017cnorodnych element\u00f3w zapewni dziecku wielogodzinn\u0105 zabaw\u0119 w budowanie coraz to wymy\u015blniejszych form. Klocki wykonane zosta\u0142y z solidnych materia\u0142\u00f3w bezpiecznych dla dzieci.Budowanie z klock\u00f3w pomaga dziecku:rozwija\u0107 kreatywno\u015b\u0107, \u0107wiczy\u0107 zdolno\u015bci manualne,uczy\u0107 si\u0119 wsp\u00f3\u0142dzia\u0142ania, rozwija\u0107 koncentracj\u0119,udoskonala\u0107 my\u015blenie przestrzenne i wyobra\u017ani\u0119.Pi\u0119knie zaprojektowane i starannie wykonane zestawy klock\u00f3w przyci\u0105gn\u0105 uwag\u0119 nie tylko dziecka, ale i doros\u0142ego. S\u0105 to klocki bezpieczne i \u0142atwe w monta\u017cu &#8211; ka\u017cde dziecko samodzielnie b\u0119dzie mog\u0142o zbudowa\u0107 sw\u00f3j w\u0142asny, fascynuj\u0105cy \u015bwiat. Wielko\u015b\u0107 klock\u00f3w pozwala na bezproblemowe \u0142\u0105czenie ich z innymi markowymi klockami.<\/p>\n<h2>Dromader Stra\u017c po\u017carna W\u00f3z stra\u017cacki z podno\u015bnikiem 303el. (130-92893) Dromader<\/h2>\n<p>bajki do czytania psi patrol, zabawy tematyczne przyk\u0142ady, gry i zabawy dla dzieci, trudne zagadki na inteligencj\u0119, kolorowanki kotki do druku, szablony do wyklejania plastelin\u0105, quiz opowie\u015bci z narnii, list do gwiazdora, karaluchy pod poduchy, test z lektury felix net i nika oraz gang niewidzialnych ludzi, jak narysowa\u0107 psa, zaj\u0105czek z jajka ugotowanego, test miko\u0142ajek, dyplomy do wydrukowania a4, proste zagadki, lamiglowki slowne, po\u0142\u0105cz kropki do druku<\/p>\n<p>yyyyy<\/p>\n<p>&nbsp;<\/p>\n","protected":false},"excerpt":{"rendered":"<p>Zestaw klock\u00f3w firmy DROMADERKlocki to idealna zabawka dla ka\u017cdego dziecka. Du\u017ca ilo\u015b\u0107 r\u00f3\u017cnorodnych element\u00f3w zapewni dziecku wielogodzinn\u0105 zabaw\u0119 w budowanie coraz to wymy\u015blniejszych form. Klocki wykonane zosta\u0142y z solidnych materia\u0142\u00f3w bezpiecznych dla dzieci.Budowanie z klock\u00f3w pomaga dziecku:rozwija\u0107 kreatywno\u015b\u0107, \u0107wiczy\u0107 zdolno\u015bci manualne,uczy\u0107 si\u0119 wsp\u00f3\u0142dzia\u0142ania, rozwija\u0107 koncentracj\u0119,udoskonala\u0107 my\u015blenie przestrzenne i wyobra\u017ani\u0119.Pi\u0119knie zaprojektowane i starannie wykonane zestawy klock\u00f3w [&hellip;]<\/p>\n","protected":false},"featured_media":5118,"comment_status":"closed","ping_status":"open","template":"","meta":[],"product_cat":[60,113],"product_tag":[722,720,795,866,632],"class_list":["post-5117","product","type-product","status-publish","has-post-thumbnail","hentry","product_cat-dromader","product_cat-klocki","product_tag-cytaty-o-przyjazni","product_tag-malowanki","product_tag-mini-zoo-warszawa","product_tag-opis-do-zdjecia-dziecka-na-fb","product_tag-warszawa-atrakcje-dla-mlodziezy"],"_links":{"self":[{"href":"http:\/\/klubmamgdynia.pl\/index.php\/wp-json\/wp\/v2\/product\/5117","targetHints":{"allow":["GET"]}}],"collection":[{"href":"http:\/\/klubmamgdynia.pl\/index.php\/wp-json\/wp\/v2\/product"}],"about":[{"href":"http:\/\/klubmamgdynia.pl\/index.php\/wp-json\/wp\/v2\/types\/product"}],"replies":[{"embeddable":true,"href":"http:\/\/klubmamgdynia.pl\/index.php\/wp-json\/wp\/v2\/comments?post=5117"}],"wp:featuredmedia":[{"embeddable":true,"href":"http:\/\/klubmamgdynia.pl\/index.php\/wp-json\/wp\/v2\/media\/5118"}],"wp:attachment":[{"href":"http:\/\/klubmamgdynia.pl\/index.php\/wp-json\/wp\/v2\/media?parent=5117"}],"wp:term":[{"taxonomy":"product_cat","embeddable":true,"href":"http:\/\/klubmamgdynia.pl\/index.php\/wp-json\/wp\/v2\/product_cat?post=5117"},{"taxonomy":"product_tag","embeddable":true,"href":"http:\/\/klubmamgdynia.pl\/index.php\/wp-json\/wp\/v2\/product_tag?post=5117"}],"curies":[{"name":"wp","href":"https:\/\/api.w.org\/{rel}","templated":true}]}}