{"id":5119,"date":"2014-11-13T22:28:41","date_gmt":"2014-11-13T21:28:41","guid":{"rendered":"http:\/\/klubmamgdynia.pl\/index.php\/produkt\/tulilo-milus-szop-25cm\/"},"modified":"2026-05-17T22:12:47","modified_gmt":"2026-05-17T20:12:47","slug":"tulilo-milus-szop-25cm","status":"publish","type":"product","link":"http:\/\/klubmamgdynia.pl\/index.php\/produkt\/tulilo-milus-szop-25cm\/","title":{"rendered":"Tulilo Milu\u015b Szop 25Cm"},"content":{"rendered":"<p>Milu\u015b szop 25cm To doskona\u0142a zabawka w delikatnym kolorze. Wykonana z mi\u0142ych, delikatnych materia\u0142\u00f3w i jest bezpieczna dla dzieci&#8230;.<\/p>\n<h2>Tulilo Milu\u015b Szop 25Cm Tulilo<\/h2>\n<p>planety uk\u0142ad s\u0142oneczny dla dzieci do druku, kuba imi\u0119, w\u0119gierska g\u00f3rka, bruno, posz\u0142a ola na spacerek, lol surprise kolorowanka, sonia imi\u0119, testy na znaki drogowe, quizy ma\u0142y ksi\u0105\u017c\u0119, rzadkie imiona dla dziewczynek, fabian<\/p>\n<p>yyyyy<\/p>\n<p>&nbsp;<\/p>\n","protected":false},"excerpt":{"rendered":"<p>Milu\u015b szop 25cm To doskona\u0142a zabawka w delikatnym kolorze. Wykonana z mi\u0142ych, delikatnych materia\u0142\u00f3w i jest bezpieczna dla dzieci&#8230;. Tulilo Milu\u015b Szop 25Cm Tulilo planety uk\u0142ad s\u0142oneczny dla dzieci do druku, kuba imi\u0119, w\u0119gierska g\u00f3rka, bruno, posz\u0142a ola na spacerek, lol surprise kolorowanka, sonia imi\u0119, testy na znaki drogowe, quizy ma\u0142y ksi\u0105\u017c\u0119, rzadkie imiona dla [&hellip;]<\/p>\n","protected":false},"featured_media":5120,"comment_status":"closed","ping_status":"open","template":"","meta":[],"product_cat":[1301,26],"product_tag":[816,703,576,849],"class_list":["post-5119","product","type-product","status-publish","has-post-thumbnail","hentry","product_cat-tulilo","product_cat-zabawki-do-wozka-lozeczka-i-fotelika","product_tag-place-zabaw-warszawa","product_tag-prezent-dla-nastolatki","product_tag-trudne-zagadki","product_tag-zagadki-matematyczne-dla-dzieci"],"_links":{"self":[{"href":"http:\/\/klubmamgdynia.pl\/index.php\/wp-json\/wp\/v2\/product\/5119","targetHints":{"allow":["GET"]}}],"collection":[{"href":"http:\/\/klubmamgdynia.pl\/index.php\/wp-json\/wp\/v2\/product"}],"about":[{"href":"http:\/\/klubmamgdynia.pl\/index.php\/wp-json\/wp\/v2\/types\/product"}],"replies":[{"embeddable":true,"href":"http:\/\/klubmamgdynia.pl\/index.php\/wp-json\/wp\/v2\/comments?post=5119"}],"wp:featuredmedia":[{"embeddable":true,"href":"http:\/\/klubmamgdynia.pl\/index.php\/wp-json\/wp\/v2\/media\/5120"}],"wp:attachment":[{"href":"http:\/\/klubmamgdynia.pl\/index.php\/wp-json\/wp\/v2\/media?parent=5119"}],"wp:term":[{"taxonomy":"product_cat","embeddable":true,"href":"http:\/\/klubmamgdynia.pl\/index.php\/wp-json\/wp\/v2\/product_cat?post=5119"},{"taxonomy":"product_tag","embeddable":true,"href":"http:\/\/klubmamgdynia.pl\/index.php\/wp-json\/wp\/v2\/product_tag?post=5119"}],"curies":[{"name":"wp","href":"https:\/\/api.w.org\/{rel}","templated":true}]}}