{"id":5121,"date":"2013-06-21T00:08:03","date_gmt":"2013-06-20T22:08:03","guid":{"rendered":"http:\/\/klubmamgdynia.pl\/index.php\/produkt\/chicco-poduszka-do-karmienia-boppy-royal-edition-princess\/"},"modified":"2026-04-04T20:25:41","modified_gmt":"2026-04-04T18:25:41","slug":"chicco-poduszka-do-karmienia-boppy-royal-edition-princess","status":"publish","type":"product","link":"http:\/\/klubmamgdynia.pl\/index.php\/produkt\/chicco-poduszka-do-karmienia-boppy-royal-edition-princess\/","title":{"rendered":"Chicco Poduszka Do Karmienia Boppy Royal Edition Princess"},"content":{"rendered":"<p>Poduszka do karmienia Boppy Royal Edition Chicco zapewnia stabilne oparcie karmionego dziecka, z kolei mamie pozwala na odci\u0105\u017cenie mi\u0119\u015bni r\u0105k, szyi i ramion. Wraz z rozwojem dziecka [poduszka Chicco](\/chicco\/), zwana tak\u017ce ro\u017ckiem lub rogalem do karmienia, b\u0119dzie mog\u0142a pe\u0142ni\u0107 tak\u017ce inne, przydatne funkcje.[Poduszka do karmienia Boppy Royal Edition Chicco][poduszka dla mamy karmi\u0105cej]Gdy maluszek osi\u0105gnie oko\u0142o 3 miesi\u0105c \u017cycia, poduszka Boppy Chicco sprawdzi si\u0119 jako przytulne gniazdko podczas codziennej aktywno\u015bci oraz podparcie podczas le\u017cenia na brzuszku. Kiedy dziecko wejdzie w faz\u0119 nauki siadania, [poduszka](\/659-poduszki-dla-kobiet-w-ciazy-i-do-karmienia : ) b\u0119dzie stanowi\u0107 bezpieczne oparcie.[poduszka dla niemowlaka][poduszka do le\u017cenia na brzuszku]Kszta\u0142t poduszki Boppy Chicco zosta\u0142 zaprojektowany w taki spos\u00f3b, by dopasowywa\u0107 si\u0119 optymalnie do cia\u0142a mamy. Poduszka b\u0119dzie pasowa\u0107 dla os\u00f3b o talii w rozmiarze S, M i L.We wn\u0119trzu poduszki Boppy Chicco umieszczono wk\u0142ad \u201eInsert Miracle Middle\u201d, kt\u00f3ry cechuje si\u0119 mi\u0119kko\u015bci\u0105 i elastyczno\u015bci\u0105, a jednocze\u015bnie zapewnia odpowiedni\u0105 zwarto\u015b\u0107 i brak ryzyka zapadania si\u0119. Poduszka nawet po d\u0142ugotrwa\u0142ym u\u017cytkowaniu zachowuje sw\u00f3j pierwotny kszta\u0142t.[poduszka chicco z wype\u0142nieniem][poduszka zdejmowany pokrowiec]Poszewk\u0119 poduszki stanowi wysokiej jako\u015bci mi\u0119kki materia\u0142, ozdobiony motywem kr\u00f3lewskim. Poszewk\u0119 mo\u017cna pra\u0107 w pralce, w 30 stopniach Celsjusza, podobnie jak i wype\u0142nienie.[wype\u0142nienie poduszki chicco][spr\u0119\u017cyste wype\u0142nienie boppy chicco]Wiek dziecka: 0 +Wymiary opakowania: 48.5 x 41.5 x 16 cmOpakowanie stanowi element produktu.Uwaga! Zdj\u0119cia prezentowane w opisie maj\u0105 charakter pogl\u0105dowy. Rzeczywista kolorystyka i wz\u00f3r oferowanego produktu znajduje si\u0119 na zdj\u0119ciu g\u0142\u00f3wnym karty produktu.<\/p>\n<h2>Chicco Poduszka Do Karmienia Boppy Royal Edition Princess Chicco<\/h2>\n<p>uk\u0142ad s\u0142oneczny dla dzieci do druku, \u015bwinka peppa bajki do czytania, lol kolorowanka, urodziny dziecka pomys\u0142y, prezent dla 7 latka ch\u0142opca, dzieci cytaty, karty pracy do druku za darmo, \u015bmieszne kanapki kanapki dla dzieci, jak narysowa\u0107 psa, estera, kolorowanki \u015bwi\u0119to niepodleg\u0142o\u015bci do druku<\/p>\n<p>yyyyy<\/p>\n<p>&nbsp;<\/p>\n","protected":false},"excerpt":{"rendered":"<p>Poduszka do karmienia Boppy Royal Edition Chicco zapewnia stabilne oparcie karmionego dziecka, z kolei mamie pozwala na odci\u0105\u017cenie mi\u0119\u015bni r\u0105k, szyi i ramion. Wraz z rozwojem dziecka [poduszka Chicco](\/chicco\/), zwana tak\u017ce ro\u017ckiem lub rogalem do karmienia, b\u0119dzie mog\u0142a pe\u0142ni\u0107 tak\u017ce inne, przydatne funkcje.[Poduszka do karmienia Boppy Royal Edition Chicco][poduszka dla mamy karmi\u0105cej]Gdy maluszek osi\u0105gnie oko\u0142o [&hellip;]<\/p>\n","protected":false},"featured_media":5122,"comment_status":"closed","ping_status":"open","template":"","meta":[],"product_cat":[312,1302],"product_tag":[753,617,812],"class_list":["post-5121","product","type-product","status-publish","has-post-thumbnail","hentry","product_cat-chicco","product_cat-poduszki-do-spania-i-karmienia","product_tag-kamila","product_tag-keyword","product_tag-zagadki-logiczne-na-inteligencje"],"_links":{"self":[{"href":"http:\/\/klubmamgdynia.pl\/index.php\/wp-json\/wp\/v2\/product\/5121","targetHints":{"allow":["GET"]}}],"collection":[{"href":"http:\/\/klubmamgdynia.pl\/index.php\/wp-json\/wp\/v2\/product"}],"about":[{"href":"http:\/\/klubmamgdynia.pl\/index.php\/wp-json\/wp\/v2\/types\/product"}],"replies":[{"embeddable":true,"href":"http:\/\/klubmamgdynia.pl\/index.php\/wp-json\/wp\/v2\/comments?post=5121"}],"wp:featuredmedia":[{"embeddable":true,"href":"http:\/\/klubmamgdynia.pl\/index.php\/wp-json\/wp\/v2\/media\/5122"}],"wp:attachment":[{"href":"http:\/\/klubmamgdynia.pl\/index.php\/wp-json\/wp\/v2\/media?parent=5121"}],"wp:term":[{"taxonomy":"product_cat","embeddable":true,"href":"http:\/\/klubmamgdynia.pl\/index.php\/wp-json\/wp\/v2\/product_cat?post=5121"},{"taxonomy":"product_tag","embeddable":true,"href":"http:\/\/klubmamgdynia.pl\/index.php\/wp-json\/wp\/v2\/product_tag?post=5121"}],"curies":[{"name":"wp","href":"https:\/\/api.w.org\/{rel}","templated":true}]}}