{"id":5125,"date":"2025-06-30T07:56:45","date_gmt":"2025-06-30T05:56:45","guid":{"rendered":"http:\/\/klubmamgdynia.pl\/?post_type=product&#038;p=5125"},"modified":"2026-04-21T01:01:46","modified_gmt":"2026-04-20T23:01:46","slug":"zestaw-narzedzi-zabawka-dla-dzieci-skrzynia-15el-zabawka","status":"publish","type":"product","link":"http:\/\/klubmamgdynia.pl\/index.php\/produkt\/zestaw-narzedzi-zabawka-dla-dzieci-skrzynia-15el-zabawka\/","title":{"rendered":"Zestaw Narz\u0119dzi Zabawka Dla Dzieci Skrzynia 15El &#8211; Zabawka"},"content":{"rendered":"<p>Zabawka zestaw narz\u0119dzi 15 element\u00f3w Eddy Toys kolor b\u0142\u0119kitnyKOD PRODUKTU: E-05264_15PRODUCENT: EDCOMateria\u0142: tworzywo sztuczneKomplet 15 element\u00f3w:Ruchoma pi\u0142aOkulary ochronnePoziomnicaKombinerki\u015arubokr\u0119t p\u0142askiM\u0142otekGrzechotkaDwie deseczki z otworamiDwie nasadkiDwie \u015bruby i dwie nakr\u0119tkiKolor: b\u0142\u0119kitnyDla dzieci od 3 roku \u017cyciaZestaw narz\u0119dzi firmy Eddy Toys, wykonany z wysokiej jako\u015bci tworzywa sztucznego w kolorze b\u0142\u0119kitnym. Komplet si\u0119 sk\u0142ada z 15 element\u00f3w: okulary,pi\u0142a, m\u0142otek, kombinerki, \u015brubokr\u0119t p\u0142aski, grzechotka z dwiema nasadkami, dwie \u015bruby z dwiema nakr\u0119tkami, dwie deseczki z otworami na \u015bruby oraz poziomnica. Dzi\u0119ki takiemu zaopatrzeniu dziecko si\u0119 stanie prawdziwym pracownikiem budowlanym, co ma rozwin\u0105\u0107 dzieci\u0119c\u0105wyobra\u017ani\u0119 i kreatywno\u015b\u0107. Zostanie za\u0142o\u017cy\u0107 okulary, wzi\u0105\u0107 do lewej r\u0119ki m\u0142otek a do prawej ruchom\u0105 pi\u0142\u0119, \u017ceby si\u0119 wcieli\u0107 w rol\u0119 mistrza pi\u0142owania, stolarstwa lub wiercenia. Idealna zabawka dla dzieci od 3 roku \u017cycia. Doskonale nadaje si\u0119 do gry w piaskownicy, ogrodzie czy w domu. \u015awietny prezent na ka\u017cd\u0105 okazj\u0119.Kolor produktu i jego odcie\u0144 mog\u0105 r\u00f3\u017cni\u0107 si\u0119 w zale\u017cno\u015bci od ustawienia monitora.Inne wzory, kolory i rozmiary dost\u0119pne s\u0105 na osobnych aukcjach.<\/p>\n<h2>Zestaw Narz\u0119dzi Zabawka Dla Dzieci Skrzynia 15El &#8211; Zabawka Edco<\/h2>\n<p>smok wawelski kolorowanka, pomysl na prezent na roczek, obrazki do druku, cytaty ma\u0142y ksi\u0105\u017ce, cytaty dla mamy od c\u00f3rki, kolorowanki do druku dla doros\u0142ych, irma, dobranoc zimowo, quiz bo\u017ce narodzenie, szablon krokus kolorowanka, atrakcje we wroc\u0142awiu dla dzieci, cytaty o dzieciach, kolorowanka lato, zagadki \u015bwi\u0105teczne dla dzieci, kolorowanki do druku dla dziewczyn, kolorowanka kotka, zagadki zimowe dla dzieci, kawaly na prima aprilis<\/p>\n<p>yyyyy<\/p>\n<p>&nbsp;<\/p>\n","protected":false},"excerpt":{"rendered":"<p>Zabawka zestaw narz\u0119dzi 15 element\u00f3w Eddy Toys kolor b\u0142\u0119kitnyKOD PRODUKTU: E-05264_15PRODUCENT: EDCOMateria\u0142: tworzywo sztuczneKomplet 15 element\u00f3w:Ruchoma pi\u0142aOkulary ochronnePoziomnicaKombinerki\u015arubokr\u0119t p\u0142askiM\u0142otekGrzechotkaDwie deseczki z otworamiDwie nasadkiDwie \u015bruby i dwie nakr\u0119tkiKolor: b\u0142\u0119kitnyDla dzieci od 3 roku \u017cyciaZestaw narz\u0119dzi firmy Eddy Toys, wykonany z wysokiej jako\u015bci tworzywa sztucznego w kolorze b\u0142\u0119kitnym. Komplet si\u0119 sk\u0142ada z 15 element\u00f3w: okulary,pi\u0142a, m\u0142otek, kombinerki, [&hellip;]<\/p>\n","protected":false},"featured_media":5126,"comment_status":"closed","ping_status":"open","template":"","meta":[],"product_cat":[380,53],"product_tag":[831,859,769],"class_list":["post-5125","product","type-product","status-publish","has-post-thumbnail","hentry","product_cat-edco","product_cat-kaciki-zabaw","product_tag-bruno","product_tag-dobranoc-pchly-na-noc","product_tag-psi-patrol-do-czytania"],"_links":{"self":[{"href":"http:\/\/klubmamgdynia.pl\/index.php\/wp-json\/wp\/v2\/product\/5125","targetHints":{"allow":["GET"]}}],"collection":[{"href":"http:\/\/klubmamgdynia.pl\/index.php\/wp-json\/wp\/v2\/product"}],"about":[{"href":"http:\/\/klubmamgdynia.pl\/index.php\/wp-json\/wp\/v2\/types\/product"}],"replies":[{"embeddable":true,"href":"http:\/\/klubmamgdynia.pl\/index.php\/wp-json\/wp\/v2\/comments?post=5125"}],"wp:featuredmedia":[{"embeddable":true,"href":"http:\/\/klubmamgdynia.pl\/index.php\/wp-json\/wp\/v2\/media\/5126"}],"wp:attachment":[{"href":"http:\/\/klubmamgdynia.pl\/index.php\/wp-json\/wp\/v2\/media?parent=5125"}],"wp:term":[{"taxonomy":"product_cat","embeddable":true,"href":"http:\/\/klubmamgdynia.pl\/index.php\/wp-json\/wp\/v2\/product_cat?post=5125"},{"taxonomy":"product_tag","embeddable":true,"href":"http:\/\/klubmamgdynia.pl\/index.php\/wp-json\/wp\/v2\/product_tag?post=5125"}],"curies":[{"name":"wp","href":"https:\/\/api.w.org\/{rel}","templated":true}]}}