{"id":5127,"date":"2020-12-17T17:28:06","date_gmt":"2020-12-17T16:28:06","guid":{"rendered":"http:\/\/klubmamgdynia.pl\/index.php\/produkt\/wiata-granit-300x500cm-zadaszenie-przezroczyste\/"},"modified":"2026-04-22T23:51:31","modified_gmt":"2026-04-22T21:51:31","slug":"wiata-granit-300x500cm-zadaszenie-przezroczyste","status":"publish","type":"product","link":"http:\/\/klubmamgdynia.pl\/index.php\/produkt\/wiata-granit-300x500cm-zadaszenie-przezroczyste\/","title":{"rendered":"Wiata Granit 300X500Cm + Zadaszenie Przezroczyste"},"content":{"rendered":"<p>Wiata | Gara\u017cowa Granit I 300 x 500 cm (S\u0142upek 210cm) z dachem PVCWiata gara\u017cowa GRANIT spe\u0142nia wszystkie podstawowe funkcje wiat gara\u017cowych. Jest to prosta i funkcjonalna konstrukcja na s\u0142upach 9 x 9 x 210 cm. Ka\u017cdy element drewniany jest zabezpieczony dzi\u0119ki impregnacji ci\u015bnieniowej. Konstrukcja dachu pokryta jest przezroczyst\u0105 p\u0142yt\u0105 PVC.ZaletyNajwy\u017csza jako\u015b\u0107 struganiaFabrycznie kontrolowana dok\u0142adno\u015b\u0107 dopasowaniaSurowiec naturalny i odnawialnyWiata \u0142atwa do samodzielnego monta\u017cuSolidna konstrukcja z impregnowanego ci\u015bnieniowo drewna sosnowego.W zestawie znajduje si\u0119Konstrukcja drewniana wiaty wykonana ze struganego i impregnowanego ci\u015bnieniowo drewna sosnowegoPokrycie dachu p\u0142yt\u0105 PVCKomplet oku\u0107 do z\u0142o\u017cenia wiatyInstrukcja monta\u017cuElementy nie zawarte w zestawieKotwy mocuj\u0105ce do pod\u0142o\u017ca\u015aruby 6-k\u0105tne do kotewDane techniczneWymiary po dachu: 300 x 500 cmWymiary pod\u0142o\u017ca po s\u0142upach: 274 x 420 cmWysoko\u015b\u0107 ca\u0142kowita: 220 cmMinimalna wysoko\u015b\u0107 dachu wewn\u0105trz: 210 cmPrzekr\u00f3j s\u0142upk\u00f3w: 9 x 9 cmWysoko\u015b\u0107 s\u0142upk\u00f3w: 210 cmGatunek drewna: SosnaImpregnacja: Ci\u015bnieniowa w kolorze oliwkowo-zielonymPokrycie dachu: 6 arkuszy transparentnej p\u0142yty PVCGrubo\u015b\u0107 p\u0142yty PVC: 0,7 mmUWAGA! Zdj\u0119cia pogl\u0105dowe.Drewno jest impregnowane ci\u015bnieniowo na kolor oliwkowo-zielony.UWAGA!Elementy drewniane s\u0105 wykonane z mokrego drewna sosnowego impregnowanego ci\u015bnieniowo, zalecamy chroni\u0107 niez\u0142o\u017cone elementy przed nadmiernym s\u0142o\u0144cem.WADY DOPUSZCZALNEWi\u0119cej informacji w poradniku w zak\u0142adce Dodatkowe informacje pod ofert\u0105.<\/p>\n<h2>Wiata Granit 300X500Cm + Zadaszenie Przezroczyste Inny<\/h2>\n<p>opisy o dziecku, natan imi\u0119, j\u0119zyk polski dla dzieci z ukrainy, zagadki dla dzieci 7 lat, swinka peppa do czytania, malowanki \u015bwi\u0105teczne<\/p>\n<p>yyyyy<\/p>\n<p>&nbsp;<\/p>\n","protected":false},"excerpt":{"rendered":"<p>Wiata | Gara\u017cowa Granit I 300 x 500 cm (S\u0142upek 210cm) z dachem PVCWiata gara\u017cowa GRANIT spe\u0142nia wszystkie podstawowe funkcje wiat gara\u017cowych. Jest to prosta i funkcjonalna konstrukcja na s\u0142upach 9 x 9 x 210 cm. Ka\u017cdy element drewniany jest zabezpieczony dzi\u0119ki impregnacji ci\u015bnieniowej. Konstrukcja dachu pokryta jest przezroczyst\u0105 p\u0142yt\u0105 PVC.ZaletyNajwy\u017csza jako\u015b\u0107 struganiaFabrycznie kontrolowana dok\u0142adno\u015b\u0107 [&hellip;]<\/p>\n","protected":false},"featured_media":5128,"comment_status":"closed","ping_status":"open","template":"","meta":[],"product_cat":[169,1041],"product_tag":[825,739,597],"class_list":["post-5127","product","type-product","status-publish","has-post-thumbnail","hentry","product_cat-inny","product_cat-pawilony-altanki-i-domki","product_tag-bajka-na-dobranoc-do-czytania","product_tag-prima-aprilis-w-szkole","product_tag-zagadki-o-zimie"],"_links":{"self":[{"href":"http:\/\/klubmamgdynia.pl\/index.php\/wp-json\/wp\/v2\/product\/5127","targetHints":{"allow":["GET"]}}],"collection":[{"href":"http:\/\/klubmamgdynia.pl\/index.php\/wp-json\/wp\/v2\/product"}],"about":[{"href":"http:\/\/klubmamgdynia.pl\/index.php\/wp-json\/wp\/v2\/types\/product"}],"replies":[{"embeddable":true,"href":"http:\/\/klubmamgdynia.pl\/index.php\/wp-json\/wp\/v2\/comments?post=5127"}],"wp:featuredmedia":[{"embeddable":true,"href":"http:\/\/klubmamgdynia.pl\/index.php\/wp-json\/wp\/v2\/media\/5128"}],"wp:attachment":[{"href":"http:\/\/klubmamgdynia.pl\/index.php\/wp-json\/wp\/v2\/media?parent=5127"}],"wp:term":[{"taxonomy":"product_cat","embeddable":true,"href":"http:\/\/klubmamgdynia.pl\/index.php\/wp-json\/wp\/v2\/product_cat?post=5127"},{"taxonomy":"product_tag","embeddable":true,"href":"http:\/\/klubmamgdynia.pl\/index.php\/wp-json\/wp\/v2\/product_tag?post=5127"}],"curies":[{"name":"wp","href":"https:\/\/api.w.org\/{rel}","templated":true}]}}