{"id":5129,"date":"2022-12-22T13:23:41","date_gmt":"2022-12-22T12:23:41","guid":{"rendered":"http:\/\/klubmamgdynia.pl\/?post_type=product&#038;p=5129"},"modified":"2026-04-23T12:35:07","modified_gmt":"2026-04-23T10:35:07","slug":"wielofunkcyjny-przybornik-organizer-do-lozeczka-xxl-szary","status":"publish","type":"product","link":"http:\/\/klubmamgdynia.pl\/index.php\/produkt\/wielofunkcyjny-przybornik-organizer-do-lozeczka-xxl-szary\/","title":{"rendered":"Wielofunkcyjny Przybornik Organizer Do \u0141\u00f3\u017ceczka Xxl Szary"},"content":{"rendered":"<p>Wielofunkcyjny przybornik, organizer do \u0142\u00f3\u017ceczka XXL &#8211; szary Wielofunkcyjny przybornik do \u0142\u00f3\u017ceczka stworzony jest do przechowywania produkt\u00f3w do piel\u0119gnacji niemowl\u0105t, pieluch, chusteczek, ubranek, butelek, smoczk\u00f3w, oraz innych akcesori\u00f3w niemowl\u0119cych. Dzi\u0119ki naszemu organizerowi wszystkie potrzebne produktu mo\u017cesz mie\u0107 pod r\u0119k\u0105 ! Organizer do \u0142\u00f3\u017ceczka zdecydowanie u\u0142atwi utrzymanie porz\u0105dku wok\u00f3\u0142 \u0142\u00f3\u017ceczka oraz usprawni codzienn\u0105 opiek\u0119 nad maluszkiem. Kluczowe zalety produktu: * posiada schowek z zamkiem b\u0142yskawicznym w kt\u00f3rym mo\u017cna przechowywa\u0107 pieluszki, * posiada kieszonki i p\u00f3\u0142ki na akcesoria dzieci\u0119ce, * uniwersalny &#8211; mo\u017cliwo\u015b\u0107 zawieszenie go razem b\u0105d\u017a w 3 osobnych cz\u0119\u015bciach np. w garderobie, szafie, itp., * pi\u0119kna kolorystyka idealnie wpasuje si\u0119 do dzieci\u0119cego pokoju, * posiada siatk\u0119 do przechowywania drobnych element\u00f3w, * bardzo prosty w monta\u017cu, * wielofunkcyjny &#8211; mo\u017cliwo\u015b\u0107 przywieszenia do \u0142\u00f3\u017ceczka, w szafie, na drzwiach, itp.<\/p>\n<h2>Wielofunkcyjny Przybornik Organizer Do \u0141\u00f3\u017ceczka Xxl Szary Inny<\/h2>\n<p>urodziny dziecka pomys\u0142y, kolorowanki patriotyczne symbole narodowe kolorowanka, ma\u0142y ksi\u0105\u017ce test, zagadka o wio\u015bnie, upominek dla nastolatk\u00f3w, bajki dla niemowl\u0105t<\/p>\n<p>yyyyy<\/p>\n<p>&nbsp;<\/p>\n","protected":false},"excerpt":{"rendered":"<p>Wielofunkcyjny przybornik, organizer do \u0142\u00f3\u017ceczka XXL &#8211; szary Wielofunkcyjny przybornik do \u0142\u00f3\u017ceczka stworzony jest do przechowywania produkt\u00f3w do piel\u0119gnacji niemowl\u0105t, pieluch, chusteczek, ubranek, butelek, smoczk\u00f3w, oraz innych akcesori\u00f3w niemowl\u0119cych. Dzi\u0119ki naszemu organizerowi wszystkie potrzebne produktu mo\u017cesz mie\u0107 pod r\u0119k\u0105 ! Organizer do \u0142\u00f3\u017ceczka zdecydowanie u\u0142atwi utrzymanie porz\u0105dku wok\u00f3\u0142 \u0142\u00f3\u017ceczka oraz usprawni codzienn\u0105 opiek\u0119 nad maluszkiem. [&hellip;]<\/p>\n","protected":false},"featured_media":5130,"comment_status":"closed","ping_status":"open","template":"","meta":[],"product_cat":[169,1303],"product_tag":[598,644,639,637,822],"class_list":["post-5129","product","type-product","status-publish","has-post-thumbnail","hentry","product_cat-inny","product_cat-przyborniki-do-lozeczka","product_tag-co-na-roczek-dla-dziewczynki","product_tag-mia","product_tag-nela-imie","product_tag-niech-zyja-wakacje-tekst","product_tag-wierszyki-o-wakacjach-krotkie"],"_links":{"self":[{"href":"http:\/\/klubmamgdynia.pl\/index.php\/wp-json\/wp\/v2\/product\/5129","targetHints":{"allow":["GET"]}}],"collection":[{"href":"http:\/\/klubmamgdynia.pl\/index.php\/wp-json\/wp\/v2\/product"}],"about":[{"href":"http:\/\/klubmamgdynia.pl\/index.php\/wp-json\/wp\/v2\/types\/product"}],"replies":[{"embeddable":true,"href":"http:\/\/klubmamgdynia.pl\/index.php\/wp-json\/wp\/v2\/comments?post=5129"}],"wp:featuredmedia":[{"embeddable":true,"href":"http:\/\/klubmamgdynia.pl\/index.php\/wp-json\/wp\/v2\/media\/5130"}],"wp:attachment":[{"href":"http:\/\/klubmamgdynia.pl\/index.php\/wp-json\/wp\/v2\/media?parent=5129"}],"wp:term":[{"taxonomy":"product_cat","embeddable":true,"href":"http:\/\/klubmamgdynia.pl\/index.php\/wp-json\/wp\/v2\/product_cat?post=5129"},{"taxonomy":"product_tag","embeddable":true,"href":"http:\/\/klubmamgdynia.pl\/index.php\/wp-json\/wp\/v2\/product_tag?post=5129"}],"curies":[{"name":"wp","href":"https:\/\/api.w.org\/{rel}","templated":true}]}}