{"id":513,"date":"2021-08-13T19:30:29","date_gmt":"2021-08-13T17:30:29","guid":{"rendered":"http:\/\/klubmamgdynia.pl\/index.php\/produkt\/help4skin-brodawki-i-kurzajki-aerozol-50-ml\/"},"modified":"2026-04-19T02:28:01","modified_gmt":"2026-04-19T00:28:01","slug":"help4skin-brodawki-i-kurzajki-aerozol-50-ml","status":"publish","type":"product","link":"http:\/\/klubmamgdynia.pl\/index.php\/produkt\/help4skin-brodawki-i-kurzajki-aerozol-50-ml\/","title":{"rendered":"Help4Skin Brodawki i kurzajki Aerozol 50 ml"},"content":{"rendered":"<p>Poznaj pozosta\u0142e produkty                            <\/p>\n<p>            Help4skin gojenie ran \u017cel 20g<\/p>\n<p>            Polpharma Help4skin Gojenie Ran \u017bel 75g<\/p>\n<p>            Help4Skin Gojenie oparze\u0144 \u017cel hydrokolidowy 75g<\/p>\n<p>            Help4Skin Gojenie p\u0119kni\u0119\u0107 sk\u00f3ry plaster w \u017celu 7 ml<\/p>\n<h2>Help4Skin Brodawki i kurzajki Aerozol 50 ml ZF Polpharma S.A.<\/h2>\n<p>piosenka przyjed\u017a do nas miko\u0142aju, lol kolorowanki do druku, znaki drogowe do druku, zagadki logiczne trudne, podchwytliwe zagadki na inteligencj\u0119, maski dla dzieci do druku, zagadki \u015bwi\u0105teczne dla dzieci, cytaty o dzieciach, bajka do czytania, kuba imie, miasto dzieci pl, kolorowanki antystresowe, prima aprilis w szkole, domki nad morzem z atrakcjami dla dzieci, \u0142amig\u0142\u00f3wki dla dzieci do wydruku, konkurencje sportowe dla dzieci<\/p>\n<p>yyyyy<\/p>\n<p>&nbsp;<\/p>\n","protected":false},"excerpt":{"rendered":"<p>Poznaj pozosta\u0142e produkty Help4skin gojenie ran \u017cel 20g Polpharma Help4skin Gojenie Ran \u017bel 75g Help4Skin Gojenie oparze\u0144 \u017cel hydrokolidowy 75g Help4Skin Gojenie p\u0119kni\u0119\u0107 sk\u00f3ry plaster w \u017celu 7 ml Help4Skin Brodawki i kurzajki Aerozol 50 ml ZF Polpharma S.A. piosenka przyjed\u017a do nas miko\u0142aju, lol kolorowanki do druku, znaki drogowe do druku, zagadki logiczne trudne, [&hellip;]<\/p>\n","protected":false},"featured_media":514,"comment_status":"closed","ping_status":"open","template":"","meta":[],"product_cat":[200,199],"product_tag":[719,706,797,843,713,694],"class_list":["post-513","product","type-product","status-publish","has-post-thumbnail","hentry","product_cat-nutrikosmetyki-i-leki-dermatologiczne","product_cat-zf-polpharma-s-a","product_tag-dziecko-cytaty-zlote-mysli","product_tag-imie-kuba","product_tag-kiekrz","product_tag-smieszne-zagadki-dla-dzieci","product_tag-zagadki-logiczne-z-odpowiedziami","product_tag-zagadki-swiateczne-dla-dzieci"],"_links":{"self":[{"href":"http:\/\/klubmamgdynia.pl\/index.php\/wp-json\/wp\/v2\/product\/513","targetHints":{"allow":["GET"]}}],"collection":[{"href":"http:\/\/klubmamgdynia.pl\/index.php\/wp-json\/wp\/v2\/product"}],"about":[{"href":"http:\/\/klubmamgdynia.pl\/index.php\/wp-json\/wp\/v2\/types\/product"}],"replies":[{"embeddable":true,"href":"http:\/\/klubmamgdynia.pl\/index.php\/wp-json\/wp\/v2\/comments?post=513"}],"wp:featuredmedia":[{"embeddable":true,"href":"http:\/\/klubmamgdynia.pl\/index.php\/wp-json\/wp\/v2\/media\/514"}],"wp:attachment":[{"href":"http:\/\/klubmamgdynia.pl\/index.php\/wp-json\/wp\/v2\/media?parent=513"}],"wp:term":[{"taxonomy":"product_cat","embeddable":true,"href":"http:\/\/klubmamgdynia.pl\/index.php\/wp-json\/wp\/v2\/product_cat?post=513"},{"taxonomy":"product_tag","embeddable":true,"href":"http:\/\/klubmamgdynia.pl\/index.php\/wp-json\/wp\/v2\/product_tag?post=513"}],"curies":[{"name":"wp","href":"https:\/\/api.w.org\/{rel}","templated":true}]}}