{"id":5131,"date":"2017-01-05T19:54:17","date_gmt":"2017-01-05T18:54:17","guid":{"rendered":"http:\/\/klubmamgdynia.pl\/index.php\/produkt\/nowa-szyba-przednia-czolowa-peugeot-208-2012\/"},"modified":"2026-04-20T15:58:47","modified_gmt":"2026-04-20T13:58:47","slug":"nowa-szyba-przednia-czolowa-peugeot-208-2012","status":"publish","type":"product","link":"http:\/\/klubmamgdynia.pl\/index.php\/produkt\/nowa-szyba-przednia-czolowa-peugeot-208-2012\/","title":{"rendered":"Nowa Szyba Przednia Czo\u0142owa Peugeot 208 2012-"},"content":{"rendered":"<p>Nowa szyba do:PEUGEOT 208\/2008 ROCZNIK 2012- W G\u00d3R\u0118Kompletna z uchwytem do lusterka,uszczelk\u0105 i listw\u0105 doln\u0105Kod produktu: 2000010218257Szyba lekko seledynowa(zielona,atermiczna)Fabrycznie zamontowana listwa dolna (gwarantuj\u0105ca prawid\u0142owe doleganie podszybia)Oryginalnie zamontowana uszczelka (nie jest to profil doklejony tzw. z metra)Nowy uchwyt do lusterka wstecznego(gwarantuje pewne mocowanie lusterka)<\/p>\n<h2>Nowa Szyba Przednia Czo\u0142owa Peugeot 208 2012- <\/h2>\n<p>zagadki logiczne z odpowiedziami, quiz o tajemniczym ogrodzie, nauka zegara do druku, leon imi\u0119, kolorowanki do druku super zings, cytat na dzie\u0144 matki, gdzie nad wod\u0119 ko\u0142o warszawy, karty pracy dla dzieci z ukrainy pdf, a \u015bpij kochanie, \u015bwinka peppa bajki do czytania<\/p>\n<p>yyyyy<\/p>\n<p>&nbsp;<\/p>\n","protected":false},"excerpt":{"rendered":"<p>Nowa szyba do:PEUGEOT 208\/2008 ROCZNIK 2012- W G\u00d3R\u0118Kompletna z uchwytem do lusterka,uszczelk\u0105 i listw\u0105 doln\u0105Kod produktu: 2000010218257Szyba lekko seledynowa(zielona,atermiczna)Fabrycznie zamontowana listwa dolna (gwarantuj\u0105ca prawid\u0142owe doleganie podszybia)Oryginalnie zamontowana uszczelka (nie jest to profil doklejony tzw. z metra)Nowy uchwyt do lusterka wstecznego(gwarantuje pewne mocowanie lusterka) Nowa Szyba Przednia Czo\u0142owa Peugeot 208 2012- zagadki logiczne z odpowiedziami, quiz [&hellip;]<\/p>\n","protected":false},"featured_media":5132,"comment_status":"closed","ping_status":"open","template":"","meta":[],"product_cat":[1293],"product_tag":[838,853,656,708,634],"class_list":["post-5131","product","type-product","status-publish","has-post-thumbnail","hentry","product_cat-szyby-przednie","product_tag-bajki-dla-dzieci-na-dobranoc","product_tag-kolorowanki-do-druku-dla-doroslych","product_tag-kolorowanki-lol","product_tag-zabawy-ruchowe-dla-dzieci","product_tag-zagadki-wielkanocne-dla-dzieci"],"_links":{"self":[{"href":"http:\/\/klubmamgdynia.pl\/index.php\/wp-json\/wp\/v2\/product\/5131","targetHints":{"allow":["GET"]}}],"collection":[{"href":"http:\/\/klubmamgdynia.pl\/index.php\/wp-json\/wp\/v2\/product"}],"about":[{"href":"http:\/\/klubmamgdynia.pl\/index.php\/wp-json\/wp\/v2\/types\/product"}],"replies":[{"embeddable":true,"href":"http:\/\/klubmamgdynia.pl\/index.php\/wp-json\/wp\/v2\/comments?post=5131"}],"wp:featuredmedia":[{"embeddable":true,"href":"http:\/\/klubmamgdynia.pl\/index.php\/wp-json\/wp\/v2\/media\/5132"}],"wp:attachment":[{"href":"http:\/\/klubmamgdynia.pl\/index.php\/wp-json\/wp\/v2\/media?parent=5131"}],"wp:term":[{"taxonomy":"product_cat","embeddable":true,"href":"http:\/\/klubmamgdynia.pl\/index.php\/wp-json\/wp\/v2\/product_cat?post=5131"},{"taxonomy":"product_tag","embeddable":true,"href":"http:\/\/klubmamgdynia.pl\/index.php\/wp-json\/wp\/v2\/product_tag?post=5131"}],"curies":[{"name":"wp","href":"https:\/\/api.w.org\/{rel}","templated":true}]}}