{"id":5133,"date":"2018-01-10T04:07:13","date_gmt":"2018-01-10T03:07:13","guid":{"rendered":"http:\/\/klubmamgdynia.pl\/index.php\/produkt\/bezprzewodowa-lampka-led-czujnik-ruchu-i-zmierzchu\/"},"modified":"2026-04-18T17:44:44","modified_gmt":"2026-04-18T15:44:44","slug":"bezprzewodowa-lampka-led-czujnik-ruchu-i-zmierzchu","status":"publish","type":"product","link":"http:\/\/klubmamgdynia.pl\/index.php\/produkt\/bezprzewodowa-lampka-led-czujnik-ruchu-i-zmierzchu\/","title":{"rendered":"Bezprzewodowa Lampka Led Czujnik Ruchu I Zmierzchu"},"content":{"rendered":"<p>Bezprzewodowa lampka LED z czujnikiem ruchu i zmieProducent:Symbol : 55142Bezprzewodowa lampka LED z czujnikiem zmierzchu &#8211; model L801B Odpowiednie o\u015bwietlenie umo\u017cliwi wzbogacenie nastroju w dowolnym pomieszczeniu. Po\u0142\u0105cz \u015bwiat\u0142o ze swoim codziennym \u017cyciem i umieszczaj lampy w wybranych miejscach. Najbardziej uniwersalna lampka nocna w Twoim domu. O\u015bwietlenie mo\u017cesz aktywowa\u0107, poprzez czujnik ruchu wbudowany w urz\u0105dzeniu. Specyfikacja techniczna:Zasilanie siecioweCzujnik zmierzchu: takBarwa \u015bwiat\u0142a: \u017c\u00f3\u0142taKolor obudowy: bia\u0142yWymiary gr. x szer. x wys.: 6cm x 6cm x 10cm<\/p>\n<h2>Bezprzewodowa Lampka Led Czujnik Ruchu I Zmierzchu Inny<\/h2>\n<p>ko\u0142ysanki tekst, \u017carty na prima aprilis dla mamy, my jeste\u015bmy krasnoludki tekst, dinozaury kolorowanki, cookie dough przepis, zabawka na roczek dla ch\u0142opca, domowe syropy na zim\u0119, zaproszenie na urodziny do druku, wzruszaj\u0105ce s\u0142owa dla przyjaci\u00f3\u0142ki, zabawy ruchowe dla dzieci, konie quiz, \u017cyczenia na lany poniedzia\u0142ek wielkanocny, test z opowie\u015bci z narnii, imi\u0119 alan, bajki dla ch\u0142opc\u00f3w do czytania, lol do druku, prezent dla ch\u0142opca na roczek<\/p>\n<p>yyyyy<\/p>\n<p>&nbsp;<\/p>\n","protected":false},"excerpt":{"rendered":"<p>Bezprzewodowa lampka LED z czujnikiem ruchu i zmieProducent:Symbol : 55142Bezprzewodowa lampka LED z czujnikiem zmierzchu &#8211; model L801B Odpowiednie o\u015bwietlenie umo\u017cliwi wzbogacenie nastroju w dowolnym pomieszczeniu. Po\u0142\u0105cz \u015bwiat\u0142o ze swoim codziennym \u017cyciem i umieszczaj lampy w wybranych miejscach. Najbardziej uniwersalna lampka nocna w Twoim domu. O\u015bwietlenie mo\u017cesz aktywowa\u0107, poprzez czujnik ruchu wbudowany w urz\u0105dzeniu. Specyfikacja [&hellip;]<\/p>\n","protected":false},"featured_media":5134,"comment_status":"closed","ping_status":"open","template":"","meta":[],"product_cat":[169,138],"product_tag":[837,810,803],"class_list":["post-5133","product","type-product","status-publish","has-post-thumbnail","hentry","product_cat-inny","product_cat-lampki-dzieciece","product_tag-cicha-noc-po-angielsku","product_tag-nauka-zegara-do-druku","product_tag-szlaczki-do-druku"],"_links":{"self":[{"href":"http:\/\/klubmamgdynia.pl\/index.php\/wp-json\/wp\/v2\/product\/5133","targetHints":{"allow":["GET"]}}],"collection":[{"href":"http:\/\/klubmamgdynia.pl\/index.php\/wp-json\/wp\/v2\/product"}],"about":[{"href":"http:\/\/klubmamgdynia.pl\/index.php\/wp-json\/wp\/v2\/types\/product"}],"replies":[{"embeddable":true,"href":"http:\/\/klubmamgdynia.pl\/index.php\/wp-json\/wp\/v2\/comments?post=5133"}],"wp:featuredmedia":[{"embeddable":true,"href":"http:\/\/klubmamgdynia.pl\/index.php\/wp-json\/wp\/v2\/media\/5134"}],"wp:attachment":[{"href":"http:\/\/klubmamgdynia.pl\/index.php\/wp-json\/wp\/v2\/media?parent=5133"}],"wp:term":[{"taxonomy":"product_cat","embeddable":true,"href":"http:\/\/klubmamgdynia.pl\/index.php\/wp-json\/wp\/v2\/product_cat?post=5133"},{"taxonomy":"product_tag","embeddable":true,"href":"http:\/\/klubmamgdynia.pl\/index.php\/wp-json\/wp\/v2\/product_tag?post=5133"}],"curies":[{"name":"wp","href":"https:\/\/api.w.org\/{rel}","templated":true}]}}