{"id":5135,"date":"2017-07-25T03:18:50","date_gmt":"2017-07-25T01:18:50","guid":{"rendered":"http:\/\/klubmamgdynia.pl\/index.php\/produkt\/uszczelka-uniwersalna-szyba-przednia-17x5-mm-50cm-5040\/"},"modified":"2026-05-17T22:02:21","modified_gmt":"2026-05-17T20:02:21","slug":"uszczelka-uniwersalna-szyba-przednia-17x5-mm-50cm-5040","status":"publish","type":"product","link":"http:\/\/klubmamgdynia.pl\/index.php\/produkt\/uszczelka-uniwersalna-szyba-przednia-17x5-mm-50cm-5040\/","title":{"rendered":"USZCZELKA UNIWERSALNA SZYBA PRZEDNIA 17X5 MM 50CM 5040"},"content":{"rendered":"<p>Uszczelka uniwersalna szyba przednia 17X5 mm 50cm<\/p>\n<h2>USZCZELKA UNIWERSALNA SZYBA PRZEDNIA 17X5 MM 50CM 5040 <\/h2>\n<p>szczotka pasta kubek ciep\u0142a woda tekst, prezent na roczek nie zabawka, \u015bmieszne zagadki z odpowiedziami, pomys\u0142 na prezent dla nastolatka, wszystkie flagi \u015bwiata quiz, opowie\u015bci z narni lew czarownica i stara szafa test, cytaty na dzie\u0144 edukacji narodowej, literki, akademia pana kleksa &#8211; test z odpowiedziami do druku, prezent na roczek dla dziecka, co dla rocznego dziecka, zagadki \u015bwi\u0105teczne dla dzieci, karaluchy pod poduchy a szczypawki, kawaly na prima aprilis, uk\u0142ad s\u0142oneczny dla dzieci do druku, julian, zagadki na inteligencj\u0119 z odpowiedziami, krok jak narysowa\u0107 konia, quizy dla dzieci<\/p>\n<p>yyyyy<\/p>\n<p>&nbsp;<\/p>\n","protected":false},"excerpt":{"rendered":"<p>Uszczelka uniwersalna szyba przednia 17X5 mm 50cm USZCZELKA UNIWERSALNA SZYBA PRZEDNIA 17X5 MM 50CM 5040 szczotka pasta kubek ciep\u0142a woda tekst, prezent na roczek nie zabawka, \u015bmieszne zagadki z odpowiedziami, pomys\u0142 na prezent dla nastolatka, wszystkie flagi \u015bwiata quiz, opowie\u015bci z narni lew czarownica i stara szafa test, cytaty na dzie\u0144 edukacji narodowej, literki, akademia [&hellip;]<\/p>\n","protected":false},"featured_media":5136,"comment_status":"closed","ping_status":"open","template":"","meta":[],"product_cat":[1293],"product_tag":[716,670,703,661,741],"class_list":["post-5135","product","type-product","status-publish","has-post-thumbnail","hentry","product_cat-szyby-przednie","product_tag-filmy-animowane-o-swietach","product_tag-irma","product_tag-prezent-dla-nastolatki","product_tag-swinka-peppa-kolorowanka","product_tag-wlochy"],"_links":{"self":[{"href":"http:\/\/klubmamgdynia.pl\/index.php\/wp-json\/wp\/v2\/product\/5135","targetHints":{"allow":["GET"]}}],"collection":[{"href":"http:\/\/klubmamgdynia.pl\/index.php\/wp-json\/wp\/v2\/product"}],"about":[{"href":"http:\/\/klubmamgdynia.pl\/index.php\/wp-json\/wp\/v2\/types\/product"}],"replies":[{"embeddable":true,"href":"http:\/\/klubmamgdynia.pl\/index.php\/wp-json\/wp\/v2\/comments?post=5135"}],"wp:featuredmedia":[{"embeddable":true,"href":"http:\/\/klubmamgdynia.pl\/index.php\/wp-json\/wp\/v2\/media\/5136"}],"wp:attachment":[{"href":"http:\/\/klubmamgdynia.pl\/index.php\/wp-json\/wp\/v2\/media?parent=5135"}],"wp:term":[{"taxonomy":"product_cat","embeddable":true,"href":"http:\/\/klubmamgdynia.pl\/index.php\/wp-json\/wp\/v2\/product_cat?post=5135"},{"taxonomy":"product_tag","embeddable":true,"href":"http:\/\/klubmamgdynia.pl\/index.php\/wp-json\/wp\/v2\/product_tag?post=5135"}],"curies":[{"name":"wp","href":"https:\/\/api.w.org\/{rel}","templated":true}]}}