{"id":5139,"date":"2018-03-23T08:20:25","date_gmt":"2018-03-23T07:20:25","guid":{"rendered":"http:\/\/klubmamgdynia.pl\/index.php\/produkt\/chicco-naturalfeeling-butelka-150-ml-1-szt\/"},"modified":"2026-05-17T23:00:17","modified_gmt":"2026-05-17T21:00:17","slug":"chicco-naturalfeeling-butelka-150-ml-1-szt","status":"publish","type":"product","link":"http:\/\/klubmamgdynia.pl\/index.php\/produkt\/chicco-naturalfeeling-butelka-150-ml-1-szt\/","title":{"rendered":"Chicco Naturalfeeling Butelka 150 Ml 1 Szt."},"content":{"rendered":"<p>Butelka NaturalFeeling 0m+ 150mlButelka przeznaczona dla noworodk\u00f3w. Smoczek jest zawsze wype\u0142niony mlekiem, co zmniejsza ryzyko wyst\u0105pienia kolki.NaturalFeelingTo jedyna linia butelek umo\u017cliwiaj\u0105ca naturalne karmienie dziecka dzi\u0119ki trzem rodzajom smoczk\u00f3w o specjalnym kszta\u0142cie, kt\u00f3re pod\u0105\u017caj\u0105 za rozwojem dziecka w najbardziej naturalny spos\u00f3b.Podw\u00f3jny system antykolkowy zapobiega po\u0142ykaniu powietrza, dzi\u0119ki czemu zmniejsza ryzyko wyst\u0105pienia kolki. Uko\u015bny, zaokr\u0105glony smoczek jest idealny dla noworodka. Mi\u0119kki silikon i wg\u0142\u0119bienia na podstawie smoczka gwarantuj\u0105 naturalne odczucia, jak przy piersi mamy. Dost\u0119pna pojemno\u015b\u0107 &#8211; 150 ml.Jedyny w swoim rodzaju uko\u015bny smoczekJest zawsze wype\u0142niony mlekiem, co ogranicza po\u0142ykanie powietrza i sprzyja w\u0142a\u015bciwemu u\u0142o\u017ceniu szyi noworodka.Podw\u00f3jny system antykolkowyZapobiega po\u0142ykaniu powietrza, dzi\u0119ki czemu zmniejsza ryzyko wyst\u0105pienia kolki i zapewnia spokojne karmienie.Bardzo mi\u0119kki silikonMi\u0119kki silikon i wg\u0142\u0119bienia na podstawie smoczka gwarantuj\u0105 naturalne odczucia, jak przy piersi mamy.Przep\u0142yw normalnyIdealny dla noworodk\u00f3w.<\/p>\n<h2>Chicco Naturalfeeling Butelka 150 Ml 1 Szt. Chicco<\/h2>\n<p>ninjago kolorowanki, ela znaczenie imienia, zabawka na roczek dla ch\u0142opca, kolorowanki disney, maski dla dzieci do druku, misie z film\u00f3w animowanych, kartki na dobranoc dla przyjaci\u00f3\u0142, lol surprise kolorowanka, dzie\u0144 pluszowego misia 2021, wroc\u0142aw dla dzieci, przysz\u0142a zima bia\u0142a, alfons, buziak gify na dobranoc smieszne, test z lektury spos\u00f3b na alcybiadesa, quiz o samochodach, zagadki dla dzieci 4-5 lat, zagadki dla 8 latka, co na roczek, karty pracy dla dzieci z ukrainy do druku, maski do druku<\/p>\n<p>yyyyy<\/p>\n<p>&nbsp;<\/p>\n","protected":false},"excerpt":{"rendered":"<p>Butelka NaturalFeeling 0m+ 150mlButelka przeznaczona dla noworodk\u00f3w. Smoczek jest zawsze wype\u0142niony mlekiem, co zmniejsza ryzyko wyst\u0105pienia kolki.NaturalFeelingTo jedyna linia butelek umo\u017cliwiaj\u0105ca naturalne karmienie dziecka dzi\u0119ki trzem rodzajom smoczk\u00f3w o specjalnym kszta\u0142cie, kt\u00f3re pod\u0105\u017caj\u0105 za rozwojem dziecka w najbardziej naturalny spos\u00f3b.Podw\u00f3jny system antykolkowy zapobiega po\u0142ykaniu powietrza, dzi\u0119ki czemu zmniejsza ryzyko wyst\u0105pienia kolki. Uko\u015bny, zaokr\u0105glony smoczek jest [&hellip;]<\/p>\n","protected":false},"featured_media":5140,"comment_status":"closed","ping_status":"open","template":"","meta":[],"product_cat":[195,312],"product_tag":[664,598,821,823],"class_list":["post-5139","product","type-product","status-publish","has-post-thumbnail","hentry","product_cat-butelki","product_cat-chicco","product_tag-atrakcje-dla-dzieci-trojmiasto","product_tag-co-na-roczek-dla-dziewczynki","product_tag-marianna","product_tag-zagadki-dla-dzieci-7-lat"],"_links":{"self":[{"href":"http:\/\/klubmamgdynia.pl\/index.php\/wp-json\/wp\/v2\/product\/5139","targetHints":{"allow":["GET"]}}],"collection":[{"href":"http:\/\/klubmamgdynia.pl\/index.php\/wp-json\/wp\/v2\/product"}],"about":[{"href":"http:\/\/klubmamgdynia.pl\/index.php\/wp-json\/wp\/v2\/types\/product"}],"replies":[{"embeddable":true,"href":"http:\/\/klubmamgdynia.pl\/index.php\/wp-json\/wp\/v2\/comments?post=5139"}],"wp:featuredmedia":[{"embeddable":true,"href":"http:\/\/klubmamgdynia.pl\/index.php\/wp-json\/wp\/v2\/media\/5140"}],"wp:attachment":[{"href":"http:\/\/klubmamgdynia.pl\/index.php\/wp-json\/wp\/v2\/media?parent=5139"}],"wp:term":[{"taxonomy":"product_cat","embeddable":true,"href":"http:\/\/klubmamgdynia.pl\/index.php\/wp-json\/wp\/v2\/product_cat?post=5139"},{"taxonomy":"product_tag","embeddable":true,"href":"http:\/\/klubmamgdynia.pl\/index.php\/wp-json\/wp\/v2\/product_tag?post=5139"}],"curies":[{"name":"wp","href":"https:\/\/api.w.org\/{rel}","templated":true}]}}