{"id":5141,"date":"2023-01-24T07:06:13","date_gmt":"2023-01-24T06:06:13","guid":{"rendered":"http:\/\/klubmamgdynia.pl\/?post_type=product&#038;p=5141"},"modified":"2026-04-24T23:28:10","modified_gmt":"2026-04-24T21:28:10","slug":"sluban-remiza-straz-pozarna-kompatybilne-lego-cobi","status":"publish","type":"product","link":"http:\/\/klubmamgdynia.pl\/index.php\/produkt\/sluban-remiza-straz-pozarna-kompatybilne-lego-cobi\/","title":{"rendered":"Sluban Remiza Stra\u017c Po\u017carna Kompatybilne Lego Cobi"},"content":{"rendered":"<p>Klocki Pojazdy Auto Stra\u017c Po\u017carna Poduszkowiec D<\/p>\n<h2>Sluban Remiza Stra\u017c Po\u017carna Kompatybilne Lego Cobi Sluban<\/h2>\n<p>kuku\u0142eczka kuka tekst, \u017carty na prima aprilis w domu, quiz o flagach, ba\u0142wanek do druku, zagadki na logike, quizy o miko\u0142ajku, cytaty na dzie\u0144 nauczyciela<\/p>\n<p>yyyyy<\/p>\n<p>&nbsp;<\/p>\n","protected":false},"excerpt":{"rendered":"<p>Klocki Pojazdy Auto Stra\u017c Po\u017carna Poduszkowiec D Sluban Remiza Stra\u017c Po\u017carna Kompatybilne Lego Cobi Sluban kuku\u0142eczka kuka tekst, \u017carty na prima aprilis w domu, quiz o flagach, ba\u0142wanek do druku, zagadki na logike, quizy o miko\u0142ajku, cytaty na dzie\u0144 nauczyciela yyyyy &nbsp;<\/p>\n","protected":false},"featured_media":5142,"comment_status":"closed","ping_status":"open","template":"","meta":[],"product_cat":[113,513],"product_tag":[839,663,599,737,799,713],"class_list":["post-5141","product","type-product","status-publish","has-post-thumbnail","hentry","product_cat-klocki","product_cat-sluban","product_tag-bajki-na-dobranoc-do-czytania","product_tag-kolorowanki-dla-dzieci-do-druku","product_tag-prezent-dla-nastolatkow-2021","product_tag-test-z-lektury-felix-net-i-nika-oraz-gang-niewidzialnych-ludzi","product_tag-zagadka-logiczna","product_tag-zagadki-logiczne-z-odpowiedziami"],"_links":{"self":[{"href":"http:\/\/klubmamgdynia.pl\/index.php\/wp-json\/wp\/v2\/product\/5141","targetHints":{"allow":["GET"]}}],"collection":[{"href":"http:\/\/klubmamgdynia.pl\/index.php\/wp-json\/wp\/v2\/product"}],"about":[{"href":"http:\/\/klubmamgdynia.pl\/index.php\/wp-json\/wp\/v2\/types\/product"}],"replies":[{"embeddable":true,"href":"http:\/\/klubmamgdynia.pl\/index.php\/wp-json\/wp\/v2\/comments?post=5141"}],"wp:featuredmedia":[{"embeddable":true,"href":"http:\/\/klubmamgdynia.pl\/index.php\/wp-json\/wp\/v2\/media\/5142"}],"wp:attachment":[{"href":"http:\/\/klubmamgdynia.pl\/index.php\/wp-json\/wp\/v2\/media?parent=5141"}],"wp:term":[{"taxonomy":"product_cat","embeddable":true,"href":"http:\/\/klubmamgdynia.pl\/index.php\/wp-json\/wp\/v2\/product_cat?post=5141"},{"taxonomy":"product_tag","embeddable":true,"href":"http:\/\/klubmamgdynia.pl\/index.php\/wp-json\/wp\/v2\/product_tag?post=5141"}],"curies":[{"name":"wp","href":"https:\/\/api.w.org\/{rel}","templated":true}]}}