{"id":5145,"date":"2019-09-25T06:44:14","date_gmt":"2019-09-25T04:44:14","guid":{"rendered":"http:\/\/klubmamgdynia.pl\/index.php\/produkt\/lozko-160x80cm-classic-1-kolor-bialo-niebieski\/"},"modified":"2026-04-26T19:30:24","modified_gmt":"2026-04-26T17:30:24","slug":"lozko-160x80cm-classic-1-kolor-bialo-niebieski","status":"publish","type":"product","link":"http:\/\/klubmamgdynia.pl\/index.php\/produkt\/lozko-160x80cm-classic-1-kolor-bialo-niebieski\/","title":{"rendered":"\u0141\u00f3\u017cko 160X80Cm Classic 1 Kolor Bia\u0142o Niebieski"},"content":{"rendered":"<p>\u0141\u00f3\u017cko 160x80cm CLASSIC 1 kolor bia\u0142o-niebieski Kolekcja mebli Classic pomaga stworzy\u0107 przytulny nastr\u00f3j w pokoju dziecka. Dedykowana dla m\u0142odszych dzieci jak i m\u0142odzie\u017cy. Klasyka zawsze pozostanie w modzie i nigdy si\u0119 nie zestarzeje. Op\u0142ywowe wyko\u0144czenia mebli sprawiaj\u0105, \u017ce kolekcja jest elegancka, a zarazem uniwersalna. Podaruj swojemu dziecku \u0142\u00f3\u017cko, w kt\u00f3rym poczuje niezale\u017cno\u015b\u0107 i wygod\u0119. Wiele kolor\u00f3w sprawia, \u017ce \u0142\u00f3\u017cka b\u0119d\u0105 idealnym wyborem dla ch\u0142opca jak i dziewczynki. Do produkcji zosta\u0142y u\u017cyte hipoalergiczne lakiery. Kraw\u0119dzie mebli s\u0105 zaokr\u0105glone co podnosi bezpiecze\u0144stwo u\u017cytkowania przez malucha. Dba\u0142o\u015b\u0107 o szczeg\u00f3\u0142y zapewnia najwy\u017csz\u0105 jako\u015b\u0107. Funkcjonalne i wygodne \u0142\u00f3\u017cko wykonane jest z wysokiej jako\u015bci laminowanej p\u0142yty meblowej o grubo\u015bci 18 mm oraz p\u0142yty MDF trzykrotnie lakierowanej farbami ekologicznymi Posiada zaokr\u0105glone kraw\u0119dzie, kt\u00f3re zapewniaj\u0105 bezpiecze\u0144stwo u\u017cytkowania Produkowane jest jako dwustronne, przy monta\u017cu wybieramy po kt\u00f3rej stronie b\u0119dzie ruchoma barierka Barierka o d\u0142ugo\u015bci 100cm zapewni dziecku bezpieczny sen. Dodatkowo jest ona przesuwana i na dzie\u0144 mo\u017cna j\u0105 zdj\u0105\u0107 Stela\u017c na materac wykonany jest z klejonych warstwowo listew brzozowych &#8211; odporny na obci\u0105\u017cenia Wyprofilowany w lekki \u0142uk zwi\u0119kszy komfort, a materac b\u0119dzie mia\u0142 zapewnione odpowiednie podparcie oraz wentylacj\u0119 Sk\u0142ada si\u0119 z rz\u0119du listew spi\u0119tych syntetycznymi pasami o du\u017cej wytrzyma\u0142o\u015bci &#8211; gwarantuje to trwa\u0142e i r\u00f3wnomierne roz\u0142o\u017cenie listew na ramie \u0142\u00f3\u017cka \u0141\u00f3\u017cko montowane jest na \u015brubach \u015bci\u0105gaj\u0105cych dzi\u0119ki czemu wytrzymuje obci\u0105\u017cenie do 100 kg i spokojnie rodzic mo\u017ce po\u0142o\u017cy\u0107 si\u0119 z maluchem podczas czytania bajki na dobranoc Posiada certyfikaty i europejskie normy higieniczno\u015bci klasy E1 o poziomie emisji formaldehydu zgodnej z europejskim modelem EN165146 Zaprojektowane z my\u015bl\u0105 o najm\u0142odszych u\u017cytkownikach W pe\u0142ni dopasowuje si\u0119 do oczekiwa\u0144 dziecka jak i rodzica Do \u0142\u00f3\u017cka do\u0142\u0105czony jest stela\u017c spr\u0119\u017cynuj\u0105cy flex, instrukcja oraz akcesoria monta\u017cowe<\/p>\n<h2>\u0141\u00f3\u017cko 160X80Cm Classic 1 Kolor Bia\u0142o Niebieski Kocot-Meble<\/h2>\n<p>zabawka dla rocznej dziewczynki, kolorowanki do druku, quiz o miko\u0142ajku, felix net i nika oraz gang niewidzialnych ludzi quiz, cytaty o mamie, zagadki dla m\u0142odzie\u017cy, zagadki logiczne na inteligencj\u0119 dla doros\u0142ych, zagadki dla dzieci 9 10 lat z odpowiedziami, samoch\u00f3d kolorowanka do druku, zgadywanki, irma, gaja imi\u0119, zagadki dla starszych dzieci, zagadki na myslenie, cytat dla mamy<\/p>\n<p>yyyyy<\/p>\n<p>&nbsp;<\/p>\n","protected":false},"excerpt":{"rendered":"<p>\u0141\u00f3\u017cko 160x80cm CLASSIC 1 kolor bia\u0142o-niebieski Kolekcja mebli Classic pomaga stworzy\u0107 przytulny nastr\u00f3j w pokoju dziecka. Dedykowana dla m\u0142odszych dzieci jak i m\u0142odzie\u017cy. Klasyka zawsze pozostanie w modzie i nigdy si\u0119 nie zestarzeje. Op\u0142ywowe wyko\u0144czenia mebli sprawiaj\u0105, \u017ce kolekcja jest elegancka, a zarazem uniwersalna. Podaruj swojemu dziecku \u0142\u00f3\u017cko, w kt\u00f3rym poczuje niezale\u017cno\u015b\u0107 i wygod\u0119. Wiele [&hellip;]<\/p>\n","protected":false},"featured_media":5146,"comment_status":"closed","ping_status":"open","template":"","meta":[],"product_cat":[987,935],"product_tag":[657,645,760,788,800,701],"class_list":["post-5145","product","type-product","status-publish","has-post-thumbnail","hentry","product_cat-kocot-meble","product_cat-lozeczka-dzieciece","product_tag-lol-kolorowanka","product_tag-latwe-zagadki","product_tag-zagadka-matematyczna","product_tag-zagadki-krotkie","product_tag-zagadki-smieszne","product_tag-zgadywanki-dla-dzieci"],"_links":{"self":[{"href":"http:\/\/klubmamgdynia.pl\/index.php\/wp-json\/wp\/v2\/product\/5145","targetHints":{"allow":["GET"]}}],"collection":[{"href":"http:\/\/klubmamgdynia.pl\/index.php\/wp-json\/wp\/v2\/product"}],"about":[{"href":"http:\/\/klubmamgdynia.pl\/index.php\/wp-json\/wp\/v2\/types\/product"}],"replies":[{"embeddable":true,"href":"http:\/\/klubmamgdynia.pl\/index.php\/wp-json\/wp\/v2\/comments?post=5145"}],"wp:featuredmedia":[{"embeddable":true,"href":"http:\/\/klubmamgdynia.pl\/index.php\/wp-json\/wp\/v2\/media\/5146"}],"wp:attachment":[{"href":"http:\/\/klubmamgdynia.pl\/index.php\/wp-json\/wp\/v2\/media?parent=5145"}],"wp:term":[{"taxonomy":"product_cat","embeddable":true,"href":"http:\/\/klubmamgdynia.pl\/index.php\/wp-json\/wp\/v2\/product_cat?post=5145"},{"taxonomy":"product_tag","embeddable":true,"href":"http:\/\/klubmamgdynia.pl\/index.php\/wp-json\/wp\/v2\/product_tag?post=5145"}],"curies":[{"name":"wp","href":"https:\/\/api.w.org\/{rel}","templated":true}]}}