{"id":5147,"date":"2021-09-13T19:26:18","date_gmt":"2021-09-13T17:26:18","guid":{"rendered":"http:\/\/klubmamgdynia.pl\/index.php\/produkt\/lampka-nocna-pad-konsoli-xbox-prezent-dla-gracza\/"},"modified":"2026-05-01T00:36:30","modified_gmt":"2026-04-30T22:36:30","slug":"lampka-nocna-pad-konsoli-xbox-prezent-dla-gracza","status":"publish","type":"product","link":"http:\/\/klubmamgdynia.pl\/index.php\/produkt\/lampka-nocna-pad-konsoli-xbox-prezent-dla-gracza\/","title":{"rendered":"Lampka Nocna Pad Konsoli Xbox Prezent Dla Gracza"},"content":{"rendered":"<p>Nastrojowa czarna lampka nocna w kszta\u0142cie pada do xboxa.Lampka, b\u0119dzie pi\u0119kn\u0105 ozdoba pokoju a dziecku u\u0142atwi zasypianie, stworzy ciep\u0142y, sympatyczny nastr\u00f3j.Wykonana z MDF-u, wycinana i grawerowana laserowo.Bezpieczna, bezprzewodowa ledowa instalacja, zasilana bateriami AA (2 szt).W\u0105cznik znajduje si\u0119 z boku lampki.Lampka gotowa do zawieszenia.B\u0119dzie wspania\u0142ym prezentem dla dziecka.Wymiary:wysoko\u015b\u0107: 35 cmszeroko\u015b\u0107: 26 cmgrubo\u015b\u0107 ca\u0142kowita: 2,5 cmHANDMADE.Idealna na prezent.Nasz w\u0142asny projekt !<\/p>\n<h2>Lampka Nocna Pad Konsoli Xbox Prezent Dla Gracza Inny<\/h2>\n<p>szczotka pasta kubek ciep\u0142a woda tekst, minecraft kolorowanki, korczak cytaty, kostek imi\u0119, sentencje o rodzinie, alfabet kolorowanka, quiz o polsce dla dzieci<\/p>\n<p>yyyyy<\/p>\n<p>&nbsp;<\/p>\n","protected":false},"excerpt":{"rendered":"<p>Nastrojowa czarna lampka nocna w kszta\u0142cie pada do xboxa.Lampka, b\u0119dzie pi\u0119kn\u0105 ozdoba pokoju a dziecku u\u0142atwi zasypianie, stworzy ciep\u0142y, sympatyczny nastr\u00f3j.Wykonana z MDF-u, wycinana i grawerowana laserowo.Bezpieczna, bezprzewodowa ledowa instalacja, zasilana bateriami AA (2 szt).W\u0105cznik znajduje si\u0119 z boku lampki.Lampka gotowa do zawieszenia.B\u0119dzie wspania\u0142ym prezentem dla dziecka.Wymiary:wysoko\u015b\u0107: 35 cmszeroko\u015b\u0107: 26 cmgrubo\u015b\u0107 ca\u0142kowita: 2,5 cmHANDMADE.Idealna na [&hellip;]<\/p>\n","protected":false},"featured_media":5148,"comment_status":"closed","ping_status":"open","template":"","meta":[],"product_cat":[169,138],"product_tag":[728,706,806,751,629,606],"class_list":["post-5147","product","type-product","status-publish","has-post-thumbnail","hentry","product_cat-inny","product_cat-lampki-dzieciece","product_tag-bezwarunkowa-milosc-do-dziecka-cytaty","product_tag-imie-kuba","product_tag-prezent-dla-dziecka-na-roczek","product_tag-psi-patrol-kolorowanka","product_tag-smieszne-zagadki-z-odpowiedziami","product_tag-stala-pod-sniegiem"],"_links":{"self":[{"href":"http:\/\/klubmamgdynia.pl\/index.php\/wp-json\/wp\/v2\/product\/5147","targetHints":{"allow":["GET"]}}],"collection":[{"href":"http:\/\/klubmamgdynia.pl\/index.php\/wp-json\/wp\/v2\/product"}],"about":[{"href":"http:\/\/klubmamgdynia.pl\/index.php\/wp-json\/wp\/v2\/types\/product"}],"replies":[{"embeddable":true,"href":"http:\/\/klubmamgdynia.pl\/index.php\/wp-json\/wp\/v2\/comments?post=5147"}],"wp:featuredmedia":[{"embeddable":true,"href":"http:\/\/klubmamgdynia.pl\/index.php\/wp-json\/wp\/v2\/media\/5148"}],"wp:attachment":[{"href":"http:\/\/klubmamgdynia.pl\/index.php\/wp-json\/wp\/v2\/media?parent=5147"}],"wp:term":[{"taxonomy":"product_cat","embeddable":true,"href":"http:\/\/klubmamgdynia.pl\/index.php\/wp-json\/wp\/v2\/product_cat?post=5147"},{"taxonomy":"product_tag","embeddable":true,"href":"http:\/\/klubmamgdynia.pl\/index.php\/wp-json\/wp\/v2\/product_tag?post=5147"}],"curies":[{"name":"wp","href":"https:\/\/api.w.org\/{rel}","templated":true}]}}