{"id":5151,"date":"2018-05-01T20:22:32","date_gmt":"2018-05-01T18:22:32","guid":{"rendered":"http:\/\/klubmamgdynia.pl\/index.php\/produkt\/trixie-baby-butelkabidon-350ml-mr-tiger\/"},"modified":"2026-04-29T23:00:48","modified_gmt":"2026-04-29T21:00:48","slug":"trixie-baby-butelkabidon-350ml-mr-tiger","status":"publish","type":"product","link":"http:\/\/klubmamgdynia.pl\/index.php\/produkt\/trixie-baby-butelkabidon-350ml-mr-tiger\/","title":{"rendered":"Trixie Baby Butelkabidon 350Ml Mr. Tiger"},"content":{"rendered":"<h2>Trixie Baby Butelkabidon 350Ml Mr. Tiger Trixie<\/h2>\n<p>zagadki matematyczne dla przedszkolak\u00f3w, felix net i nika oraz gang niewidzialnych ludzi quiz, po\u0142\u0105cz kropki do druku, kolorowanki spongebob, podchwytliwe zagadki dla dzieci, miasto dzieci, co kupi\u0107 nastolatkowi, zdrowe dania dla dzieci, maska misia do druku, miastodzieci, zabawy z 7 latkiem, leon imi\u0119, sing 2 multikino, m.i.a.<\/p>\n<p>yyyyy<\/p>\n<p>&nbsp;<\/p>\n","protected":false},"excerpt":{"rendered":"<p>Trixie Baby Butelkabidon 350Ml Mr. Tiger Trixie zagadki matematyczne dla przedszkolak\u00f3w, felix net i nika oraz gang niewidzialnych ludzi quiz, po\u0142\u0105cz kropki do druku, kolorowanki spongebob, podchwytliwe zagadki dla dzieci, miasto dzieci, co kupi\u0107 nastolatkowi, zdrowe dania dla dzieci, maska misia do druku, miastodzieci, zabawy z 7 latkiem, leon imi\u0119, sing 2 multikino, m.i.a. yyyyy [&hellip;]<\/p>\n","protected":false},"featured_media":5152,"comment_status":"closed","ping_status":"open","template":"","meta":[],"product_cat":[215,43],"product_tag":[676,580,726,771,791,746],"class_list":["post-5151","product","type-product","status-publish","has-post-thumbnail","hentry","product_cat-naczynia-i-sztucce-dla-dzieci","product_cat-trixie","product_tag-bursztynek","product_tag-janusz","product_tag-quiz-zemsta","product_tag-stolice-europy-quiz","product_tag-zagadki-na-myslenie","product_tag-zagadki-typu-co-to-jest"],"_links":{"self":[{"href":"http:\/\/klubmamgdynia.pl\/index.php\/wp-json\/wp\/v2\/product\/5151","targetHints":{"allow":["GET"]}}],"collection":[{"href":"http:\/\/klubmamgdynia.pl\/index.php\/wp-json\/wp\/v2\/product"}],"about":[{"href":"http:\/\/klubmamgdynia.pl\/index.php\/wp-json\/wp\/v2\/types\/product"}],"replies":[{"embeddable":true,"href":"http:\/\/klubmamgdynia.pl\/index.php\/wp-json\/wp\/v2\/comments?post=5151"}],"wp:featuredmedia":[{"embeddable":true,"href":"http:\/\/klubmamgdynia.pl\/index.php\/wp-json\/wp\/v2\/media\/5152"}],"wp:attachment":[{"href":"http:\/\/klubmamgdynia.pl\/index.php\/wp-json\/wp\/v2\/media?parent=5151"}],"wp:term":[{"taxonomy":"product_cat","embeddable":true,"href":"http:\/\/klubmamgdynia.pl\/index.php\/wp-json\/wp\/v2\/product_cat?post=5151"},{"taxonomy":"product_tag","embeddable":true,"href":"http:\/\/klubmamgdynia.pl\/index.php\/wp-json\/wp\/v2\/product_tag?post=5151"}],"curies":[{"name":"wp","href":"https:\/\/api.w.org\/{rel}","templated":true}]}}