{"id":5153,"date":"2023-03-07T09:32:10","date_gmt":"2023-03-07T08:32:10","guid":{"rendered":"http:\/\/klubmamgdynia.pl\/?post_type=product&#038;p=5153"},"modified":"2026-04-03T22:34:19","modified_gmt":"2026-04-03T20:34:19","slug":"sluban-klocki-lotnisko-120el-g119885","status":"publish","type":"product","link":"http:\/\/klubmamgdynia.pl\/index.php\/produkt\/sluban-klocki-lotnisko-120el-g119885\/","title":{"rendered":"Sluban Klocki Lotnisko 120El. G119885"},"content":{"rendered":"<p>Klocki sluban lotnisko120 element\u00f3wilo\u015b\u0107 lat (od): 3<\/p>\n<h2>Sluban Klocki Lotnisko 120El. G119885 Sluban<\/h2>\n<p>niech \u017cyj\u0105 wakacje tekst, \u015bwi\u0119ty przemys\u0142aw, zagadki wiosna, test lew czarownica i stara szafa, kolorowanki do wydruku, quiz flagi<\/p>\n<p>yyyyy<\/p>\n<p>&nbsp;<\/p>\n","protected":false},"excerpt":{"rendered":"<p>Klocki sluban lotnisko120 element\u00f3wilo\u015b\u0107 lat (od): 3 Sluban Klocki Lotnisko 120El. G119885 Sluban niech \u017cyj\u0105 wakacje tekst, \u015bwi\u0119ty przemys\u0142aw, zagadki wiosna, test lew czarownica i stara szafa, kolorowanki do wydruku, quiz flagi yyyyy &nbsp;<\/p>\n","protected":false},"featured_media":5154,"comment_status":"closed","ping_status":"open","template":"","meta":[],"product_cat":[113,513],"product_tag":[845,702,758,594,672],"class_list":["post-5153","product","type-product","status-publish","has-post-thumbnail","hentry","product_cat-klocki","product_cat-sluban","product_tag-ach-spij-kochanie-tekst","product_tag-co-kupic-na-roczek-dla-dziewczynki","product_tag-julian","product_tag-podchwytliwe-zagadki-dla-dzieci","product_tag-trudne-zagadki-z-odpowiedziami"],"_links":{"self":[{"href":"http:\/\/klubmamgdynia.pl\/index.php\/wp-json\/wp\/v2\/product\/5153","targetHints":{"allow":["GET"]}}],"collection":[{"href":"http:\/\/klubmamgdynia.pl\/index.php\/wp-json\/wp\/v2\/product"}],"about":[{"href":"http:\/\/klubmamgdynia.pl\/index.php\/wp-json\/wp\/v2\/types\/product"}],"replies":[{"embeddable":true,"href":"http:\/\/klubmamgdynia.pl\/index.php\/wp-json\/wp\/v2\/comments?post=5153"}],"wp:featuredmedia":[{"embeddable":true,"href":"http:\/\/klubmamgdynia.pl\/index.php\/wp-json\/wp\/v2\/media\/5154"}],"wp:attachment":[{"href":"http:\/\/klubmamgdynia.pl\/index.php\/wp-json\/wp\/v2\/media?parent=5153"}],"wp:term":[{"taxonomy":"product_cat","embeddable":true,"href":"http:\/\/klubmamgdynia.pl\/index.php\/wp-json\/wp\/v2\/product_cat?post=5153"},{"taxonomy":"product_tag","embeddable":true,"href":"http:\/\/klubmamgdynia.pl\/index.php\/wp-json\/wp\/v2\/product_tag?post=5153"}],"curies":[{"name":"wp","href":"https:\/\/api.w.org\/{rel}","templated":true}]}}