{"id":5161,"date":"2014-05-23T17:20:47","date_gmt":"2014-05-23T15:20:47","guid":{"rendered":"http:\/\/klubmamgdynia.pl\/index.php\/produkt\/bino-kuchnia-dziecieca-z-pralka-i-akcesoriami-biala-zabawka\/"},"modified":"2026-04-06T01:36:15","modified_gmt":"2026-04-05T23:36:15","slug":"bino-kuchnia-dziecieca-z-pralka-i-akcesoriami-biala-zabawka","status":"publish","type":"product","link":"http:\/\/klubmamgdynia.pl\/index.php\/produkt\/bino-kuchnia-dziecieca-z-pralka-i-akcesoriami-biala-zabawka\/","title":{"rendered":"Bino Kuchnia Dzieci\u0119ca Z Pralk\u0105 I Akcesoriami Bia\u0142a &#8211; Zabawka"},"content":{"rendered":"<p>Szczeg\u00f3\u0142y produktu: Wiek: od 3 lat Liczba cz\u0119\u015bci: 12 Otwarta kuchnia dla dzieci z wystarczaj\u0105c\u0105 ilo\u015bci\u0105 miejsca do zabawy Kilka dzieci mo\u017ce bawi\u0107 si\u0119 w tym samym czasie Wcielanie si\u0119 w r\u00f3\u017cne role pobudza wyobra\u017ani\u0119 Trenuje wsp\u00f3\u0142prac\u0119 w ma\u0142ej grupie Wspiera umiej\u0119tno\u015bci spo\u0142eczne, wp\u0142ywa pozytywnie na funkcje manualne i interaktywno\u015b\u0107 dzieci Pomaga maluchom zrozumie\u0107 koncepcj\u0119 przygotowania jedzenia \u0141atwy monta\u017c, przy u\u017cyciu do\u0142\u0105czonej instrukcji monta\u017cu Wymiary i materia\u0142: Wymiary po z\u0142o\u017ceniu (d\u0142ugo\u015b\u0107 x szeroko\u015b\u0107 x wysoko\u015b\u0107): 64 x 69 x 23 cm Waga: 9 kg Materia\u0142: p\u0142yty MDF, drewno W zestawie: 1 Kuchnia dzieci\u0119ca z pralk\u0105 i akcesoriami (12 cz\u0119\u015bci), bia\u0142a<\/p>\n<h2>Bino Kuchnia Dzieci\u0119ca Z Pralk\u0105 I Akcesoriami Bia\u0142a &#8211; Zabawka BINO<\/h2>\n<p>wzruszaj\u0105ce s\u0142owa dla przyjaciela, kr\u00f3tkie bajki do czytania pdf, szopka do druku, co na roczek dla ch\u0142opca, \u017c\u0105rty na prima aprilis, piosenka przyjed\u017a do nas miko\u0142aju, konkurencje sportowe dla dzieci, tabliczka mno\u017cenia kolorowanki do wydruku, zagadki na inteligencj\u0119 z odpowiedziami, prezent roczek, zagadki dla dzieci 6-7 lat, basen \u015bl\u0105sk<\/p>\n<p>yyyyy<\/p>\n<p>&nbsp;<\/p>\n","protected":false},"excerpt":{"rendered":"<p>Szczeg\u00f3\u0142y produktu: Wiek: od 3 lat Liczba cz\u0119\u015bci: 12 Otwarta kuchnia dla dzieci z wystarczaj\u0105c\u0105 ilo\u015bci\u0105 miejsca do zabawy Kilka dzieci mo\u017ce bawi\u0107 si\u0119 w tym samym czasie Wcielanie si\u0119 w r\u00f3\u017cne role pobudza wyobra\u017ani\u0119 Trenuje wsp\u00f3\u0142prac\u0119 w ma\u0142ej grupie Wspiera umiej\u0119tno\u015bci spo\u0142eczne, wp\u0142ywa pozytywnie na funkcje manualne i interaktywno\u015b\u0107 dzieci Pomaga maluchom zrozumie\u0107 koncepcj\u0119 [&hellip;]<\/p>\n","protected":false},"featured_media":5162,"comment_status":"closed","ping_status":"open","template":"","meta":[],"product_cat":[322,53],"product_tag":[761,747,824,633],"class_list":["post-5161","product","type-product","status-publish","has-post-thumbnail","hentry","product_cat-bino","product_cat-kaciki-zabaw","product_tag-choinko-piekna-jak-las-tekst","product_tag-malowanki-do-druku","product_tag-warszawa-atrakcje-dla-dzieci","product_tag-zagadki-z-odpowiedziami"],"_links":{"self":[{"href":"http:\/\/klubmamgdynia.pl\/index.php\/wp-json\/wp\/v2\/product\/5161","targetHints":{"allow":["GET"]}}],"collection":[{"href":"http:\/\/klubmamgdynia.pl\/index.php\/wp-json\/wp\/v2\/product"}],"about":[{"href":"http:\/\/klubmamgdynia.pl\/index.php\/wp-json\/wp\/v2\/types\/product"}],"replies":[{"embeddable":true,"href":"http:\/\/klubmamgdynia.pl\/index.php\/wp-json\/wp\/v2\/comments?post=5161"}],"wp:featuredmedia":[{"embeddable":true,"href":"http:\/\/klubmamgdynia.pl\/index.php\/wp-json\/wp\/v2\/media\/5162"}],"wp:attachment":[{"href":"http:\/\/klubmamgdynia.pl\/index.php\/wp-json\/wp\/v2\/media?parent=5161"}],"wp:term":[{"taxonomy":"product_cat","embeddable":true,"href":"http:\/\/klubmamgdynia.pl\/index.php\/wp-json\/wp\/v2\/product_cat?post=5161"},{"taxonomy":"product_tag","embeddable":true,"href":"http:\/\/klubmamgdynia.pl\/index.php\/wp-json\/wp\/v2\/product_tag?post=5161"}],"curies":[{"name":"wp","href":"https:\/\/api.w.org\/{rel}","templated":true}]}}