{"id":5163,"date":"2011-11-27T02:27:47","date_gmt":"2011-11-27T01:27:47","guid":{"rendered":"http:\/\/klubmamgdynia.pl\/index.php\/produkt\/ford-oe-szyba-czolowa-hyundai\/"},"modified":"2026-04-06T02:52:15","modified_gmt":"2026-04-06T00:52:15","slug":"ford-oe-szyba-czolowa-hyundai","status":"publish","type":"product","link":"http:\/\/klubmamgdynia.pl\/index.php\/produkt\/ford-oe-szyba-czolowa-hyundai\/","title":{"rendered":"Ford Oe Szyba Czo\u0142owa Hyundai"},"content":{"rendered":"<p>Szyba czo\u0142owa FordNumer katalogowy cz\u0119sci: 1811103Numer producenta: 1811103Szyba czo\u0142owa FordPrzeszklenie: Oszklenie klimakomfort,Przeszklenie akustyczne (redukcja ha\u0142asu),z mocowaniem lusterka,ogrzewany,z przygotowaniem do czujnika deszczu,z przygotowaniem pod czujnik \u015bwiat\u0142a,z sitodrukiemNumer artyku\u0142u zalecanego dodatku: 250002880,250002881,250003578,250003579Zamienniki:1811103W jednym modelu auta, mog\u0105 wyst\u0119powa\u0107 r\u00f3\u017cne warianty cz\u0119\u015bci.W przypadku niepewno\u015bci o w\u0142a\u015bciwy dob\u00f3r cz\u0119\u015bci, zalecana jest weryfikacja wg numeru VIN.<\/p>\n<h2>Ford Oe Szyba Czo\u0142owa Hyundai Ford OE<\/h2>\n<p>filmy animowane o \u015bwi\u0119tach, \u0142amig\u0142\u00f3wki dla dzieci do wydruku, misie z film\u00f3w animowanych, maski do druku kolorowe, atrakcje dla nastolatk\u00f3w<\/p>\n<p>yyyyy<\/p>\n<p>&nbsp;<\/p>\n","protected":false},"excerpt":{"rendered":"<p>Szyba czo\u0142owa FordNumer katalogowy cz\u0119sci: 1811103Numer producenta: 1811103Szyba czo\u0142owa FordPrzeszklenie: Oszklenie klimakomfort,Przeszklenie akustyczne (redukcja ha\u0142asu),z mocowaniem lusterka,ogrzewany,z przygotowaniem do czujnika deszczu,z przygotowaniem pod czujnik \u015bwiat\u0142a,z sitodrukiemNumer artyku\u0142u zalecanego dodatku: 250002880,250002881,250003578,250003579Zamienniki:1811103W jednym modelu auta, mog\u0105 wyst\u0119powa\u0107 r\u00f3\u017cne warianty cz\u0119\u015bci.W przypadku niepewno\u015bci o w\u0142a\u015bciwy dob\u00f3r cz\u0119\u015bci, zalecana jest weryfikacja wg numeru VIN. Ford Oe Szyba Czo\u0142owa Hyundai [&hellip;]<\/p>\n","protected":false},"featured_media":5164,"comment_status":"closed","ping_status":"open","template":"","meta":[],"product_cat":[1292,1293],"product_tag":[838,781,590,858,675,595],"class_list":["post-5163","product","type-product","status-publish","has-post-thumbnail","hentry","product_cat-ford-oe","product_cat-szyby-przednie","product_tag-bajki-dla-dzieci-na-dobranoc","product_tag-cytaty-o-wychowaniu-dzieci","product_tag-plac-zabaw-warszawa","product_tag-podchwytliwe-zagadki","product_tag-test-z-lektury-kajko-i-kokosz-szkola-latania","product_tag-zagadki-dla-6-latka"],"_links":{"self":[{"href":"http:\/\/klubmamgdynia.pl\/index.php\/wp-json\/wp\/v2\/product\/5163","targetHints":{"allow":["GET"]}}],"collection":[{"href":"http:\/\/klubmamgdynia.pl\/index.php\/wp-json\/wp\/v2\/product"}],"about":[{"href":"http:\/\/klubmamgdynia.pl\/index.php\/wp-json\/wp\/v2\/types\/product"}],"replies":[{"embeddable":true,"href":"http:\/\/klubmamgdynia.pl\/index.php\/wp-json\/wp\/v2\/comments?post=5163"}],"wp:featuredmedia":[{"embeddable":true,"href":"http:\/\/klubmamgdynia.pl\/index.php\/wp-json\/wp\/v2\/media\/5164"}],"wp:attachment":[{"href":"http:\/\/klubmamgdynia.pl\/index.php\/wp-json\/wp\/v2\/media?parent=5163"}],"wp:term":[{"taxonomy":"product_cat","embeddable":true,"href":"http:\/\/klubmamgdynia.pl\/index.php\/wp-json\/wp\/v2\/product_cat?post=5163"},{"taxonomy":"product_tag","embeddable":true,"href":"http:\/\/klubmamgdynia.pl\/index.php\/wp-json\/wp\/v2\/product_tag?post=5163"}],"curies":[{"name":"wp","href":"https:\/\/api.w.org\/{rel}","templated":true}]}}