{"id":5165,"date":"2024-10-10T06:52:01","date_gmt":"2024-10-10T04:52:01","guid":{"rendered":"http:\/\/klubmamgdynia.pl\/?post_type=product&#038;p=5165"},"modified":"2026-05-17T22:06:14","modified_gmt":"2026-05-17T20:06:14","slug":"jmj-katalizator-audi-a4-vw-passat-b5-1-8t-jmj1090482","status":"publish","type":"product","link":"http:\/\/klubmamgdynia.pl\/index.php\/produkt\/jmj-katalizator-audi-a4-vw-passat-b5-1-8t-jmj1090482\/","title":{"rendered":"JMJ Katalizator Audi A4\/VW Passat B5 1.8T JMJ1090482"},"content":{"rendered":"<p>Posiada wk\u0142ad spe\u0142niaj\u0105cy\u00a0 okre\u015blon\u0105 norm\u0119 emisji spalin\u00a0EURO\u00a0\u00a0,<br \/>\nwsp\u00f3\u0142pracuje z komputerem, certyfikat TUV<br \/>\nobj\u0119ty jest\u00a024 miesi\u0119czn\u0105 pisemn\u0105 gwarancj\u0105<br \/>\nbez limit\u00f3w i ogranicze\u0144!!!<br \/>\nWk\u0142ad nowej generacji zalecany do instalacji !!\u00a0LPG\u00a0!!<br \/>\n\u00a0<br \/>\n!!\u00a0HOMOLOGACJA E 24 &#8211; 103 R\u00a0!!<br \/>\n\u00a0<br \/>\nKatalizator\u00a0jest fabrycznie nowy!!!Audi A4 1.8i AEB 10\/94- Audi A4 1.8i ANB 1\/99-1\/01 Audi A4 1.8i ARK 3\/99-9\/01 Audi A6 1.8i APU 7\/97-5\/01 Audi A6 1.8i AEB 12\/96- Volkswagen Passat 1.8i AEB 10\/96-9\/00 Volkswagen Passat 1.8i APU 3\/99-9\/00 Volkswagen Passat 1.8i ANB 3\/99-9\/00 Referencja BOSAL 099-059 OE :\u00a04B0254200AX 4B0254200JX 8D0131089BX 8D0131090X 4B0254200AX 8D0131089BX\u00a0<\/p>\n<h2>JMJ Katalizator Audi A4\/VW Passat B5 1.8T JMJ1090482 JMJ<\/h2>\n<p>quizy dla dzieci 7 lat, kolorowanki dla dziewczynek 10 lat, zagadki matematyczne na logik\u0119, przyja\u017a\u0144 cytaty, kolorowanka kotka<\/p>\n<p>yyyyy<\/p>\n<p>&nbsp;<\/p>\n","protected":false},"excerpt":{"rendered":"<p>Posiada wk\u0142ad spe\u0142niaj\u0105cy\u00a0 okre\u015blon\u0105 norm\u0119 emisji spalin\u00a0EURO\u00a0\u00a0, wsp\u00f3\u0142pracuje z komputerem, certyfikat TUV obj\u0119ty jest\u00a024 miesi\u0119czn\u0105 pisemn\u0105 gwarancj\u0105 bez limit\u00f3w i ogranicze\u0144!!! Wk\u0142ad nowej generacji zalecany do instalacji !!\u00a0LPG\u00a0!! \u00a0 !!\u00a0HOMOLOGACJA E 24 &#8211; 103 R\u00a0!! \u00a0 Katalizator\u00a0jest fabrycznie nowy!!!Audi A4 1.8i AEB 10\/94- Audi A4 1.8i ANB 1\/99-1\/01 Audi A4 1.8i ARK 3\/99-9\/01 Audi A6 [&hellip;]<\/p>\n","protected":false},"featured_media":5166,"comment_status":"closed","ping_status":"open","template":"","meta":[],"product_cat":[1304,1305],"product_tag":[763,828,813,779],"class_list":["post-5165","product","type-product","status-publish","has-post-thumbnail","hentry","product_cat-jmj","product_cat-katalizatory","product_tag-fabian","product_tag-filmy-wigilijne-dla-dzieci","product_tag-krotkie-zagadki-matematyczne-z-odpowiedziami","product_tag-zarty-na-prima-aprilis-w-domu"],"_links":{"self":[{"href":"http:\/\/klubmamgdynia.pl\/index.php\/wp-json\/wp\/v2\/product\/5165","targetHints":{"allow":["GET"]}}],"collection":[{"href":"http:\/\/klubmamgdynia.pl\/index.php\/wp-json\/wp\/v2\/product"}],"about":[{"href":"http:\/\/klubmamgdynia.pl\/index.php\/wp-json\/wp\/v2\/types\/product"}],"replies":[{"embeddable":true,"href":"http:\/\/klubmamgdynia.pl\/index.php\/wp-json\/wp\/v2\/comments?post=5165"}],"wp:featuredmedia":[{"embeddable":true,"href":"http:\/\/klubmamgdynia.pl\/index.php\/wp-json\/wp\/v2\/media\/5166"}],"wp:attachment":[{"href":"http:\/\/klubmamgdynia.pl\/index.php\/wp-json\/wp\/v2\/media?parent=5165"}],"wp:term":[{"taxonomy":"product_cat","embeddable":true,"href":"http:\/\/klubmamgdynia.pl\/index.php\/wp-json\/wp\/v2\/product_cat?post=5165"},{"taxonomy":"product_tag","embeddable":true,"href":"http:\/\/klubmamgdynia.pl\/index.php\/wp-json\/wp\/v2\/product_tag?post=5165"}],"curies":[{"name":"wp","href":"https:\/\/api.w.org\/{rel}","templated":true}]}}