{"id":5167,"date":"2023-07-22T18:57:48","date_gmt":"2023-07-22T16:57:48","guid":{"rendered":"http:\/\/klubmamgdynia.pl\/?post_type=product&#038;p=5167"},"modified":"2026-05-17T22:20:30","modified_gmt":"2026-05-17T20:20:30","slug":"blackvue-kabel-20m-do-dr650s-dr750s-dr900s-2ch-cc20","status":"publish","type":"product","link":"http:\/\/klubmamgdynia.pl\/index.php\/produkt\/blackvue-kabel-20m-do-dr650s-dr750s-dr900s-2ch-cc20\/","title":{"rendered":"Blackvue Kabel 20M Do Dr650S Dr750S Dr900S 2Ch Cc20"},"content":{"rendered":"<p>BlackVue CC-20 okablowaniekabel koncentryczny 20 metr\u00f3w do wybranych rejestrator\u00f3w dwukana\u0142owychBlackVue CC-20 to przew\u00f3d \u0142\u0105cz\u0105cy wideorejestrator (modu\u0142 g\u0142\u00f3wny z przedni\u0105 kamer\u0105) z tyln\u0105 kamer\u0105 &#8211; d\u0142ugo\u015b\u0107 20-metr\u00f3w.Okablowanie przeznaczone jest do kamer:DR650S-2CHDR750S-2CHDR900S-2CHDR430-2CHDR470-2CHSpecyfikacja:d\u0142ugo\u015bc: 20mz\u0142\u0105cza: MCX (k\u0105towy prawy), MCX (prosty)typ przewodu: RG-174waga: ok. 90 gZawarto\u015b\u0107 przesy\u0142ki ze sklepu Konektor:okablowanie BlackVue CC-20KONEKTOR jest autoryzowanym sprzedawc\u0105 produkt\u00f3w BlackVue w Polsce.Polska gwarancja. Sprowadzamy wszystkie produkty BlackVue na zam\u00f3wienie.Mozliwy tak\u017ce monta\u017c sprz\u0119tu w naszym serwisie.<\/p>\n<h2>Blackvue Kabel 20M Do Dr650S Dr750S Dr900S 2Ch Cc20 Blackvue<\/h2>\n<p>prezent na roczek od babci, bajka na dobranoc do czytania, znaczenie imienia julian, kanapeczki na urodziny dziecka, piosenka na dzie\u0144 mamy tekst, zimowe zabawy dla dzieci, imi\u0119 alan, stare piosenki, kolorowanki antystresowe, prezent na pierwsze urodziny, szablony zimowe do wydruku, \u0142\u0105czenie kropek, zabawy dla 5-6 latk\u00f3w, prezent dla 7 latka ch\u0142opca, malowanki dla dzieci, roczek dziewczynki, nadia<\/p>\n<p>yyyyy<\/p>\n<p>&nbsp;<\/p>\n","protected":false},"excerpt":{"rendered":"<p>BlackVue CC-20 okablowaniekabel koncentryczny 20 metr\u00f3w do wybranych rejestrator\u00f3w dwukana\u0142owychBlackVue CC-20 to przew\u00f3d \u0142\u0105cz\u0105cy wideorejestrator (modu\u0142 g\u0142\u00f3wny z przedni\u0105 kamer\u0105) z tyln\u0105 kamer\u0105 &#8211; d\u0142ugo\u015b\u0107 20-metr\u00f3w.Okablowanie przeznaczone jest do kamer:DR650S-2CHDR750S-2CHDR900S-2CHDR430-2CHDR470-2CHSpecyfikacja:d\u0142ugo\u015bc: 20mz\u0142\u0105cza: MCX (k\u0105towy prawy), MCX (prosty)typ przewodu: RG-174waga: ok. 90 gZawarto\u015b\u0107 przesy\u0142ki ze sklepu Konektor:okablowanie BlackVue CC-20KONEKTOR jest autoryzowanym sprzedawc\u0105 produkt\u00f3w BlackVue w Polsce.Polska gwarancja. [&hellip;]<\/p>\n","protected":false},"featured_media":5168,"comment_status":"closed","ping_status":"open","template":"","meta":[],"product_cat":[1306,893],"product_tag":[817,802,755,582,737,869],"class_list":["post-5167","product","type-product","status-publish","has-post-thumbnail","hentry","product_cat-blackvue","product_cat-kamery-samochodowe","product_tag-bajka-terapeutyczna-o-emocjach","product_tag-co-kupic-dziewczynce-na-roczek","product_tag-henryk","product_tag-nauka-pisania-literek-do-wydruku-pdf","product_tag-test-z-lektury-felix-net-i-nika-oraz-gang-niewidzialnych-ludzi","product_tag-zagadki-na-logike"],"_links":{"self":[{"href":"http:\/\/klubmamgdynia.pl\/index.php\/wp-json\/wp\/v2\/product\/5167","targetHints":{"allow":["GET"]}}],"collection":[{"href":"http:\/\/klubmamgdynia.pl\/index.php\/wp-json\/wp\/v2\/product"}],"about":[{"href":"http:\/\/klubmamgdynia.pl\/index.php\/wp-json\/wp\/v2\/types\/product"}],"replies":[{"embeddable":true,"href":"http:\/\/klubmamgdynia.pl\/index.php\/wp-json\/wp\/v2\/comments?post=5167"}],"wp:featuredmedia":[{"embeddable":true,"href":"http:\/\/klubmamgdynia.pl\/index.php\/wp-json\/wp\/v2\/media\/5168"}],"wp:attachment":[{"href":"http:\/\/klubmamgdynia.pl\/index.php\/wp-json\/wp\/v2\/media?parent=5167"}],"wp:term":[{"taxonomy":"product_cat","embeddable":true,"href":"http:\/\/klubmamgdynia.pl\/index.php\/wp-json\/wp\/v2\/product_cat?post=5167"},{"taxonomy":"product_tag","embeddable":true,"href":"http:\/\/klubmamgdynia.pl\/index.php\/wp-json\/wp\/v2\/product_tag?post=5167"}],"curies":[{"name":"wp","href":"https:\/\/api.w.org\/{rel}","templated":true}]}}