{"id":517,"date":"2022-05-05T10:27:42","date_gmt":"2022-05-05T08:27:42","guid":{"rendered":"http:\/\/klubmamgdynia.pl\/index.php\/produkt\/mombella-gryzak-z-grzechotka-slimak\/"},"modified":"2026-04-30T12:49:31","modified_gmt":"2026-04-30T10:49:31","slug":"mombella-gryzak-z-grzechotka-slimak","status":"publish","type":"product","link":"http:\/\/klubmamgdynia.pl\/index.php\/produkt\/mombella-gryzak-z-grzechotka-slimak\/","title":{"rendered":"Mombella Gryzak Z Grzechotk\u0105 \u015alimak"},"content":{"rendered":"<p>Mombella Gryzak z Grzechotk\u0105 \u015alimakNumer kat. P8073Gryzak w kszta\u0142cie \u015alimaka zosta\u0142 zaprojektowany z my\u015bl\u0105 o najm\u0142odszych dzieciach. Produkt pe\u0142ni nie tylko rol\u0119 gryzaka, ale r\u00f3wnie\u017c jest grzechotk\u0105. Po bokach \u015blimaka znajduj\u0105 si\u0119 grzechoc\u0105ce k\u00f3\u0142eczka. Mi\u0119kki \u015blimak idealnie pasuje do ma\u0142ych r\u0105czek i pozwala maluchowi \u0107wiczy\u0107 odruch chwytania, rozwiaj\u0105c przy tym zdolno\u015bci motoryczne dziecka.Cz\u00f3\u0142ki \u015alimaka maj\u0105 kszta\u0142 smoczka, kt\u00f3ry delikatnie masuje dzi\u0105se\u0142ka malucha i \u0142agodzi b\u00f3l podczas z\u0105bkowania. Produkt jest bezpieczny i \u0142atwy w gryzieniu nawet po och\u0142odzeniu. Kszta\u0142t \u015alimaka i jego kolorystyka zach\u0119c\u0105 Malucha do zabawy. Gryzak mo\u017cna u\u017cywa\u0107 w zmywarce, mikrofal\u00f3wce, a tak\u017ce zamra\u017carce.Cechy:- atrakcyjny wygl\u0105d- produkt 2w1 \u2013 gryzak i grzechotka- mi\u0119kki i elastyczny, dzia\u0142a \u0142agodz\u0105co na dzi\u0105s\u0142a dziecka- idealny kszta\u0142t i rozmiar umo\u017cliwiaj\u0105cy chwytanie- mi\u0119kka i r\u00f3\u017cnorodna tekstura- u\u015bmierza b\u00f3l dzi\u0105se\u0142ek podczas z\u0105bkowania- mo\u017cliwo\u015b\u0107 mycia w zmywarkach i przechowywania w zamra\u017carkach- bezpieczny dla dziecka wolny od BPA, ftalan\u00f3wWymiary gryzaka:- szeroko\u015b\u0107 12 cm- wysoko\u015b\u0107 9,5 cm- grubo\u015b\u0107 9 cmWymiary opakowania:- szeroko\u015b\u0107 12 cm- wysoko\u015b\u0107 13 cm- g\u0142\u0119boko\u015b\u0107 8,5 cmM\u00f6mbella\u00ae to bardzo szybko rosn\u0105ca marka stworzona w 2013 roku przez Davida Guana. M\u0142ody ojciec z dzieci\u0119cioletnim do\u015bwiadczeniem pracy w przedszkolach, wpad\u0142 na pomys\u0142 stworzenia mi\u0119kkich, bezpiecznych zabawek dla dzieci. Wspieraj\u0105c si\u0119 swoimi obserwacjami i oraz badaniami na temat produkt\u00f3w dla niemowl\u0105t, jako specjalista w dziedzinie pediatrii zda\u0142 sobie spraw\u0119, \u017ce brakuje na rynku dobrych gryzak\u00f3w, a silikon jest najlepszym materia\u0142em do ich produkcji. Produkty wykonywane s\u0105 z mi\u0142o\u015bci\u0105 i trosk\u0105, po to, aby zapewni\u0107 dziecku komfort i bezpiecze\u0144stwo podczas ich u\u017cywania.<\/p>\n<h2>Mombella Gryzak Z Grzechotk\u0105 \u015alimak Mombella<\/h2>\n<p>zagadki logiczne na inteligencj\u0119, bajki dla chlopcow, \u017carty na prima aprilis na rodzic\u00f3w, kartki na dobranoc dla przyjaci\u00f3\u0142, nela w krainie wombat\u00f3w, quiz o minecraft, prezent dla dziewczynki na roczek<\/p>\n<p>yyyyy<\/p>\n<p>&nbsp;<\/p>\n","protected":false},"excerpt":{"rendered":"<p>Mombella Gryzak z Grzechotk\u0105 \u015alimakNumer kat. P8073Gryzak w kszta\u0142cie \u015alimaka zosta\u0142 zaprojektowany z my\u015bl\u0105 o najm\u0142odszych dzieciach. Produkt pe\u0142ni nie tylko rol\u0119 gryzaka, ale r\u00f3wnie\u017c jest grzechotk\u0105. Po bokach \u015blimaka znajduj\u0105 si\u0119 grzechoc\u0105ce k\u00f3\u0142eczka. Mi\u0119kki \u015blimak idealnie pasuje do ma\u0142ych r\u0105czek i pozwala maluchowi \u0107wiczy\u0107 odruch chwytania, rozwiaj\u0105c przy tym zdolno\u015bci motoryczne dziecka.Cz\u00f3\u0142ki \u015alimaka maj\u0105 [&hellip;]<\/p>\n","protected":false},"featured_media":518,"comment_status":"closed","ping_status":"open","template":"","meta":[],"product_cat":[63,194],"product_tag":[863,867,856],"class_list":["post-517","product","type-product","status-publish","has-post-thumbnail","hentry","product_cat-grzechotki-i-gryzaki","product_cat-mombella","product_tag-bajki-dla-dziewczynek","product_tag-kolorowanki-dla-dziewczynek","product_tag-prezent-dla-16-latki"],"_links":{"self":[{"href":"http:\/\/klubmamgdynia.pl\/index.php\/wp-json\/wp\/v2\/product\/517","targetHints":{"allow":["GET"]}}],"collection":[{"href":"http:\/\/klubmamgdynia.pl\/index.php\/wp-json\/wp\/v2\/product"}],"about":[{"href":"http:\/\/klubmamgdynia.pl\/index.php\/wp-json\/wp\/v2\/types\/product"}],"replies":[{"embeddable":true,"href":"http:\/\/klubmamgdynia.pl\/index.php\/wp-json\/wp\/v2\/comments?post=517"}],"wp:featuredmedia":[{"embeddable":true,"href":"http:\/\/klubmamgdynia.pl\/index.php\/wp-json\/wp\/v2\/media\/518"}],"wp:attachment":[{"href":"http:\/\/klubmamgdynia.pl\/index.php\/wp-json\/wp\/v2\/media?parent=517"}],"wp:term":[{"taxonomy":"product_cat","embeddable":true,"href":"http:\/\/klubmamgdynia.pl\/index.php\/wp-json\/wp\/v2\/product_cat?post=517"},{"taxonomy":"product_tag","embeddable":true,"href":"http:\/\/klubmamgdynia.pl\/index.php\/wp-json\/wp\/v2\/product_tag?post=517"}],"curies":[{"name":"wp","href":"https:\/\/api.w.org\/{rel}","templated":true}]}}