{"id":5171,"date":"2014-04-19T14:48:04","date_gmt":"2014-04-19T12:48:04","guid":{"rendered":"http:\/\/klubmamgdynia.pl\/index.php\/produkt\/tm-toys-cry-babies-pet-house-zwierzaki-do-kolekcjonowania-mietowy-cry-babies-pets-turkusowy-240701\/"},"modified":"2026-04-25T04:52:32","modified_gmt":"2026-04-25T02:52:32","slug":"tm-toys-cry-babies-pet-house-zwierzaki-do-kolekcjonowania-mietowy-cry-babies-pets-turkusowy-240701","status":"publish","type":"product","link":"http:\/\/klubmamgdynia.pl\/index.php\/produkt\/tm-toys-cry-babies-pet-house-zwierzaki-do-kolekcjonowania-mietowy-cry-babies-pets-turkusowy-240701\/","title":{"rendered":"Tm Toys Cry Babies Pet House Zwierzaki Do Kolekcjonowania Mi\u0119towy Cry Babies Pets Turkusowy 240701"},"content":{"rendered":"<p>Mini zwierzaki domowe Cry Babies to urocze s\u0142odziaki, kt\u00f3re p\u0142acz\u0105 prawdziwymi \u0142zami. Ka\u017cdy zwierzak mieszka w swoim domku, kt\u00f3ry jest dost\u0119pny w dw\u00f3ch wersjach kolorystycznych. Niekt\u00f3re opakowania zawieraj\u0105 z\u0142ote akcesoria niespodzianki. Wystarczy nape\u0142ni\u0107 buteleczk\u0119 wod\u0105, nakarmi\u0107 zwierzaczka, a po naci\u015bni\u0119ciu brzuszka \u2013 po policzkach pop\u0142yn\u0105 \u0142zy. Zbierz ca\u0142\u0105 kolekcj\u0119, jest ich a\u017c 12. Zabawka wymaga wody, by mog\u0142a p\u0142aka\u0107.Zestaw zawiera:p\u0142acz\u0105ce mini zwierz\u0105tko niespodzianka Cry Babies Magic Tears buteleczk\u0119 domek-opakowanieplakat kolekcjonerskiUwaga: Zwierz\u0105tko nie wydaje \u017cadnych d\u017awi\u0119k\u00f3w. Domki wyst\u0119puj\u0105 w dw\u00f3ch wariantach kolorystycznych i s\u0105 wysy\u0142ane losowo. Nie ma mo\u017cliwo\u015bci wybrania koloru domku ani wzoru lal1 szt.eczki.Cena dotyczy<\/p>\n<h2>Tm Toys Cry Babies Pet House Zwierzaki Do Kolekcjonowania Mi\u0119towy Cry Babies Pets Turkusowy 240701 TM Toys<\/h2>\n<p>bajki do czytania online, zabawy dla 7 latki, nauka j\u0119zyka polskiego dla dzieci z ukrainy materia\u0142y, zagadki kr\u00f3tkie, kontynenty dla dzieci do druku, prezent dla 14 latki, andrzejki kolorowanki do druku, miriam imi\u0119, my jeste\u015bmy krasnoludki tekst, desery dla dzieci, malowanki \u015bwi\u0105teczne, cukierku ty \u0142obuzie test, julian, film rodzinny o \u015bwi\u0119tach, tekst ko\u0142ysanki, malowanki dla dzieci do druku<\/p>\n<p>yyyyy<\/p>\n<p>&nbsp;<\/p>\n","protected":false},"excerpt":{"rendered":"<p>Mini zwierzaki domowe Cry Babies to urocze s\u0142odziaki, kt\u00f3re p\u0142acz\u0105 prawdziwymi \u0142zami. Ka\u017cdy zwierzak mieszka w swoim domku, kt\u00f3ry jest dost\u0119pny w dw\u00f3ch wersjach kolorystycznych. Niekt\u00f3re opakowania zawieraj\u0105 z\u0142ote akcesoria niespodzianki. Wystarczy nape\u0142ni\u0107 buteleczk\u0119 wod\u0105, nakarmi\u0107 zwierzaczka, a po naci\u015bni\u0119ciu brzuszka \u2013 po policzkach pop\u0142yn\u0105 \u0142zy. Zbierz ca\u0142\u0105 kolekcj\u0119, jest ich a\u017c 12. Zabawka wymaga [&hellip;]<\/p>\n","protected":false},"featured_media":5172,"comment_status":"closed","ping_status":"open","template":"","meta":[],"product_cat":[95,145],"product_tag":[622,852,677,840],"class_list":["post-5171","product","type-product","status-publish","has-post-thumbnail","hentry","product_cat-figurki-makiety-i-zestawy","product_cat-tm-toys","product_tag-fajne-zagadki","product_tag-jak-zrobic-samolot-z-papieru","product_tag-milosz-imie","product_tag-stare-bajki"],"_links":{"self":[{"href":"http:\/\/klubmamgdynia.pl\/index.php\/wp-json\/wp\/v2\/product\/5171","targetHints":{"allow":["GET"]}}],"collection":[{"href":"http:\/\/klubmamgdynia.pl\/index.php\/wp-json\/wp\/v2\/product"}],"about":[{"href":"http:\/\/klubmamgdynia.pl\/index.php\/wp-json\/wp\/v2\/types\/product"}],"replies":[{"embeddable":true,"href":"http:\/\/klubmamgdynia.pl\/index.php\/wp-json\/wp\/v2\/comments?post=5171"}],"wp:featuredmedia":[{"embeddable":true,"href":"http:\/\/klubmamgdynia.pl\/index.php\/wp-json\/wp\/v2\/media\/5172"}],"wp:attachment":[{"href":"http:\/\/klubmamgdynia.pl\/index.php\/wp-json\/wp\/v2\/media?parent=5171"}],"wp:term":[{"taxonomy":"product_cat","embeddable":true,"href":"http:\/\/klubmamgdynia.pl\/index.php\/wp-json\/wp\/v2\/product_cat?post=5171"},{"taxonomy":"product_tag","embeddable":true,"href":"http:\/\/klubmamgdynia.pl\/index.php\/wp-json\/wp\/v2\/product_tag?post=5171"}],"curies":[{"name":"wp","href":"https:\/\/api.w.org\/{rel}","templated":true}]}}