{"id":5173,"date":"2014-09-05T02:46:58","date_gmt":"2014-09-05T00:46:58","guid":{"rendered":"http:\/\/klubmamgdynia.pl\/index.php\/produkt\/promocja-przyczepa-przyczepka-neptun-plandeka\/"},"modified":"2026-04-05T17:43:02","modified_gmt":"2026-04-05T15:43:02","slug":"promocja-przyczepa-przyczepka-neptun-plandeka","status":"publish","type":"product","link":"http:\/\/klubmamgdynia.pl\/index.php\/produkt\/promocja-przyczepa-przyczepka-neptun-plandeka\/","title":{"rendered":"PROMOCJA Przyczepa przyczepka Neptun plandeka"},"content":{"rendered":"<p>Obecnie w promocji mamy now\u0105 przyczep\u0119 samochodow\u0105, lekk\u0105 \u2013 DMC \u2013 750 kg, o \u0142adowno\u015bci 640 kg w komplecie ze stela\u017cem i plandek\u0105.Przyczepa N7-202 ptw jest lekk\u0105 jednoosiow\u0105 przyczep\u0105 nale\u017c\u0105c\u0105 do linii PRATIK firmy Neptun. Jest to idealna propozycja dla os\u00f3b szukaj\u0105cych niewielkiej, solidnej i funkcjonalnej przyczepy. Wymiary wewn\u0119trzne tej przyczepy to 202x114x110. Przyczepa ta jest bardzo starannie i precyzyjne wykonana. W naro\u017cnikach skrzyni znajduj\u0105 si\u0119 uchwyty liny mocuj\u0105cej \u0142adunek. Na burtach umieszczone s\u0105 zaczepy do mocowania plandek zar\u00f3wno p\u0142askich jak i wysokich na stela\u017cach. Dyszel strza\u0142kowy jest wzmocniony. Elementy gumowe osi zapewniaj\u0105 bezpieczn\u0105 i stabiln\u0105 jazd\u0119. Wielofunkcyjne lampy s\u0105 zamontowanie pod tyln\u0105 burt\u0105 przez co s\u0105 chronione przed uszkodzeniami, wilgoci\u0105 i b\u0142otem.NAZWA \u2013 N7-202 ptd (GN135)PRODUCENT \u2013 NeptunDMC \u2013 750-500kg\u0141ADOWNO\u015a\u0106 \u2013 640 kgMASA W\u0141ASNA \u2013 110kgWYMIARY WEWN\u0118TRZNE \u2013 202x114x32 cmGWARANCJA \u2013 24 miesi\u0105ceWyposa\u017cenie standardoweO\u015b niehamowanaZaczep kulowy 750 kgBurty staloweStela\u017c z plandek\u0105 80 cm od burtyUchwyty do spinania \u0142adunku umieszczone s\u0105 w naro\u017cnikach skrzyni \u2013 4 sztKo\u0142a 155\/70 R13,Solidna, wodoodporna, antypo\u015blizgowa pod\u0142oga 9 mmB\u0142otniki z polietylenuRamka do tablicy rejestracyjnejWielofunkcyjne lampy s\u0105 zamontowanie wewn\u0105trz tylnej belki przez co s\u0105 chronione przed uszkodzeniami, wilgoci\u0105 b\u0142otemInstalacja elektryczna 12V ( zgodnie z przepisami ruchu drogowego )Wtyczka 7-biegunowaWyposa\u017cenie dodatkoweKo\u0142o zapasowe \u2013 250 z\u0142Ko\u0142o podporowe z obejm\u0105 \u2013 65 z\u0142Plandeka p\u0142aska \u2013 130 z\u0142Zabezpieczenie antykradzie\u017cowe -20 z\u0142Kliny \u2013 16 z\u0142 \/ szt.Nadstawki siatkoweNadstawki pe\u0142neInformacje dodatkoweHOMOLOGACJABEZ PRZEGL\u0104D\u00d3WKATEGORIA BFAKTURA VATGOTOWA DO REJESTRACJIJe\u015bli b\u0119d\u0105 mieli Pa\u0144stwo jakie\u015b w\u0105tpliwo\u015bci i pytania, nasi specjali\u015bci zawsze udziel\u0105 fachowej odpowiedzi. Je\u017celi nie znale\u017ali Pa\u0144stwo oferty, kt\u00f3ra odpowiada\u0142aby Pa\u0144stwa oczekiwaniom &#8211; prosimy o kontakt!Sporz\u0105dzamy r\u00f3wnie\u017c indywidualne oferty na \u017cyczenie klienta!KONTAKT: 795 482 759 lub 600 878 710KUBIX Izabela Jab\u0142onowskaul. Sielska 17A10-801 OlsztynPO ZAKUPIE PRZYCZEPY NALE\u017bY WP\u0141ACI\u0106 ZALICZK\u0118!!!Santander Bank80 1910 1048 2120 0000 5387 0001Podczas zakupu otrzymacie Pa\u0144stwo wszystkie dokumenty potrzebne do rejestracji przyczepy:Faktura VATHomologacja oraz o\u015bwiadczenie o danych i informacjach niezb\u0119dnych do rejestracji i ewidencji pojazd\u00f3wO\u015bwiadczenie o autoryzacji dystrybutoraKORZY\u015aCI P\u0141YN\u0104CE Z DOWOZUDOSTAWA TYLKO 200 z\u0142 &#8211; DOWOZIMY POD DOM, ca\u0142a Polska!!!WYGODA \u2013 DOWOZIMY POD DOM!DOSTAWA NASZYM TRANSPORTEM TO UNIKNI\u0118CIE OTRZYMANIA MANDATU ZA JAZD\u0118 Z PRZYCZEP\u0104 NIEUBEZPIECZON\u0104 I NIEZAREJESTROWAN\u0104!!!OSZCZ\u0118DNO\u015a\u0106 CZASUDOW\u00d3Z NOW\u0104 PROFESJONALN\u0104 AUTO-LAWET\u0104DOSTARCZAMY UBEZPIECZONE PRZYCZEPYKORZY\u015aCI P\u0141YN\u0104CE Z ZAKUPUNAJNI\u017bSZA CENAFACHOWA POMOC I OBS\u0141UGANAJWI\u0118KSZY ASORTYMENTPONAD 6 TYSI\u0118CY ZADOWOLONYCH KLIENT\u00d3WPRZYCZEPY TYLKO Z HOMOLOGACJ\u0104 GOTOWE DO REJESTRACJI BEZ DODATKOWEGO PRZEGL\u0104DU!!!ZAPRASZAMY SERDECZNIE NA INNE AUKCJE NASZEJ FIRMY ORAZ NASZ\u0104 STRON\u0118 INTERNETOW\u0104. W SWOJEJ OFERCIE POSIADAMY FABRYCZNIE NOWE PRZYCZEPY MARKI NIEWIAD\u00d3W, NEPTUN, FARO, SYLAND oraz MUSTANG STRONG..KUBIX Izabela Jab\u0142onowskaul. Sielska 17A10-801 Olsztyn+48 795 482 759 lub 790 790 873+49 176 240 4 0243Faktura: faktura VATUszkodzony:<\/p>\n<h2>PROMOCJA Przyczepa przyczepka Neptun plandeka <\/h2>\n<p>kolorowanki lato, wielkanocne zagadki, nauka zegara do druku pdf, bajki do czytania online, smoki rysunek<\/p>\n<p>yyyyy<\/p>\n<p>&nbsp;<\/p>\n","protected":false},"excerpt":{"rendered":"<p>Obecnie w promocji mamy now\u0105 przyczep\u0119 samochodow\u0105, lekk\u0105 \u2013 DMC \u2013 750 kg, o \u0142adowno\u015bci 640 kg w komplecie ze stela\u017cem i plandek\u0105.Przyczepa N7-202 ptw jest lekk\u0105 jednoosiow\u0105 przyczep\u0105 nale\u017c\u0105c\u0105 do linii PRATIK firmy Neptun. Jest to idealna propozycja dla os\u00f3b szukaj\u0105cych niewielkiej, solidnej i funkcjonalnej przyczepy. Wymiary wewn\u0119trzne tej przyczepy to 202x114x110. Przyczepa ta [&hellip;]<\/p>\n","protected":false},"featured_media":5174,"comment_status":"closed","ping_status":"open","template":"","meta":[],"product_cat":[1309],"product_tag":[836,775,770,794,693],"class_list":["post-5173","product","type-product","status-publish","has-post-thumbnail","hentry","product_cat-przyczepy","product_tag-co-kupic-dziecku-na-roczek","product_tag-kolorowanki-do-druku-pokemon","product_tag-samolot-z-papieru","product_tag-test-opowiesci-z-narnii-lew-czarownica-i-stara-szafa-do-druku","product_tag-zagadki-dla-doroslych"],"_links":{"self":[{"href":"http:\/\/klubmamgdynia.pl\/index.php\/wp-json\/wp\/v2\/product\/5173","targetHints":{"allow":["GET"]}}],"collection":[{"href":"http:\/\/klubmamgdynia.pl\/index.php\/wp-json\/wp\/v2\/product"}],"about":[{"href":"http:\/\/klubmamgdynia.pl\/index.php\/wp-json\/wp\/v2\/types\/product"}],"replies":[{"embeddable":true,"href":"http:\/\/klubmamgdynia.pl\/index.php\/wp-json\/wp\/v2\/comments?post=5173"}],"wp:featuredmedia":[{"embeddable":true,"href":"http:\/\/klubmamgdynia.pl\/index.php\/wp-json\/wp\/v2\/media\/5174"}],"wp:attachment":[{"href":"http:\/\/klubmamgdynia.pl\/index.php\/wp-json\/wp\/v2\/media?parent=5173"}],"wp:term":[{"taxonomy":"product_cat","embeddable":true,"href":"http:\/\/klubmamgdynia.pl\/index.php\/wp-json\/wp\/v2\/product_cat?post=5173"},{"taxonomy":"product_tag","embeddable":true,"href":"http:\/\/klubmamgdynia.pl\/index.php\/wp-json\/wp\/v2\/product_tag?post=5173"}],"curies":[{"name":"wp","href":"https:\/\/api.w.org\/{rel}","templated":true}]}}