{"id":5175,"date":"2015-01-24T20:47:22","date_gmt":"2015-01-24T19:47:22","guid":{"rendered":"http:\/\/klubmamgdynia.pl\/index.php\/produkt\/volt-polska-przetwornica-napiecia-12v-24v-230v-600-1200w-duo-3ips912249\/"},"modified":"2026-04-26T00:12:29","modified_gmt":"2026-04-25T22:12:29","slug":"volt-polska-przetwornica-napiecia-12v-24v-230v-600-1200w-duo-3ips912249","status":"publish","type":"product","link":"http:\/\/klubmamgdynia.pl\/index.php\/produkt\/volt-polska-przetwornica-napiecia-12v-24v-230v-600-1200w-duo-3ips912249\/","title":{"rendered":"Volt Polska Przetwornica Napi\u0119cia 12V 24V 230V 600 1200W Duo 3Ips912249"},"content":{"rendered":"<p>Przetwornica napi\u0119cia 12V\/24V \/ 230V 600\/1200W DUO<\/p>\n<h2>Volt Polska Przetwornica Napi\u0119cia 12V 24V 230V 600 1200W Duo 3Ips912249 Volt Polska<\/h2>\n<p>kolorowanki koty, quiz o tajemniczym ogrodzie, wielkanocne zagadki, \u015bwi\u0105teczne filmy familijne, krecik bajka, quiz flagi, uk\u0142ad s\u0142oneczny kolorowanka, zagadki dla dzieci 6-7 lat<\/p>\n<p>yyyyy<\/p>\n<p>&nbsp;<\/p>\n","protected":false},"excerpt":{"rendered":"<p>Przetwornica napi\u0119cia 12V\/24V \/ 230V 600\/1200W DUO Volt Polska Przetwornica Napi\u0119cia 12V 24V 230V 600 1200W Duo 3Ips912249 Volt Polska kolorowanki koty, quiz o tajemniczym ogrodzie, wielkanocne zagadki, \u015bwi\u0105teczne filmy familijne, krecik bajka, quiz flagi, uk\u0142ad s\u0142oneczny kolorowanka, zagadki dla dzieci 6-7 lat yyyyy &nbsp;<\/p>\n","protected":false},"featured_media":5176,"comment_status":"closed","ping_status":"open","template":"","meta":[],"product_cat":[882,1310],"product_tag":[718,751,609,741],"class_list":["post-5175","product","type-product","status-publish","has-post-thumbnail","hentry","product_cat-przetwornice-napiecia","product_cat-volt-polska","product_tag-prezent-na-roczek-dla-chrzesniaka","product_tag-psi-patrol-kolorowanka","product_tag-quiz-flagi-europy","product_tag-wlochy"],"_links":{"self":[{"href":"http:\/\/klubmamgdynia.pl\/index.php\/wp-json\/wp\/v2\/product\/5175","targetHints":{"allow":["GET"]}}],"collection":[{"href":"http:\/\/klubmamgdynia.pl\/index.php\/wp-json\/wp\/v2\/product"}],"about":[{"href":"http:\/\/klubmamgdynia.pl\/index.php\/wp-json\/wp\/v2\/types\/product"}],"replies":[{"embeddable":true,"href":"http:\/\/klubmamgdynia.pl\/index.php\/wp-json\/wp\/v2\/comments?post=5175"}],"wp:featuredmedia":[{"embeddable":true,"href":"http:\/\/klubmamgdynia.pl\/index.php\/wp-json\/wp\/v2\/media\/5176"}],"wp:attachment":[{"href":"http:\/\/klubmamgdynia.pl\/index.php\/wp-json\/wp\/v2\/media?parent=5175"}],"wp:term":[{"taxonomy":"product_cat","embeddable":true,"href":"http:\/\/klubmamgdynia.pl\/index.php\/wp-json\/wp\/v2\/product_cat?post=5175"},{"taxonomy":"product_tag","embeddable":true,"href":"http:\/\/klubmamgdynia.pl\/index.php\/wp-json\/wp\/v2\/product_tag?post=5175"}],"curies":[{"name":"wp","href":"https:\/\/api.w.org\/{rel}","templated":true}]}}