{"id":5177,"date":"2018-10-05T19:44:55","date_gmt":"2018-10-05T17:44:55","guid":{"rendered":"http:\/\/klubmamgdynia.pl\/index.php\/produkt\/philips-avent-natural-125-ml-0m-2-szt-scf030-17\/"},"modified":"2026-04-30T13:48:34","modified_gmt":"2026-04-30T11:48:34","slug":"philips-avent-natural-125-ml-0m-2-szt-scf030-17","status":"publish","type":"product","link":"http:\/\/klubmamgdynia.pl\/index.php\/produkt\/philips-avent-natural-125-ml-0m-2-szt-scf030-17\/","title":{"rendered":"PHILIPS AVENT Natural 125 ml 0M+ 2 szt. SCF030\/17"},"content":{"rendered":"<p>Philips AventButelkaButelka Avent ma niezwykle mi\u0119kki smoczek przypominaj\u0105cy kszta\u0142tem pier\u015b. Jego kszta\u0142t, elastyczna ko\u0144c\u00f3wka i wygodne p\u0142atki pozwalaj\u0105 dziecku w naturalny spos\u00f3b przyssa\u0107 si\u0119, co u\u0142atwia \u0142\u0105czenie karmienia piersi\u0105 i butelk\u0105.                            <\/p>\n<p>Elastyczna, spiralna konstrukcja i wyj\u0105tkowe, wygodne p\u0142atki tworz\u0105 elastyczny smoczek umo\u017cliwiaj\u0105cy bardziej naturalne karmienie bez zapadania si\u0119.                            <\/p>\n<p>Kiedy dziecko ro\u015bnie, zmieniaj\u0105 si\u0119 jego potrzeby zwi\u0105zane z karmieniem. Wybierz smoczek o wyp\u0142ywie odpowiednim do etapu rozwoju maluszka. Butelek antykolkowych Philip Avent mo\u017cna u\u017cywa\u0107 z nak\u0142adk\u0105 antykolkow\u0105 AirFree lub bez niej, jednak zawsze nale\u017cy korzysta\u0107 ze smoczk\u00f3w antykolkowych Philips Avent.                            <\/p>\n<p>Nasze butelki antykolkowe zaprojektowano w taki spos\u00f3b, aby umo\u017cliwi\u0107 \u0142\u0105czenie g\u00f3rnych i dolnych cz\u0119\u015bci. Dzi\u0119ki temu mniejsza liczba cz\u0119\u015bci wystarczy, aby bez trudu zamieni\u0107 butelk\u0119 na kubek treningowy, a potem na kubek niekapek.                            <\/p>\n<p>\u0141atwe u\u017cytkowanie i czyszczenie, szybkie i \u0142atwe sk\u0142adanieSzeroka szyjka butelki u\u0142atwia nape\u0142nianie i czyszczenie. Produkt sk\u0142ada si\u0119 z zaledwie kilku cz\u0119\u015bci, dzi\u0119ki czemu monta\u017c jest szybki i prosty.<\/p>\n<h2>PHILIPS AVENT Natural 125 ml 0M+ 2 szt. SCF030\/17 Philips<\/h2>\n<p>prezenty dla nastolatk\u00f3w na dzie\u0144 dziecka, kolorowanka lody, ko\u0142ysanki teksty, zagadki dla nastolatk\u00f3w, paj\u0105czek na rowerze test, bajki terapeutyczne o emocjach, ekskluzywny prezent na roczek, szablon serce kolorowanka, nauka zegara, gdzie strumyk p\u0142ynie z wolna, nauka pisania wyraz\u00f3w dla dzieci do druku pdf<\/p>\n<p>yyyyy<\/p>\n<p>&nbsp;<\/p>\n","protected":false},"excerpt":{"rendered":"<p>Philips AventButelkaButelka Avent ma niezwykle mi\u0119kki smoczek przypominaj\u0105cy kszta\u0142tem pier\u015b. Jego kszta\u0142t, elastyczna ko\u0144c\u00f3wka i wygodne p\u0142atki pozwalaj\u0105 dziecku w naturalny spos\u00f3b przyssa\u0107 si\u0119, co u\u0142atwia \u0142\u0105czenie karmienia piersi\u0105 i butelk\u0105. Elastyczna, spiralna konstrukcja i wyj\u0105tkowe, wygodne p\u0142atki tworz\u0105 elastyczny smoczek umo\u017cliwiaj\u0105cy bardziej naturalne karmienie bez zapadania si\u0119. Kiedy dziecko ro\u015bnie, zmieniaj\u0105 si\u0119 jego potrzeby [&hellip;]<\/p>\n","protected":false},"featured_media":5178,"comment_status":"closed","ping_status":"open","template":"","meta":[],"product_cat":[195,261],"product_tag":[662,748,590],"class_list":["post-5177","product","type-product","status-publish","has-post-thumbnail","hentry","product_cat-butelki","product_cat-philips","product_tag-bajki-na-dobranoc","product_tag-okolice-wroclawia-atrakcje","product_tag-plac-zabaw-warszawa"],"_links":{"self":[{"href":"http:\/\/klubmamgdynia.pl\/index.php\/wp-json\/wp\/v2\/product\/5177","targetHints":{"allow":["GET"]}}],"collection":[{"href":"http:\/\/klubmamgdynia.pl\/index.php\/wp-json\/wp\/v2\/product"}],"about":[{"href":"http:\/\/klubmamgdynia.pl\/index.php\/wp-json\/wp\/v2\/types\/product"}],"replies":[{"embeddable":true,"href":"http:\/\/klubmamgdynia.pl\/index.php\/wp-json\/wp\/v2\/comments?post=5177"}],"wp:featuredmedia":[{"embeddable":true,"href":"http:\/\/klubmamgdynia.pl\/index.php\/wp-json\/wp\/v2\/media\/5178"}],"wp:attachment":[{"href":"http:\/\/klubmamgdynia.pl\/index.php\/wp-json\/wp\/v2\/media?parent=5177"}],"wp:term":[{"taxonomy":"product_cat","embeddable":true,"href":"http:\/\/klubmamgdynia.pl\/index.php\/wp-json\/wp\/v2\/product_cat?post=5177"},{"taxonomy":"product_tag","embeddable":true,"href":"http:\/\/klubmamgdynia.pl\/index.php\/wp-json\/wp\/v2\/product_tag?post=5177"}],"curies":[{"name":"wp","href":"https:\/\/api.w.org\/{rel}","templated":true}]}}