{"id":5183,"date":"2022-01-23T11:41:39","date_gmt":"2022-01-23T10:41:39","guid":{"rendered":"http:\/\/klubmamgdynia.pl\/index.php\/produkt\/ikea-majgull-zaslony-zaciemniajace-zolty-145x300cm\/"},"modified":"2026-05-01T08:16:25","modified_gmt":"2026-05-01T06:16:25","slug":"ikea-majgull-zaslony-zaciemniajace-zolty-145x300cm","status":"publish","type":"product","link":"http:\/\/klubmamgdynia.pl\/index.php\/produkt\/ikea-majgull-zaslony-zaciemniajace-zolty-145x300cm\/","title":{"rendered":"Ikea Majgull Zas\u0142ony Zaciemniaj\u0105ce \u017b\u00f3\u0142ty 145X300Cm"},"content":{"rendered":"<p>Jeste\u015bmy tu dla Ciebie.IKEA MAJGULL Zas\u0142ony zaciemniaj\u0105ce \u017c\u00f3\u0142ty 145x300cm50417789Wymiary:D\u0142ugo\u015b\u0107: 300 cmSzeroko\u015b\u0107: 145 cmWaga: 2.50 kgPowierzchnia: 4.35 m\u00b2Ilo\u015b\u0107 w opakowaniu: 2 szt.Materia\u0142y: 100% poliester (min. 90% z recyklingu)Skutecznie chroni przed przeci\u0105gami zim\u0105 i gor\u0105cem latem.Zas\u0142ony mo\u017cna stosowa\u0107 na karniszach lub szynach.G\u00f3rna ta\u015bma u\u0142atwia robienie plis przy pomocy haczyk\u00f3w RIKTIG.Zas\u0142ony mo\u017cna zawiesi\u0107 na karniszu dzi\u0119ki schowanym szlufkom lub przy pomocy pier\u015bcieni i haczyk\u00f3w.Grube zas\u0142ony zaciemniaj\u0105 pok\u00f3j i zapewniaj\u0105 prywatno\u015b\u0107, uniemo\u017cliwiaj\u0105c ludziom z zewn\u0105trz zagl\u0105danie do pomieszczenia.Zawiera: 2 zas\u0142ony.Rozmiar odnosi si\u0119 do d\u0142ugo\u015bci ka\u017cdej pojedynczej zas\u0142ony.<\/p>\n<h2>Ikea Majgull Zas\u0142ony Zaciemniaj\u0105ce \u017b\u00f3\u0142ty 145X300Cm Ikea<\/h2>\n<p>szlaczki dla dzieci, zagadki \u015bmieszne z odpowiedziami, pisanki woskiem wzory, kolorowanki wed\u0142ug kodu do druku, quizy \u015bwi\u0105teczne bo\u017ce narodzenie, oliwier, farma dyni poznan, kolorowanki konie, miko\u0142ajek sprawdzian z lektury z odpowiedziami<\/p>\n<p>yyyyy<\/p>\n<p>&nbsp;<\/p>\n","protected":false},"excerpt":{"rendered":"<p>Jeste\u015bmy tu dla Ciebie.IKEA MAJGULL Zas\u0142ony zaciemniaj\u0105ce \u017c\u00f3\u0142ty 145x300cm50417789Wymiary:D\u0142ugo\u015b\u0107: 300 cmSzeroko\u015b\u0107: 145 cmWaga: 2.50 kgPowierzchnia: 4.35 m\u00b2Ilo\u015b\u0107 w opakowaniu: 2 szt.Materia\u0142y: 100% poliester (min. 90% z recyklingu)Skutecznie chroni przed przeci\u0105gami zim\u0105 i gor\u0105cem latem.Zas\u0142ony mo\u017cna stosowa\u0107 na karniszach lub szynach.G\u00f3rna ta\u015bma u\u0142atwia robienie plis przy pomocy haczyk\u00f3w RIKTIG.Zas\u0142ony mo\u017cna zawiesi\u0107 na karniszu dzi\u0119ki schowanym szlufkom [&hellip;]<\/p>\n","protected":false},"featured_media":5184,"comment_status":"closed","ping_status":"open","template":"","meta":[],"product_cat":[1312,979],"product_tag":[837,859,750,630,782,791],"class_list":["post-5183","product","type-product","status-publish","has-post-thumbnail","hentry","product_cat-firany-zaslony-i-rolety-dzieciece","product_cat-ikea","product_tag-cicha-noc-po-angielsku","product_tag-dobranoc-pchly-na-noc","product_tag-imie-kostek","product_tag-podchwytliwe-zagadki-z-odpowiedziami","product_tag-zagadki-dla-dzieci-z-odpowiedziami","product_tag-zagadki-na-myslenie"],"_links":{"self":[{"href":"http:\/\/klubmamgdynia.pl\/index.php\/wp-json\/wp\/v2\/product\/5183","targetHints":{"allow":["GET"]}}],"collection":[{"href":"http:\/\/klubmamgdynia.pl\/index.php\/wp-json\/wp\/v2\/product"}],"about":[{"href":"http:\/\/klubmamgdynia.pl\/index.php\/wp-json\/wp\/v2\/types\/product"}],"replies":[{"embeddable":true,"href":"http:\/\/klubmamgdynia.pl\/index.php\/wp-json\/wp\/v2\/comments?post=5183"}],"wp:featuredmedia":[{"embeddable":true,"href":"http:\/\/klubmamgdynia.pl\/index.php\/wp-json\/wp\/v2\/media\/5184"}],"wp:attachment":[{"href":"http:\/\/klubmamgdynia.pl\/index.php\/wp-json\/wp\/v2\/media?parent=5183"}],"wp:term":[{"taxonomy":"product_cat","embeddable":true,"href":"http:\/\/klubmamgdynia.pl\/index.php\/wp-json\/wp\/v2\/product_cat?post=5183"},{"taxonomy":"product_tag","embeddable":true,"href":"http:\/\/klubmamgdynia.pl\/index.php\/wp-json\/wp\/v2\/product_tag?post=5183"}],"curies":[{"name":"wp","href":"https:\/\/api.w.org\/{rel}","templated":true}]}}