{"id":5187,"date":"2020-01-23T23:46:12","date_gmt":"2020-01-23T22:46:12","guid":{"rendered":"http:\/\/klubmamgdynia.pl\/index.php\/produkt\/tm-toys-minecraft-steve-z-eliksirem-niewidzialnosci-19976\/"},"modified":"2026-04-30T00:56:44","modified_gmt":"2026-04-29T22:56:44","slug":"tm-toys-minecraft-steve-z-eliksirem-niewidzialnosci-19976","status":"publish","type":"product","link":"http:\/\/klubmamgdynia.pl\/index.php\/produkt\/tm-toys-minecraft-steve-z-eliksirem-niewidzialnosci-19976\/","title":{"rendered":"Tm Toys Minecraft Steve Z Eliksirem Niewidzialno\u015bci 19976"},"content":{"rendered":"<p>Minecraft \u2013 komputerowa gra survivalowa o otwartym \u015bwiecie. Skupia si\u0119 na umo\u017cliwianiu graczowi eksploracji, interakcji i zmian w generowanych w \u015bwiecie sze\u015bciennych blok\u00f3w. Poza r\u00f3\u017cnorodnymi blokami, \u015brodowisko zawiera ro\u015bliny, potwory i zwierz\u0119ta, przedmioty oraz funkcje kopania, walki i tworzenia, a tak\u017ce trzy r\u00f3\u017cne wymiary \u015bwiata. Minecraft pozwala graczom na budowanie i niszczenie obiekt\u00f3w po\u0142o\u017conych w losowo generowanym \u015bwiecie gry. Gracz mo\u017ce atakowa\u0107 napotkane istoty, zbiera\u0107 surowce czy wytwarza\u0107 przedmioty.Zawarto\u015b\u0107 i cechy zestawu:figurka Steve z eliksirem niewidzialno\u015bci, z serii 4figurka ma ruchome r\u0119ce, nogi, samodzielnie stoi2 akcesoriawiernie odwzorowane kszta\u0142ty i kolory<\/p>\n<h2>Tm Toys Minecraft Steve Z Eliksirem Niewidzialno\u015bci 19976 TM Toys<\/h2>\n<p>materac do basenu, marianna, upominek dla nastolatk\u00f3w, bajki o ksi\u0119\u017cniczkach do czytania, najlepsze pranki na prima aprilis, miko\u0142ajek test z lektury, kolorowanki do druku super zings, quizy online<\/p>\n<p>yyyyy<\/p>\n<p>&nbsp;<\/p>\n","protected":false},"excerpt":{"rendered":"<p>Minecraft \u2013 komputerowa gra survivalowa o otwartym \u015bwiecie. Skupia si\u0119 na umo\u017cliwianiu graczowi eksploracji, interakcji i zmian w generowanych w \u015bwiecie sze\u015bciennych blok\u00f3w. Poza r\u00f3\u017cnorodnymi blokami, \u015brodowisko zawiera ro\u015bliny, potwory i zwierz\u0119ta, przedmioty oraz funkcje kopania, walki i tworzenia, a tak\u017ce trzy r\u00f3\u017cne wymiary \u015bwiata. Minecraft pozwala graczom na budowanie i niszczenie obiekt\u00f3w po\u0142o\u017conych w [&hellip;]<\/p>\n","protected":false},"featured_media":5188,"comment_status":"closed","ping_status":"open","template":"","meta":[],"product_cat":[95,145],"product_tag":[864,610,816],"class_list":["post-5187","product","type-product","status-publish","has-post-thumbnail","hentry","product_cat-figurki-makiety-i-zestawy","product_cat-tm-toys","product_tag-basen-warszawa","product_tag-co-na-prezent-dla-nastolatkow","product_tag-place-zabaw-warszawa"],"_links":{"self":[{"href":"http:\/\/klubmamgdynia.pl\/index.php\/wp-json\/wp\/v2\/product\/5187","targetHints":{"allow":["GET"]}}],"collection":[{"href":"http:\/\/klubmamgdynia.pl\/index.php\/wp-json\/wp\/v2\/product"}],"about":[{"href":"http:\/\/klubmamgdynia.pl\/index.php\/wp-json\/wp\/v2\/types\/product"}],"replies":[{"embeddable":true,"href":"http:\/\/klubmamgdynia.pl\/index.php\/wp-json\/wp\/v2\/comments?post=5187"}],"wp:featuredmedia":[{"embeddable":true,"href":"http:\/\/klubmamgdynia.pl\/index.php\/wp-json\/wp\/v2\/media\/5188"}],"wp:attachment":[{"href":"http:\/\/klubmamgdynia.pl\/index.php\/wp-json\/wp\/v2\/media?parent=5187"}],"wp:term":[{"taxonomy":"product_cat","embeddable":true,"href":"http:\/\/klubmamgdynia.pl\/index.php\/wp-json\/wp\/v2\/product_cat?post=5187"},{"taxonomy":"product_tag","embeddable":true,"href":"http:\/\/klubmamgdynia.pl\/index.php\/wp-json\/wp\/v2\/product_tag?post=5187"}],"curies":[{"name":"wp","href":"https:\/\/api.w.org\/{rel}","templated":true}]}}