{"id":5189,"date":"2022-09-28T05:46:34","date_gmt":"2022-09-28T03:46:34","guid":{"rendered":"http:\/\/klubmamgdynia.pl\/index.php\/produkt\/kik-piasek-kinetyczny-w-pudelku-2kg-foremki-piaskownica\/"},"modified":"2026-04-30T18:51:32","modified_gmt":"2026-04-30T16:51:32","slug":"kik-piasek-kinetyczny-w-pudelku-2kg-foremki-piaskownica","status":"publish","type":"product","link":"http:\/\/klubmamgdynia.pl\/index.php\/produkt\/kik-piasek-kinetyczny-w-pudelku-2kg-foremki-piaskownica\/","title":{"rendered":"Kik Piasek Kinetyczny W Pude\u0142ku 2Kg Foremki Piaskownica"},"content":{"rendered":"<p>PIASEK KINETYCZNY W PUDE\u0141KU 2KG FOREMKI PIASKOWNICA Zabawa z piaskiem kinetycznym jest bardzo przyjemna, piasek \u0142atwo poddaje si\u0119 modelowaniu. Zastosowanie opatentowanej technologii bazuj\u0105cej na dodaniu do czystego piasku nietoksycznego polimeru, kt\u00f3ry \u0142\u0105czy ze sob\u0105 pojedyncze ziarenka piasku (nigdy si\u0119 nie rozsypuj\u0105), sprawia \u017ce piasek idealnie nadaje si\u0119 do zabawy w domu, przedszkolu czy gabinecie terapii zaj\u0119ciowej. Piasek przylega tylko do siebie, a nie do d\u0142oni \u2013 w niezwyk\u0142y spos\u00f3b przep\u0142ywa przez palce jak ciecz, ale pozostawia je suche. Piasek kinetyczny \u015bwietne oddzia\u0142uje na zmys\u0142 dotyku u dziecka, a wi\u0119c korzystanie wp\u0142ywa na integracj\u0119 sensoryczn\u0105, czyli zdolno\u015bci dziecka od odczuwania i rozumienia bod\u017ac\u00f3w dostarczanych organizmowi przez zmys\u0142y. Funkcje i zalety piasek sk\u0142ada si\u0119 w 98% z piasku i 2% z magii nie traci w\u0142a\u015bciwo\u015bci plastycznych, nie wysycha nie twardnieje \u0142atwe czyszczenie r\u0105czek po zako\u0144czonej zabawie \u0142atwe modelowanie, ugniatanie jest nieszkodliwy dla dzieci, poniewa\u017c jest wykonany z naturalnych sk\u0142adnik\u00f3w nie przykleja si\u0119 do r\u0105k i nie kurzy si\u0119 z niego podczas u\u017cycia, po sko\u0144czonej zabawie mo\u017cna go bez problemu zmy\u0107 wod\u0105 z pisaku mo\u017cna stworzy\u0107 co tylko si\u0119 chce, wystarczy u\u017cy\u0107 wyobra\u017ani, nie potrzeba do niego wody tworzenie r\u00f3\u017cnych form poprawia zdolno\u015bci tw\u00f3rcze oraz umiej\u0119tno\u015bci ekspresyjne Zawarto\u015b\u0107 zestawu: piasek kinetyczny 2 kg foremki (w tym \u0142opatka) pompka (1szt.) nadmuchiwana piaskownica o wymiarach 56 x 40cm. Wymiary pude\u0142ka: 25 x 18 x 11cm<\/p>\n<h2>Kik Piasek Kinetyczny W Pude\u0142ku 2Kg Foremki Piaskownica Kik<\/h2>\n<p>kwiaty polne nazwy, quiz flagi, wroc\u0142aw atrakcje dla dzieci, zagadki dla 8 latk\u00f3w, cytaty na dzie\u0144 nauczyciela, magiczne drzewo czerwone krzes\u0142o test, origami kotek, \u017carty na prima aprilis w domu, quiz o bajkach, zagadki wielkanocne do druku, ja\u015bmina imie, maska misia do druku<\/p>\n<p>yyyyy<\/p>\n<p>&nbsp;<\/p>\n","protected":false},"excerpt":{"rendered":"<p>PIASEK KINETYCZNY W PUDE\u0141KU 2KG FOREMKI PIASKOWNICA Zabawa z piaskiem kinetycznym jest bardzo przyjemna, piasek \u0142atwo poddaje si\u0119 modelowaniu. Zastosowanie opatentowanej technologii bazuj\u0105cej na dodaniu do czystego piasku nietoksycznego polimeru, kt\u00f3ry \u0142\u0105czy ze sob\u0105 pojedyncze ziarenka piasku (nigdy si\u0119 nie rozsypuj\u0105), sprawia \u017ce piasek idealnie nadaje si\u0119 do zabawy w domu, przedszkolu czy gabinecie terapii [&hellip;]<\/p>\n","protected":false},"featured_media":5190,"comment_status":"closed","ping_status":"open","template":"","meta":[],"product_cat":[165,21],"product_tag":[837,814,835],"class_list":["post-5189","product","type-product","status-publish","has-post-thumbnail","hentry","product_cat-kik","product_cat-zabawki-plastyczne","product_tag-cicha-noc-po-angielsku","product_tag-prezenty-dla-nastolatek","product_tag-radosc-dziecka-cytaty"],"_links":{"self":[{"href":"http:\/\/klubmamgdynia.pl\/index.php\/wp-json\/wp\/v2\/product\/5189","targetHints":{"allow":["GET"]}}],"collection":[{"href":"http:\/\/klubmamgdynia.pl\/index.php\/wp-json\/wp\/v2\/product"}],"about":[{"href":"http:\/\/klubmamgdynia.pl\/index.php\/wp-json\/wp\/v2\/types\/product"}],"replies":[{"embeddable":true,"href":"http:\/\/klubmamgdynia.pl\/index.php\/wp-json\/wp\/v2\/comments?post=5189"}],"wp:featuredmedia":[{"embeddable":true,"href":"http:\/\/klubmamgdynia.pl\/index.php\/wp-json\/wp\/v2\/media\/5190"}],"wp:attachment":[{"href":"http:\/\/klubmamgdynia.pl\/index.php\/wp-json\/wp\/v2\/media?parent=5189"}],"wp:term":[{"taxonomy":"product_cat","embeddable":true,"href":"http:\/\/klubmamgdynia.pl\/index.php\/wp-json\/wp\/v2\/product_cat?post=5189"},{"taxonomy":"product_tag","embeddable":true,"href":"http:\/\/klubmamgdynia.pl\/index.php\/wp-json\/wp\/v2\/product_tag?post=5189"}],"curies":[{"name":"wp","href":"https:\/\/api.w.org\/{rel}","templated":true}]}}