{"id":5191,"date":"2024-06-18T02:29:04","date_gmt":"2024-06-18T00:29:04","guid":{"rendered":"http:\/\/klubmamgdynia.pl\/?post_type=product&#038;p=5191"},"modified":"2026-04-03T23:43:02","modified_gmt":"2026-04-03T21:43:02","slug":"carcam-2-kamery-samochodowe-hd-gps","status":"publish","type":"product","link":"http:\/\/klubmamgdynia.pl\/index.php\/produkt\/carcam-2-kamery-samochodowe-hd-gps\/","title":{"rendered":"CarCam 2-Kamery Samochodowe HD GPS."},"content":{"rendered":"<p>Wysokiej Jako\u015bci Cyfrowy Rejestrator Obrazu\/Trasy z Wbudowanymi2-Kamerami HD!! z Wy\u015bwietlaczem LCD 2,7\u201d HD + Modu\u0142 GPS!!Do Pojazd\u00f3w Mechanicznych.Wyposa\u017c sw\u00f3j samoch\u00f3d w &#8222;Czarn\u0105 Skrzynk\u0119&#8221; i czuj si\u0119 bezpiecznie!!Jedyny model w ofercie zapisuj\u0105cy obrazu z przodu i z ty\u0142u pojazdu!!Rejestrator ten pozwala na zapis d\u017awi\u0119ku+obrazu (za pomoc\u0105 2-chkamer) jak i przebytej drogi\/trasy pojazdu (wbudowany GPS) wpostaci elektronicznej mapy Google!!Automatyczne dzia\u0142anie urz\u0105dzenie pod\u0142\u0105czone do zasilania zewn\u0119trznegoautomatycznie w\u0142\u0105cza\/wy\u0142\u0105cza si\u0119 po wykryciu napi\u0119cia.Jeden z najbardziej zaawansowanych rejestrator\u00f3w samochodowych na rynku!!Idealny zestaw do rejestracji trasy pojazdu i obrazu przed i za pojazdem!!<\/p>\n<h2>CarCam 2-Kamery Samochodowe HD GPS. CarCam<\/h2>\n<p>bruno, trudne zagadki matematyczne, oryginalny prezent na roczek dla ch\u0142opca, malowanie past\u0105 do z\u0119b\u00f3w, jacek, gry dla nastolatk\u00f3w<\/p>\n<p>yyyyy<\/p>\n<p>&nbsp;<\/p>\n","protected":false},"excerpt":{"rendered":"<p>Wysokiej Jako\u015bci Cyfrowy Rejestrator Obrazu\/Trasy z Wbudowanymi2-Kamerami HD!! z Wy\u015bwietlaczem LCD 2,7\u201d HD + Modu\u0142 GPS!!Do Pojazd\u00f3w Mechanicznych.Wyposa\u017c sw\u00f3j samoch\u00f3d w &#8222;Czarn\u0105 Skrzynk\u0119&#8221; i czuj si\u0119 bezpiecznie!!Jedyny model w ofercie zapisuj\u0105cy obrazu z przodu i z ty\u0142u pojazdu!!Rejestrator ten pozwala na zapis d\u017awi\u0119ku+obrazu (za pomoc\u0105 2-chkamer) jak i przebytej drogi\/trasy pojazdu (wbudowany GPS) wpostaci elektronicznej [&hellip;]<\/p>\n","protected":false},"featured_media":5192,"comment_status":"closed","ping_status":"open","template":"","meta":[],"product_cat":[1313,893],"product_tag":[702,680,622,790,775],"class_list":["post-5191","product","type-product","status-publish","has-post-thumbnail","hentry","product_cat-carcam","product_cat-kamery-samochodowe","product_tag-co-kupic-na-roczek-dla-dziewczynki","product_tag-cytaty-z-malego-ksiecia","product_tag-fajne-zagadki","product_tag-gry-planszowe-dla-nastolatkow","product_tag-kolorowanki-do-druku-pokemon"],"_links":{"self":[{"href":"http:\/\/klubmamgdynia.pl\/index.php\/wp-json\/wp\/v2\/product\/5191","targetHints":{"allow":["GET"]}}],"collection":[{"href":"http:\/\/klubmamgdynia.pl\/index.php\/wp-json\/wp\/v2\/product"}],"about":[{"href":"http:\/\/klubmamgdynia.pl\/index.php\/wp-json\/wp\/v2\/types\/product"}],"replies":[{"embeddable":true,"href":"http:\/\/klubmamgdynia.pl\/index.php\/wp-json\/wp\/v2\/comments?post=5191"}],"wp:featuredmedia":[{"embeddable":true,"href":"http:\/\/klubmamgdynia.pl\/index.php\/wp-json\/wp\/v2\/media\/5192"}],"wp:attachment":[{"href":"http:\/\/klubmamgdynia.pl\/index.php\/wp-json\/wp\/v2\/media?parent=5191"}],"wp:term":[{"taxonomy":"product_cat","embeddable":true,"href":"http:\/\/klubmamgdynia.pl\/index.php\/wp-json\/wp\/v2\/product_cat?post=5191"},{"taxonomy":"product_tag","embeddable":true,"href":"http:\/\/klubmamgdynia.pl\/index.php\/wp-json\/wp\/v2\/product_tag?post=5191"}],"curies":[{"name":"wp","href":"https:\/\/api.w.org\/{rel}","templated":true}]}}