{"id":5193,"date":"2011-03-27T23:56:18","date_gmt":"2011-03-27T21:56:18","guid":{"rendered":"http:\/\/klubmamgdynia.pl\/index.php\/produkt\/avermedia-livegamerportable2plus\/"},"modified":"2026-04-06T02:30:15","modified_gmt":"2026-04-06T00:30:15","slug":"avermedia-livegamerportable2plus","status":"publish","type":"product","link":"http:\/\/klubmamgdynia.pl\/index.php\/produkt\/avermedia-livegamerportable2plus\/","title":{"rendered":"AVerMedia LIVEGAMERPORTABLE2PLUS"},"content":{"rendered":"<p>AVerMedia Live Gamer Portable 2 Plus<\/p>\n<h2>AVerMedia LIVEGAMERPORTABLE2PLUS <\/h2>\n<p>kolorowanki samochody, marcel imie, kwiecien plecien, mapa polski do wydrukowania za darmo, \u0142amig\u0142\u00f3wki logiczne dla dzieci, dzie\u0144 nauczyciela cytaty, aurelia imie, zagadki na logiczne my\u015blenie, kolorowanka smok wawelski, dziecko cytaty z\u0142ote my\u015bli, ci\u0119\u017ckie zagadki, menu urodzinowe dla dzieci w wieku 8 10 lat, kolorowanki do druku dla dzieci, dziwne zagadki, kolorowanka do malowania farbami, opis do zdj\u0119cia dziecka na fb, by\u0142 sobie kr\u00f3l, kolorowe listki tekst, przeczytaj mi wiersz, prezent na roczek dla chrze\u015bniaka, maska psi patrol do druku<\/p>\n<p>yyyyy<\/p>\n<p>&nbsp;<\/p>\n","protected":false},"excerpt":{"rendered":"<p>AVerMedia Live Gamer Portable 2 Plus AVerMedia LIVEGAMERPORTABLE2PLUS kolorowanki samochody, marcel imie, kwiecien plecien, mapa polski do wydrukowania za darmo, \u0142amig\u0142\u00f3wki logiczne dla dzieci, dzie\u0144 nauczyciela cytaty, aurelia imie, zagadki na logiczne my\u015blenie, kolorowanka smok wawelski, dziecko cytaty z\u0142ote my\u015bli, ci\u0119\u017ckie zagadki, menu urodzinowe dla dzieci w wieku 8 10 lat, kolorowanki do druku dla [&hellip;]<\/p>\n","protected":false},"featured_media":5194,"comment_status":"closed","ping_status":"open","template":"","meta":[],"product_cat":[893],"product_tag":[801,696,667,656,599,824],"class_list":["post-5193","product","type-product","status-publish","has-post-thumbnail","hentry","product_cat-kamery-samochodowe","product_tag-bajki-terapeutyczne-o-emocjach","product_tag-film-rodzinny-o-swietach","product_tag-kolorowanka-lol","product_tag-kolorowanki-lol","product_tag-prezent-dla-nastolatkow-2021","product_tag-warszawa-atrakcje-dla-dzieci"],"_links":{"self":[{"href":"http:\/\/klubmamgdynia.pl\/index.php\/wp-json\/wp\/v2\/product\/5193","targetHints":{"allow":["GET"]}}],"collection":[{"href":"http:\/\/klubmamgdynia.pl\/index.php\/wp-json\/wp\/v2\/product"}],"about":[{"href":"http:\/\/klubmamgdynia.pl\/index.php\/wp-json\/wp\/v2\/types\/product"}],"replies":[{"embeddable":true,"href":"http:\/\/klubmamgdynia.pl\/index.php\/wp-json\/wp\/v2\/comments?post=5193"}],"wp:featuredmedia":[{"embeddable":true,"href":"http:\/\/klubmamgdynia.pl\/index.php\/wp-json\/wp\/v2\/media\/5194"}],"wp:attachment":[{"href":"http:\/\/klubmamgdynia.pl\/index.php\/wp-json\/wp\/v2\/media?parent=5193"}],"wp:term":[{"taxonomy":"product_cat","embeddable":true,"href":"http:\/\/klubmamgdynia.pl\/index.php\/wp-json\/wp\/v2\/product_cat?post=5193"},{"taxonomy":"product_tag","embeddable":true,"href":"http:\/\/klubmamgdynia.pl\/index.php\/wp-json\/wp\/v2\/product_tag?post=5193"}],"curies":[{"name":"wp","href":"https:\/\/api.w.org\/{rel}","templated":true}]}}