{"id":5195,"date":"2017-04-05T01:19:02","date_gmt":"2017-04-04T23:19:02","guid":{"rendered":"http:\/\/klubmamgdynia.pl\/index.php\/produkt\/chicco-kojec-open-box-20-honey-bear\/"},"modified":"2026-04-21T00:16:38","modified_gmt":"2026-04-20T22:16:38","slug":"chicco-kojec-open-box-20-honey-bear","status":"publish","type":"product","link":"http:\/\/klubmamgdynia.pl\/index.php\/produkt\/chicco-kojec-open-box-20-honey-bear\/","title":{"rendered":"Chicco Kojec Open Box 20 Honey Bear"},"content":{"rendered":"<p>Open Box &#8211; kojec Doskona\u0142e miejsce do zabawy i odpoczynku dla paromiesi\u0119cznego malucha.<\/p>\n<h2>Chicco Kojec Open Box 20 Honey Bear Chicco<\/h2>\n<p>inteligentne zagadki, malowanki piesek, kolorowanka kotki do druku, dzie\u0144 nauczyciela teksty, celina, ma\u0142y ksi\u0105\u017ce cytaty o przyja\u017ani, po \u0142\u0105ce biega lato tekst, prezent na 1 urodziny dla ch\u0142opca, malowanki do druku, kolorowanki kotki, atrakcje do 30 km od wroc\u0142awia, super zings do druku, peppa kolorowanka, dzie\u0144 misia 2021, pomys\u0142 na prezent dla nastolatki, zagadki na myslenie, pytania zagadki, kawal na prima aprilis<\/p>\n<p>yyyyy<\/p>\n<p>&nbsp;<\/p>\n","protected":false},"excerpt":{"rendered":"<p>Open Box &#8211; kojec Doskona\u0142e miejsce do zabawy i odpoczynku dla paromiesi\u0119cznego malucha. Chicco Kojec Open Box 20 Honey Bear Chicco inteligentne zagadki, malowanki piesek, kolorowanka kotki do druku, dzie\u0144 nauczyciela teksty, celina, ma\u0142y ksi\u0105\u017ce cytaty o przyja\u017ani, po \u0142\u0105ce biega lato tekst, prezent na 1 urodziny dla ch\u0142opca, malowanki do druku, kolorowanki kotki, atrakcje [&hellip;]<\/p>\n","protected":false},"featured_media":5196,"comment_status":"closed","ping_status":"open","template":"","meta":[],"product_cat":[312,1256],"product_tag":[759,717,713],"class_list":["post-5195","product","type-product","status-publish","has-post-thumbnail","hentry","product_cat-chicco","product_cat-kojce","product_tag-pomysly-na-prezent-dla-nastolatkow","product_tag-prezent-roczek","product_tag-zagadki-logiczne-z-odpowiedziami"],"_links":{"self":[{"href":"http:\/\/klubmamgdynia.pl\/index.php\/wp-json\/wp\/v2\/product\/5195","targetHints":{"allow":["GET"]}}],"collection":[{"href":"http:\/\/klubmamgdynia.pl\/index.php\/wp-json\/wp\/v2\/product"}],"about":[{"href":"http:\/\/klubmamgdynia.pl\/index.php\/wp-json\/wp\/v2\/types\/product"}],"replies":[{"embeddable":true,"href":"http:\/\/klubmamgdynia.pl\/index.php\/wp-json\/wp\/v2\/comments?post=5195"}],"wp:featuredmedia":[{"embeddable":true,"href":"http:\/\/klubmamgdynia.pl\/index.php\/wp-json\/wp\/v2\/media\/5196"}],"wp:attachment":[{"href":"http:\/\/klubmamgdynia.pl\/index.php\/wp-json\/wp\/v2\/media?parent=5195"}],"wp:term":[{"taxonomy":"product_cat","embeddable":true,"href":"http:\/\/klubmamgdynia.pl\/index.php\/wp-json\/wp\/v2\/product_cat?post=5195"},{"taxonomy":"product_tag","embeddable":true,"href":"http:\/\/klubmamgdynia.pl\/index.php\/wp-json\/wp\/v2\/product_tag?post=5195"}],"curies":[{"name":"wp","href":"https:\/\/api.w.org\/{rel}","templated":true}]}}