{"id":5197,"date":"2010-11-07T18:02:37","date_gmt":"2010-11-07T17:02:37","guid":{"rendered":"http:\/\/klubmamgdynia.pl\/index.php\/produkt\/kinderkraft-rowerek-biegowy-runner-nature-koralowy\/"},"modified":"2026-05-17T23:32:15","modified_gmt":"2026-05-17T21:32:15","slug":"kinderkraft-rowerek-biegowy-runner-nature-koralowy","status":"publish","type":"product","link":"http:\/\/klubmamgdynia.pl\/index.php\/produkt\/kinderkraft-rowerek-biegowy-runner-nature-koralowy\/","title":{"rendered":"Kinderkraft Rowerek Biegowy RUNNER NATURE koralowy"},"content":{"rendered":"<p>\u00a0                            <\/p>\n<p>Rowerek biegowy RunnerG\u0142\u00f3wne atutyWytrzyma\u0142e drewno brzozoweOpona z oryginalnym bie\u017cnikiemWygodny uchwyt do przenoszeniaRegulowane siode\u0142ko                            <\/p>\n<p>WYTRZYMA\u0141Y ROWEREK OD 3 LAT<br \/>\nRowerek biegowy Runner jest przeznaczony dla aktywnych ma\u0142ych rowerzyst\u00f3w. Jego konstrukcja spe\u0142nia najnowsze normy bezpiecze\u0144stwa, a przy tym zapewnia dziecku \u015bwietn\u0105 zabaw\u0119.                            <\/p>\n<p>Funkcje                            <\/p>\n<p>BEZPIECZNY SKR\u0118T<\/p>\n<p>Blokada skr\u0119tu kierownicy pomaga Maluchowi panowa\u0107 nad rowerkiem.                            <\/p>\n<p>KO\u0141A Z ORYGINALNYM BIE\u017bNIKIEM<\/p>\n<p>Wytrzyma\u0142e, \u0142o\u017cyskowane ko\u0142a z pianki EVA posiadaj\u0105 bie\u017cnik, pozostawiaj\u0105cy po sobie \u015blad.                            <\/p>\n<p>ECO FRIENDLY<\/p>\n<p>Drewno brzozowe, z kt\u00f3rego wykonano ram\u0119 pochodzi ze zr\u00f3wnowa\u017conych upraw.                            <\/p>\n<p>WYGODNY UCHWYT<\/p>\n<p>Runner posiada wygodny uchwyt, kt\u00f3ry u\u0142atwia jego przenoszenie.                            <\/p>\n<p>SIODE\u0141KO O REGULOWANEJ WYSOKO\u015aCI<\/p>\n<p>Rowerek posiada mi\u0119kkie wygodne siode\u0142ko z mo\u017cliwo\u015bci\u0105 regulacji wysoko\u015bci &#8211; od 37 do 44 cm                            <\/p>\n<p>UNIKALNY DESIGN<\/p>\n<p>Runner wyr\u00f3\u017cnia si\u0119 oryginaln\u0105 stylistyk\u0105 i unikalnym wzorem w modnych kolorach<\/p>\n<h2>Kinderkraft Rowerek Biegowy RUNNER NATURE koralowy Kinderkraft<\/h2>\n<p>list do sw mikolaja, dzie\u0144 dziecka dla nastolatk\u00f3w, \u015bwinka peppa dom, bajki dla dzieci czytane, zagadki dla nastolatk\u00f3w, zagadki logiczne na inteligencj\u0119 dla doros\u0142ych, kolorowanki wakacyjne, zagadki o wiosnie, literki dla dzieci, kr\u00f3tkie bajki do czytania, kolysanki tekst, pomysly na prezent na roczek, sentencje o dzieciach<\/p>\n<p>yyyyy<\/p>\n<p>&nbsp;<\/p>\n","protected":false},"excerpt":{"rendered":"<p>\u00a0 Rowerek biegowy RunnerG\u0142\u00f3wne atutyWytrzyma\u0142e drewno brzozoweOpona z oryginalnym bie\u017cnikiemWygodny uchwyt do przenoszeniaRegulowane siode\u0142ko WYTRZYMA\u0141Y ROWEREK OD 3 LAT Rowerek biegowy Runner jest przeznaczony dla aktywnych ma\u0142ych rowerzyst\u00f3w. Jego konstrukcja spe\u0142nia najnowsze normy bezpiecze\u0144stwa, a przy tym zapewnia dziecku \u015bwietn\u0105 zabaw\u0119. Funkcje BEZPIECZNY SKR\u0118T Blokada skr\u0119tu kierownicy pomaga Maluchowi panowa\u0107 nad rowerkiem. KO\u0141A Z ORYGINALNYM [&hellip;]<\/p>\n","protected":false},"featured_media":5198,"comment_status":"closed","ping_status":"open","template":"","meta":[],"product_cat":[59,453],"product_tag":[780,582,842,587],"class_list":["post-5197","product","type-product","status-publish","has-post-thumbnail","hentry","product_cat-kinderkraft","product_cat-rowerki-biegowe","product_tag-krecik-bajka","product_tag-nauka-pisania-literek-do-wydruku-pdf","product_tag-plac-zabaw-poznan","product_tag-skalne-miasto"],"_links":{"self":[{"href":"http:\/\/klubmamgdynia.pl\/index.php\/wp-json\/wp\/v2\/product\/5197","targetHints":{"allow":["GET"]}}],"collection":[{"href":"http:\/\/klubmamgdynia.pl\/index.php\/wp-json\/wp\/v2\/product"}],"about":[{"href":"http:\/\/klubmamgdynia.pl\/index.php\/wp-json\/wp\/v2\/types\/product"}],"replies":[{"embeddable":true,"href":"http:\/\/klubmamgdynia.pl\/index.php\/wp-json\/wp\/v2\/comments?post=5197"}],"wp:featuredmedia":[{"embeddable":true,"href":"http:\/\/klubmamgdynia.pl\/index.php\/wp-json\/wp\/v2\/media\/5198"}],"wp:attachment":[{"href":"http:\/\/klubmamgdynia.pl\/index.php\/wp-json\/wp\/v2\/media?parent=5197"}],"wp:term":[{"taxonomy":"product_cat","embeddable":true,"href":"http:\/\/klubmamgdynia.pl\/index.php\/wp-json\/wp\/v2\/product_cat?post=5197"},{"taxonomy":"product_tag","embeddable":true,"href":"http:\/\/klubmamgdynia.pl\/index.php\/wp-json\/wp\/v2\/product_tag?post=5197"}],"curies":[{"name":"wp","href":"https:\/\/api.w.org\/{rel}","templated":true}]}}