{"id":5199,"date":"2023-12-11T11:02:33","date_gmt":"2023-12-11T10:02:33","guid":{"rendered":"http:\/\/klubmamgdynia.pl\/?post_type=product&#038;p=5199"},"modified":"2026-04-28T21:29:23","modified_gmt":"2026-04-28T19:29:23","slug":"sluban-czolg-rosyjski-t-90-ms-wojsko-758el","status":"publish","type":"product","link":"http:\/\/klubmamgdynia.pl\/index.php\/produkt\/sluban-czolg-rosyjski-t-90-ms-wojsko-758el\/","title":{"rendered":"Sluban Czo\u0142g Rosyjski T-90 Ms Wojsko 758El"},"content":{"rendered":"<p>PROMOCJA &#8211; TANIA DOSTAWA ! &#8211; Klocki Wojsko 772el Sluban czo\u0142g 135381 GAZELO &#8211; PACZKOMAT, POCZTA, KURIER<\/p>\n<h2>Sluban Czo\u0142g Rosyjski T-90 Ms Wojsko 758El Sluban<\/h2>\n<p>bajki dla dzieci od 7 do 10 lat, tupu tup po \u015bniegu tekst, zagadki dla doros\u0142ych, rzadkie imiona dla dziewczynek, minecraft szablony do druku, prezent dla dziecka 1 rok<\/p>\n<p>yyyyy<\/p>\n<p>&nbsp;<\/p>\n","protected":false},"excerpt":{"rendered":"<p>PROMOCJA &#8211; TANIA DOSTAWA ! &#8211; Klocki Wojsko 772el Sluban czo\u0142g 135381 GAZELO &#8211; PACZKOMAT, POCZTA, KURIER Sluban Czo\u0142g Rosyjski T-90 Ms Wojsko 758El Sluban bajki dla dzieci od 7 do 10 lat, tupu tup po \u015bniegu tekst, zagadki dla doros\u0142ych, rzadkie imiona dla dziewczynek, minecraft szablony do druku, prezent dla dziecka 1 rok yyyyy [&hellip;]<\/p>\n","protected":false},"featured_media":5200,"comment_status":"closed","ping_status":"open","template":"","meta":[],"product_cat":[113,513],"product_tag":[808,858,678],"class_list":["post-5199","product","type-product","status-publish","has-post-thumbnail","hentry","product_cat-klocki","product_cat-sluban","product_tag-imie-mia","product_tag-podchwytliwe-zagadki","product_tag-prezent-na-roczek-dla-dziewczynki"],"_links":{"self":[{"href":"http:\/\/klubmamgdynia.pl\/index.php\/wp-json\/wp\/v2\/product\/5199","targetHints":{"allow":["GET"]}}],"collection":[{"href":"http:\/\/klubmamgdynia.pl\/index.php\/wp-json\/wp\/v2\/product"}],"about":[{"href":"http:\/\/klubmamgdynia.pl\/index.php\/wp-json\/wp\/v2\/types\/product"}],"replies":[{"embeddable":true,"href":"http:\/\/klubmamgdynia.pl\/index.php\/wp-json\/wp\/v2\/comments?post=5199"}],"wp:featuredmedia":[{"embeddable":true,"href":"http:\/\/klubmamgdynia.pl\/index.php\/wp-json\/wp\/v2\/media\/5200"}],"wp:attachment":[{"href":"http:\/\/klubmamgdynia.pl\/index.php\/wp-json\/wp\/v2\/media?parent=5199"}],"wp:term":[{"taxonomy":"product_cat","embeddable":true,"href":"http:\/\/klubmamgdynia.pl\/index.php\/wp-json\/wp\/v2\/product_cat?post=5199"},{"taxonomy":"product_tag","embeddable":true,"href":"http:\/\/klubmamgdynia.pl\/index.php\/wp-json\/wp\/v2\/product_tag?post=5199"}],"curies":[{"name":"wp","href":"https:\/\/api.w.org\/{rel}","templated":true}]}}