{"id":52,"date":"2013-02-25T04:34:13","date_gmt":"2013-02-25T03:34:13","guid":{"rendered":"http:\/\/klubmamgdynia.pl\/?post_type=product&#038;p=52"},"modified":"2026-04-28T13:27:07","modified_gmt":"2026-04-28T11:27:07","slug":"dumel-oball-wywrotka","status":"publish","type":"product","link":"http:\/\/klubmamgdynia.pl\/index.php\/produkt\/dumel-oball-wywrotka\/","title":{"rendered":"Dumel Oball Wywrotka"},"content":{"rendered":"<p>Dumel Oball WywrotkaAutko posiada ruchom\u0105 skrzyni\u0119 \u0142adunkow\u0105 z blokad\u0105,a dzi\u0119ki zabawnym oczkomna pewno wzbudzi zaufanie ka\u017cdego Bobaska.Wystarczy, \u017ce popchnie ono samochodzik,a ten weso\u0142o ruszy naprz\u00f3d.W skrzyni \u0142adunkowej Maluch mo\u017ce przewozi\u0107 swoje ulubione ma\u0142e zabawki.<\/p>\n<h2>Dumel Oball Wywrotka Dumel<\/h2>\n<p>kolorowanka harry potter, kolorowanka minecraft, zagadki o owocach, zagadki dla dzieci 10 lat, psi patrol kolorowanka do druku, zagadki rymowanki dla dzieci, quiz o usa, postacie z bajek kolorowanki, bajka o dinozaurach do czytania, podchwytliwe zagadki dla dzieci, ko\u0142ysanki teksty, samolot z papieru<\/p>\n<p>yyyyy<\/p>\n<p>&nbsp;<\/p>\n","protected":false},"excerpt":{"rendered":"<p>Dumel Oball WywrotkaAutko posiada ruchom\u0105 skrzyni\u0119 \u0142adunkow\u0105 z blokad\u0105,a dzi\u0119ki zabawnym oczkomna pewno wzbudzi zaufanie ka\u017cdego Bobaska.Wystarczy, \u017ce popchnie ono samochodzik,a ten weso\u0142o ruszy naprz\u00f3d.W skrzyni \u0142adunkowej Maluch mo\u017ce przewozi\u0107 swoje ulubione ma\u0142e zabawki. Dumel Oball Wywrotka Dumel kolorowanka harry potter, kolorowanka minecraft, zagadki o owocach, zagadki dla dzieci 10 lat, psi patrol kolorowanka do [&hellip;]<\/p>\n","protected":false},"featured_media":53,"comment_status":"closed","ping_status":"open","template":"","meta":[],"product_cat":[41,42],"product_tag":[671,784,752,818,628,799],"class_list":["post-52","product","type-product","status-publish","has-post-thumbnail","hentry","product_cat-dumel","product_cat-maskotki","product_tag-cicha-noc-po-angielsku-tekst","product_tag-hymn-gorniczy","product_tag-kuba-imie","product_tag-oliwier","product_tag-zagadka","product_tag-zagadka-logiczna"],"_links":{"self":[{"href":"http:\/\/klubmamgdynia.pl\/index.php\/wp-json\/wp\/v2\/product\/52","targetHints":{"allow":["GET"]}}],"collection":[{"href":"http:\/\/klubmamgdynia.pl\/index.php\/wp-json\/wp\/v2\/product"}],"about":[{"href":"http:\/\/klubmamgdynia.pl\/index.php\/wp-json\/wp\/v2\/types\/product"}],"replies":[{"embeddable":true,"href":"http:\/\/klubmamgdynia.pl\/index.php\/wp-json\/wp\/v2\/comments?post=52"}],"wp:featuredmedia":[{"embeddable":true,"href":"http:\/\/klubmamgdynia.pl\/index.php\/wp-json\/wp\/v2\/media\/53"}],"wp:attachment":[{"href":"http:\/\/klubmamgdynia.pl\/index.php\/wp-json\/wp\/v2\/media?parent=52"}],"wp:term":[{"taxonomy":"product_cat","embeddable":true,"href":"http:\/\/klubmamgdynia.pl\/index.php\/wp-json\/wp\/v2\/product_cat?post=52"},{"taxonomy":"product_tag","embeddable":true,"href":"http:\/\/klubmamgdynia.pl\/index.php\/wp-json\/wp\/v2\/product_tag?post=52"}],"curies":[{"name":"wp","href":"https:\/\/api.w.org\/{rel}","templated":true}]}}