{"id":5203,"date":"2016-12-29T08:07:38","date_gmt":"2016-12-29T07:07:38","guid":{"rendered":"http:\/\/klubmamgdynia.pl\/index.php\/produkt\/brelok-patron-kierowcow-sw-krzysztof-aj1357-5903981113576\/"},"modified":"2026-04-20T18:00:49","modified_gmt":"2026-04-20T16:00:49","slug":"brelok-patron-kierowcow-sw-krzysztof-aj1357-5903981113576","status":"publish","type":"product","link":"http:\/\/klubmamgdynia.pl\/index.php\/produkt\/brelok-patron-kierowcow-sw-krzysztof-aj1357-5903981113576\/","title":{"rendered":"Brelok Patron Kierowc\u00f3w \u015aw Krzysztof Aj1357 (5903981113576)"},"content":{"rendered":"<p>Brelok ze \u015aw. Krzysztofempatron kierowc\u00f3wCena: 11,90 z\u0142\u2714 Produkt jest dost\u0119pny\u2714 Polska marka\u2714 Fabryczne opakowanieProdukt jest ca\u0142kowicie nowy.Staranne wykonanie z metalu nieszlachetnego.Pokryte kolorem postarzonego srebra.Proste i funkcjonalne zapi\u0119cie.InformacjeMarka: JubileoKod produktu: aj1357Kraj produkcji: PolskaKolor: antyczny srebrnyMateria\u0142: metal nieszlachetnyD\u0142ugo\u015b\u0107 ca\u0142kowita: 9 cm\u015arednica: 3,2 cmTyp zapi\u0119cia: k\u00f3\u0142ko spr\u0119\u017cynuj\u0105ceWaga: 17.6 g\u00a9 JubileoAUCTIONSID5241<\/p>\n<h2>Brelok Patron Kierowc\u00f3w \u015aw Krzysztof Aj1357 (5903981113576) Inny<\/h2>\n<p>cytaty rodzina, beniamin imi\u0119, zdrowe przepisy dla dzieci, bardzo trudne zagadki, kaczuszka, dyplomy do druku, zagadki o bajkach, kotek kolorowanka, zagadki dla 6 latka, karnawa\u0142 maska karnawa\u0142owa szablon, zima z\u0142a tekst, wiersze o wakacjach, prezent pod choink\u0119 dla 7 letniej dziewczynki, zabawki dla rocznej dziewczynki<\/p>\n<p>yyyyy<\/p>\n<p>&nbsp;<\/p>\n","protected":false},"excerpt":{"rendered":"<p>Brelok ze \u015aw. Krzysztofempatron kierowc\u00f3wCena: 11,90 z\u0142\u2714 Produkt jest dost\u0119pny\u2714 Polska marka\u2714 Fabryczne opakowanieProdukt jest ca\u0142kowicie nowy.Staranne wykonanie z metalu nieszlachetnego.Pokryte kolorem postarzonego srebra.Proste i funkcjonalne zapi\u0119cie.InformacjeMarka: JubileoKod produktu: aj1357Kraj produkcji: PolskaKolor: antyczny srebrnyMateria\u0142: metal nieszlachetnyD\u0142ugo\u015b\u0107 ca\u0142kowita: 9 cm\u015arednica: 3,2 cmTyp zapi\u0119cia: k\u00f3\u0142ko spr\u0119\u017cynuj\u0105ceWaga: 17.6 g\u00a9 JubileoAUCTIONSID5241 Brelok Patron Kierowc\u00f3w \u015aw Krzysztof Aj1357 (5903981113576) Inny [&hellip;]<\/p>\n","protected":false},"featured_media":5204,"comment_status":"closed","ping_status":"open","template":"","meta":[],"product_cat":[482,169],"product_tag":[696,784,583,843,581],"class_list":["post-5203","product","type-product","status-publish","has-post-thumbnail","hentry","product_cat-gadzety","product_cat-inny","product_tag-film-rodzinny-o-swietach","product_tag-hymn-gorniczy","product_tag-kolysanki-dla-dzieci-tekst","product_tag-smieszne-zagadki-dla-dzieci","product_tag-zagadki-dla-8-latka"],"_links":{"self":[{"href":"http:\/\/klubmamgdynia.pl\/index.php\/wp-json\/wp\/v2\/product\/5203","targetHints":{"allow":["GET"]}}],"collection":[{"href":"http:\/\/klubmamgdynia.pl\/index.php\/wp-json\/wp\/v2\/product"}],"about":[{"href":"http:\/\/klubmamgdynia.pl\/index.php\/wp-json\/wp\/v2\/types\/product"}],"replies":[{"embeddable":true,"href":"http:\/\/klubmamgdynia.pl\/index.php\/wp-json\/wp\/v2\/comments?post=5203"}],"wp:featuredmedia":[{"embeddable":true,"href":"http:\/\/klubmamgdynia.pl\/index.php\/wp-json\/wp\/v2\/media\/5204"}],"wp:attachment":[{"href":"http:\/\/klubmamgdynia.pl\/index.php\/wp-json\/wp\/v2\/media?parent=5203"}],"wp:term":[{"taxonomy":"product_cat","embeddable":true,"href":"http:\/\/klubmamgdynia.pl\/index.php\/wp-json\/wp\/v2\/product_cat?post=5203"},{"taxonomy":"product_tag","embeddable":true,"href":"http:\/\/klubmamgdynia.pl\/index.php\/wp-json\/wp\/v2\/product_tag?post=5203"}],"curies":[{"name":"wp","href":"https:\/\/api.w.org\/{rel}","templated":true}]}}