{"id":5205,"date":"2012-11-14T08:28:00","date_gmt":"2012-11-14T07:28:00","guid":{"rendered":"http:\/\/klubmamgdynia.pl\/index.php\/produkt\/windforce-snowblazer-215-60r16-95-h\/"},"modified":"2026-04-03T19:58:39","modified_gmt":"2026-04-03T17:58:39","slug":"windforce-snowblazer-215-60r16-95-h","status":"publish","type":"product","link":"http:\/\/klubmamgdynia.pl\/index.php\/produkt\/windforce-snowblazer-215-60r16-95-h\/","title":{"rendered":"Windforce Snowblazer 215\/60R16 95 H"},"content":{"rendered":"<p>Windforce SNOWBLAZERCentralny w poprzek i 2 szerokie proste rowki obwodowe, z wypuk\u0142ymi w dolnej cz\u0119\u015bci, poprawiaj\u0105 przyczepno\u015b\u0107, skracaj\u0105 drog\u0119 hamowania i zwi\u0119kszaj\u0105 stabilno\u015b\u0107 na \u015bniegu.Bioniczny wz\u00f3r bie\u017cnika sprawia, \u017ce \u200b\u200bsztywno\u015b\u0107 ca\u0142ych blok\u00f3w bie\u017cnika jest bardziej logiczna, a zoptymalizowane rozmieszczenie lameli w kszta\u0142cie litery \u201eV\u201d zapewnia doskona\u0142\u0105 przyczepno\u015b\u0107 na \u015bniegu i lodzie.Szeroki toczny bie\u017cnik dzi\u0119ki zoptymalizowanej komputerowo konstrukcji zapewnia wystarczaj\u0105c\u0105 powierzchni\u0119 styku dla wi\u0119kszej przyczepno\u015bci. Szeroko otwarte rowki na ramionach zapobiegaj\u0105 aquaplaningowi ze zwi\u0119kszon\u0105 przyczepno\u015bci\u0105 na mokrej nawierzchni i zapewniaj\u0105 doskona\u0142e odprowadzanie wody i \u015bniegu.Specjalna mieszanka bie\u017cnika pozostaje elastyczna w ni\u017cszych temperaturach, aby zapewni\u0107 przyczepno\u015b\u0107 w zimowych warunkach drogowych i zmniejszy\u0107 op\u00f3r toczenia.<\/p>\n<h2>Windforce Snowblazer 215\/60R16 95 H Windforce<\/h2>\n<p>bezwarunkowa mi\u0142o\u015b\u0107 do dziecka cytaty, nietypowe imiona, wroc\u0142aw atrakcje dla dzieci, dobranoc pch\u0142y na noc, zagadki liczbowe, melania imi\u0119, kolorowanki \u015bwi\u0119to niepodleg\u0142o\u015bci do druku, kolorowanki do druku dla dziewczynek<\/p>\n<p>yyyyy<\/p>\n<p>&nbsp;<\/p>\n","protected":false},"excerpt":{"rendered":"<p>Windforce SNOWBLAZERCentralny w poprzek i 2 szerokie proste rowki obwodowe, z wypuk\u0142ymi w dolnej cz\u0119\u015bci, poprawiaj\u0105 przyczepno\u015b\u0107, skracaj\u0105 drog\u0119 hamowania i zwi\u0119kszaj\u0105 stabilno\u015b\u0107 na \u015bniegu.Bioniczny wz\u00f3r bie\u017cnika sprawia, \u017ce \u200b\u200bsztywno\u015b\u0107 ca\u0142ych blok\u00f3w bie\u017cnika jest bardziej logiczna, a zoptymalizowane rozmieszczenie lameli w kszta\u0142cie litery \u201eV\u201d zapewnia doskona\u0142\u0105 przyczepno\u015b\u0107 na \u015bniegu i lodzie.Szeroki toczny bie\u017cnik dzi\u0119ki zoptymalizowanej [&hellip;]<\/p>\n","protected":false},"featured_media":5206,"comment_status":"closed","ping_status":"open","template":"","meta":[],"product_cat":[885,890],"product_tag":[676,797,840,782,597],"class_list":["post-5205","product","type-product","status-publish","has-post-thumbnail","hentry","product_cat-opony-zimowe","product_cat-windforce","product_tag-bursztynek","product_tag-kiekrz","product_tag-stare-bajki","product_tag-zagadki-dla-dzieci-z-odpowiedziami","product_tag-zagadki-o-zimie"],"_links":{"self":[{"href":"http:\/\/klubmamgdynia.pl\/index.php\/wp-json\/wp\/v2\/product\/5205","targetHints":{"allow":["GET"]}}],"collection":[{"href":"http:\/\/klubmamgdynia.pl\/index.php\/wp-json\/wp\/v2\/product"}],"about":[{"href":"http:\/\/klubmamgdynia.pl\/index.php\/wp-json\/wp\/v2\/types\/product"}],"replies":[{"embeddable":true,"href":"http:\/\/klubmamgdynia.pl\/index.php\/wp-json\/wp\/v2\/comments?post=5205"}],"wp:featuredmedia":[{"embeddable":true,"href":"http:\/\/klubmamgdynia.pl\/index.php\/wp-json\/wp\/v2\/media\/5206"}],"wp:attachment":[{"href":"http:\/\/klubmamgdynia.pl\/index.php\/wp-json\/wp\/v2\/media?parent=5205"}],"wp:term":[{"taxonomy":"product_cat","embeddable":true,"href":"http:\/\/klubmamgdynia.pl\/index.php\/wp-json\/wp\/v2\/product_cat?post=5205"},{"taxonomy":"product_tag","embeddable":true,"href":"http:\/\/klubmamgdynia.pl\/index.php\/wp-json\/wp\/v2\/product_tag?post=5205"}],"curies":[{"name":"wp","href":"https:\/\/api.w.org\/{rel}","templated":true}]}}