{"id":5207,"date":"2014-11-18T09:36:35","date_gmt":"2014-11-18T08:36:35","guid":{"rendered":"http:\/\/klubmamgdynia.pl\/index.php\/produkt\/brelok-sowiecka-pepesza-styl-militarny-aj1568-5903981115686\/"},"modified":"2026-04-29T14:51:22","modified_gmt":"2026-04-29T12:51:22","slug":"brelok-sowiecka-pepesza-styl-militarny-aj1568-5903981115686","status":"publish","type":"product","link":"http:\/\/klubmamgdynia.pl\/index.php\/produkt\/brelok-sowiecka-pepesza-styl-militarny-aj1568-5903981115686\/","title":{"rendered":"Brelok Sowiecka Pepesza Styl Militarny Aj1568 (5903981115686)"},"content":{"rendered":"<p>Breloczek Karabin Pepeszamilitary styleCena: 11,90 z\u0142\u2714 Produkt jest dost\u0119pny\u2714 Polska marka\u2714 Fabryczne opakowanieProdukt jest ca\u0142kowicie nowy.Breloczek w kszta\u0142cie karabinu.Wykonany z metalu w kolorze starego srebra.Obrotowy \u0142\u0105cznik.Mocne spr\u0119\u017cynuj\u0105ce k\u00f3\u0142ko.InformacjeMarka: JubileoKod produktu: aj1568Kraj produkcji: PolskaMateria\u0142: metal nieszlachetny koloru starego srebraD\u0142ugo\u015b\u0107 ca\u0142kowita: 15 cmSzeroko\u015b\u0107: 2,0 cmD\u0142ugo\u015b\u0107: 9,0 cmTyp \u0142a\u0144cuszka: obrotowy \u0142\u0105cznikTyp zapi\u0119cia: k\u00f3\u0142ko spr\u0119\u017cynuj\u0105ceWaga: 22.2 g\u00a9 JubileoAUCTIONSID6040<\/p>\n<h2>Brelok Sowiecka Pepesza Styl Militarny Aj1568 (5903981115686) Inny<\/h2>\n<p>trudne zagadki matematyczne, \u015bw przemys\u0142aw, bajki do czytania dla ch\u0142opc\u00f3w, flagi pa\u0144stw quiz, bajki dla niemowl\u0105t, kolorowanki super zings, nowe quizy do rozwi\u0105zania, jakie prezenty na roczek, nauczyciel cytaty, imi\u0119 mia, cytaty dzie\u0144 nauczyciela, mapa polski do wydrukowania za darmo, iwo imi\u0119, bycie mam\u0105 cytaty, miastodzieci, \u015bmieszne \u0142ama\u0144ce j\u0119zykowe<\/p>\n<p>yyyyy<\/p>\n<p>&nbsp;<\/p>\n","protected":false},"excerpt":{"rendered":"<p>Breloczek Karabin Pepeszamilitary styleCena: 11,90 z\u0142\u2714 Produkt jest dost\u0119pny\u2714 Polska marka\u2714 Fabryczne opakowanieProdukt jest ca\u0142kowicie nowy.Breloczek w kszta\u0142cie karabinu.Wykonany z metalu w kolorze starego srebra.Obrotowy \u0142\u0105cznik.Mocne spr\u0119\u017cynuj\u0105ce k\u00f3\u0142ko.InformacjeMarka: JubileoKod produktu: aj1568Kraj produkcji: PolskaMateria\u0142: metal nieszlachetny koloru starego srebraD\u0142ugo\u015b\u0107 ca\u0142kowita: 15 cmSzeroko\u015b\u0107: 2,0 cmD\u0142ugo\u015b\u0107: 9,0 cmTyp \u0142a\u0144cuszka: obrotowy \u0142\u0105cznikTyp zapi\u0119cia: k\u00f3\u0142ko spr\u0119\u017cynuj\u0105ceWaga: 22.2 g\u00a9 JubileoAUCTIONSID6040 Brelok [&hellip;]<\/p>\n","protected":false},"featured_media":5208,"comment_status":"closed","ping_status":"open","template":"","meta":[],"product_cat":[482,169],"product_tag":[697,723,807,736,857,860],"class_list":["post-5207","product","type-product","status-publish","has-post-thumbnail","hentry","product_cat-gadzety","product_cat-inny","product_tag-krotkie-bajki-do-czytania","product_tag-krotkie-bajki-do-czytania-na-dobranoc","product_tag-logiczne-zagadki","product_tag-zabawki-na-roczek","product_tag-zagadki-dla-dzieci-7-8-lat","product_tag-zagadki-logiczne-dla-doroslych"],"_links":{"self":[{"href":"http:\/\/klubmamgdynia.pl\/index.php\/wp-json\/wp\/v2\/product\/5207","targetHints":{"allow":["GET"]}}],"collection":[{"href":"http:\/\/klubmamgdynia.pl\/index.php\/wp-json\/wp\/v2\/product"}],"about":[{"href":"http:\/\/klubmamgdynia.pl\/index.php\/wp-json\/wp\/v2\/types\/product"}],"replies":[{"embeddable":true,"href":"http:\/\/klubmamgdynia.pl\/index.php\/wp-json\/wp\/v2\/comments?post=5207"}],"wp:featuredmedia":[{"embeddable":true,"href":"http:\/\/klubmamgdynia.pl\/index.php\/wp-json\/wp\/v2\/media\/5208"}],"wp:attachment":[{"href":"http:\/\/klubmamgdynia.pl\/index.php\/wp-json\/wp\/v2\/media?parent=5207"}],"wp:term":[{"taxonomy":"product_cat","embeddable":true,"href":"http:\/\/klubmamgdynia.pl\/index.php\/wp-json\/wp\/v2\/product_cat?post=5207"},{"taxonomy":"product_tag","embeddable":true,"href":"http:\/\/klubmamgdynia.pl\/index.php\/wp-json\/wp\/v2\/product_tag?post=5207"}],"curies":[{"name":"wp","href":"https:\/\/api.w.org\/{rel}","templated":true}]}}