{"id":5209,"date":"2017-05-03T04:58:26","date_gmt":"2017-05-03T02:58:26","guid":{"rendered":"http:\/\/klubmamgdynia.pl\/index.php\/produkt\/exide-premium-12v-64ah-640a\/"},"modified":"2026-04-29T22:11:01","modified_gmt":"2026-04-29T20:11:01","slug":"exide-premium-12v-64ah-640a","status":"publish","type":"product","link":"http:\/\/klubmamgdynia.pl\/index.php\/produkt\/exide-premium-12v-64ah-640a\/","title":{"rendered":"Exide Premium 12V 64Ah 640A"},"content":{"rendered":"<p>Exide Premium 12V64Ah 640A<\/p>\n<p>Akumulatory Exide Premium przeznaczone s\u0105 do silnik\u00f3w o du\u017cej mocy zar\u00f3wno Diesla jak i benzynowych. Doskonale sprawdzaj\u0105 si\u0119 w ekstremalnie wysokich i niskich temperaturach. Akumulatory Premium posiadaj\u0105 ulepszone parametry rozruchowe i podwy\u017cszon\u0105 \u017cywotno\u015b\u0107. S\u0105 ca\u0142kowicie bezobs\u0142ugowe oraz wyposa\u017cone w &#8222;magiczne oko&#8221;, kt\u00f3re bardzo u\u0142atwia kontrol\u0119 na\u0142adowania. Podstawowe cechy akumulatora bezobs\u0142ugowego: nie wymagaj\u0105 uzupe\u0142niania poziomu elektrolitu wod\u0105 destylowan\u0105, s\u0105 szczelne, dzi\u0119ki szczelno\u015bci s\u0105 bezpieczne w eksploatacji i nieszkodliwe dla otoczenia (nie ma kwa\u015bnych opar\u00f3w i niebezpiecze\u0144stwa poparzenia kwasem siarkowym), a tak\u017ce nie wymagaj\u0105 pomieszcze\u0144 ze specjaln\u0105, wymuszon\u0105 wentylacj\u0105.<\/p>\n<h2>Exide Premium 12V 64Ah 640A Exide<\/h2>\n<p>\u0142atwe zagadki, ninjago kolorowanki, karty pracy do druku litery, bajeczki na dobranoc, delfinarium polska, sentencje o dzieciach, aurelia, lol kolorowanki do druku, najtrudniejsze zagadki, quizy ma\u0142y ksi\u0105\u017c\u0119, prezenty dla nastolatk\u00f3w na dzie\u0144 dziecka, rozalia imie, mia imi\u0119, zagadki na logiczne my\u015blenie, smok wawelski bajka, o\u015brodki wczasowe nad morzem dla rodzin z dzie\u0107mi, prezent dla nastolatek, test z lektury pies kt\u00f3ry je\u017adzi\u0142 kolej\u0105, wierszyk o marzannie, weso\u0142e pisanki tekst, quiz o psie kt\u00f3ry je\u017adzi\u0142 kolej\u0105<\/p>\n<p>yyyyy<\/p>\n<p>&nbsp;<\/p>\n","protected":false},"excerpt":{"rendered":"<p>Exide Premium 12V64Ah 640A Akumulatory Exide Premium przeznaczone s\u0105 do silnik\u00f3w o du\u017cej mocy zar\u00f3wno Diesla jak i benzynowych. Doskonale sprawdzaj\u0105 si\u0119 w ekstremalnie wysokich i niskich temperaturach. Akumulatory Premium posiadaj\u0105 ulepszone parametry rozruchowe i podwy\u017cszon\u0105 \u017cywotno\u015b\u0107. S\u0105 ca\u0142kowicie bezobs\u0142ugowe oraz wyposa\u017cone w &#8222;magiczne oko&#8221;, kt\u00f3re bardzo u\u0142atwia kontrol\u0119 na\u0142adowania. Podstawowe cechy akumulatora bezobs\u0142ugowego: nie [&hellip;]<\/p>\n","protected":false},"featured_media":5210,"comment_status":"closed","ping_status":"open","template":"","meta":[],"product_cat":[564,1314],"product_tag":[859,842,757,736,633],"class_list":["post-5209","product","type-product","status-publish","has-post-thumbnail","hentry","product_cat-akumulatory","product_cat-exide","product_tag-dobranoc-pchly-na-noc","product_tag-plac-zabaw-poznan","product_tag-test-z-lektury-ania-z-zielonego-wzgorza-klasa-6-z-odpowiedziami","product_tag-zabawki-na-roczek","product_tag-zagadki-z-odpowiedziami"],"_links":{"self":[{"href":"http:\/\/klubmamgdynia.pl\/index.php\/wp-json\/wp\/v2\/product\/5209","targetHints":{"allow":["GET"]}}],"collection":[{"href":"http:\/\/klubmamgdynia.pl\/index.php\/wp-json\/wp\/v2\/product"}],"about":[{"href":"http:\/\/klubmamgdynia.pl\/index.php\/wp-json\/wp\/v2\/types\/product"}],"replies":[{"embeddable":true,"href":"http:\/\/klubmamgdynia.pl\/index.php\/wp-json\/wp\/v2\/comments?post=5209"}],"wp:featuredmedia":[{"embeddable":true,"href":"http:\/\/klubmamgdynia.pl\/index.php\/wp-json\/wp\/v2\/media\/5210"}],"wp:attachment":[{"href":"http:\/\/klubmamgdynia.pl\/index.php\/wp-json\/wp\/v2\/media?parent=5209"}],"wp:term":[{"taxonomy":"product_cat","embeddable":true,"href":"http:\/\/klubmamgdynia.pl\/index.php\/wp-json\/wp\/v2\/product_cat?post=5209"},{"taxonomy":"product_tag","embeddable":true,"href":"http:\/\/klubmamgdynia.pl\/index.php\/wp-json\/wp\/v2\/product_tag?post=5209"}],"curies":[{"name":"wp","href":"https:\/\/api.w.org\/{rel}","templated":true}]}}