{"id":521,"date":"2018-06-11T02:21:31","date_gmt":"2018-06-11T00:21:31","guid":{"rendered":"http:\/\/klubmamgdynia.pl\/index.php\/produkt\/moto-racer-4-gra-ps4\/"},"modified":"2026-04-23T11:08:19","modified_gmt":"2026-04-23T09:08:19","slug":"moto-racer-4-gra-ps4","status":"publish","type":"product","link":"http:\/\/klubmamgdynia.pl\/index.php\/produkt\/moto-racer-4-gra-ps4\/","title":{"rendered":"Moto Racer 4 (Gra PS4)"},"content":{"rendered":"<p>MOTO RACER 4 jest jedn\u0105 z pierwszych gier, kt\u00f3ra wspiera PlayStation VR.Moto Racer 4 to wydana na platformie PlayStation 4 czwarta pe\u0142noprawna ods\u0142ona kultowego cyklu wy\u015bcig\u00f3w motocyklowych, kt\u00f3rego pierwsze trzy cz\u0119\u015bci, opracowane przez nieistniej\u0105ce ju\u017c studio Delphine Software, ukaza\u0142y si\u0119 w latach 1997-2001. Gra powsta\u0142a we wsp\u00f3\u0142pracy legendarnej francuskiej firmy Microids z ekip\u0105 Artefacts Studio, maj\u0105c\u0105 na swoim koncie m.in. takie tytu\u0142y jak Gods vs Humans oraz wydany w 2008 roku na konsolk\u0119 Nintendo DS Moto Racer. Nad ca\u0142o\u015bci\u0105 prac czuwa\u0142 za\u015b g\u0142\u00f3wny projektant orygina\u0142u, Paul Cuisset.Mechanika rozgrywki w grze Moto Racer 4 pozosta\u0142a wierna rozwi\u0105zaniom znanym z klasycznych ods\u0142on serii, tak wi\u0119c mamy tu do czynienia z dynamiczn\u0105 gr\u0105 wy\u015bcigow\u0105 o typowo zr\u0119czno\u015bciowym modelu jazdy, w kt\u00f3rym zasady rywalizacji fair play zepchni\u0119te zosta\u0142y na dalszy plan. W grze bierzemy udzia\u0142 w kolejnych motocyklowych zmaganiach, rozgrywaj\u0105cych si\u0119 w dw\u00f3ch g\u0142\u00f3wnych wariantach: motocross (terenowym) oraz traffic (szosowym), uwzgl\u0119daniaj\u0105cych m.in. takie aspekty jak ruch uliczny czy mo\u017cliwo\u015b\u0107 zderzenia si\u0119 z konkurentamiDo dyspozycji graczy oddano wiele modeli motocykli, przeznaczonych do poszczeg\u00f3lnych typ\u00f3w zawod\u00f3w: od klasycznych jedno\u015blad\u00f3w crossowych do maszyn o du\u017cej mocy, reprezentuj\u0105cych kategori\u0119 superbike. Zgodnie z obowi\u0105zuj\u0105cymi standardami, w grze nie zabrak\u0142o tak\u017ce bogatych opcji customizacji &#8221; zar\u00f3wno samych jedno\u015blad\u00f3w, jak i ich kierowc\u00f3w.Podobnie jak klasyczne ods\u0142ony serii Moto Racer, tak\u017ce i &#8222;czw\u00f3rka&#8221; zaprojektowana zosta\u0142a z my\u015bl\u0105 o zabawie zar\u00f3wno dla jednego, jak i wielu graczy. Tym razem jednak tw\u00f3rcy przygotowali imponuj\u0105c\u0105 liczb\u0119 kilkunastu tryb\u00f3w rozgrywki, na czele z typowymi wariantami: Time Trial, Single Race oraz Championship. W\u015br\u00f3d ca\u0142kiem nowych znalaz\u0142y si\u0119 m.in. King of the Hill, Last Man Standing, Survival, Catch-Up, Wolf Pack, Ghost Bike oraz Golden Helmet. Nie zabrak\u0142o tak\u017ce klasycznej opcji rywalizacji dw\u00f3ch graczy na podzielonym ekranie oraz sieciowego multiplayera, w kt\u00f3rym zmaga\u0107 si\u0119 mo\u017ce jednocze\u015bnie nawet do 10 os\u00f3b.Wydany na platformie PlayStation 4 Moto Racer 4 powsta\u0142 w oparciu o zaawansowany silnik graficzny Unreal Engine 4, co przek\u0142ada si\u0119 na wysoki poziom oprawy graficznej gry i mo\u017cliwo\u015b\u0107 p\u0142ynnej rozgrywki w sta\u0142ych 60 klatkach na sekund\u0119. Zwa\u017cywszy na przepa\u015b\u0107 czasow\u0105, dziel\u0105c\u0105 &#8222;czw\u00f3rk\u0119? od klasycznej trylogii, pod wzgl\u0119dem wizualnym stanowi ona prawdziwy krok milowy w historii serii.<\/p>\n<h2>Moto Racer 4 (Gra PS4) CD Projekt<\/h2>\n<p>rysowanie po \u015bladzie, kolorowanki lato, zagadki dla nastolatk\u00f3w, maly kotek kotek kolorowanka, zagadki o lesie, prezent na 1 urodziny, dla nastolatk\u00f3w prezenty, zagadki dla dzieci z odpowiedziami, iwo imie, malowanki piesek, nowoczesna babcia wiersz, lol surprise kolorowanki, testy z lektury opowie\u015bci z narnii lew czarownica i stara szafa<\/p>\n<p>yyyyy<\/p>\n<p>&nbsp;<\/p>\n","protected":false},"excerpt":{"rendered":"<p>MOTO RACER 4 jest jedn\u0105 z pierwszych gier, kt\u00f3ra wspiera PlayStation VR.Moto Racer 4 to wydana na platformie PlayStation 4 czwarta pe\u0142noprawna ods\u0142ona kultowego cyklu wy\u015bcig\u00f3w motocyklowych, kt\u00f3rego pierwsze trzy cz\u0119\u015bci, opracowane przez nieistniej\u0105ce ju\u017c studio Delphine Software, ukaza\u0142y si\u0119 w latach 1997-2001. Gra powsta\u0142a we wsp\u00f3\u0142pracy legendarnej francuskiej firmy Microids z ekip\u0105 Artefacts Studio, [&hellip;]<\/p>\n","protected":false},"featured_media":522,"comment_status":"closed","ping_status":"open","template":"","meta":[],"product_cat":[202,203],"product_tag":[668,839,702,807,682,822,860],"class_list":["post-521","product","type-product","status-publish","has-post-thumbnail","hentry","product_cat-cd-projekt","product_cat-gry-playstation-4","product_tag-atrakcje-dla-dzieci-wroclaw","product_tag-bajki-na-dobranoc-do-czytania","product_tag-co-kupic-na-roczek-dla-dziewczynki","product_tag-logiczne-zagadki","product_tag-przyjazn-cytaty","product_tag-wierszyki-o-wakacjach-krotkie","product_tag-zagadki-logiczne-dla-doroslych"],"_links":{"self":[{"href":"http:\/\/klubmamgdynia.pl\/index.php\/wp-json\/wp\/v2\/product\/521","targetHints":{"allow":["GET"]}}],"collection":[{"href":"http:\/\/klubmamgdynia.pl\/index.php\/wp-json\/wp\/v2\/product"}],"about":[{"href":"http:\/\/klubmamgdynia.pl\/index.php\/wp-json\/wp\/v2\/types\/product"}],"replies":[{"embeddable":true,"href":"http:\/\/klubmamgdynia.pl\/index.php\/wp-json\/wp\/v2\/comments?post=521"}],"wp:featuredmedia":[{"embeddable":true,"href":"http:\/\/klubmamgdynia.pl\/index.php\/wp-json\/wp\/v2\/media\/522"}],"wp:attachment":[{"href":"http:\/\/klubmamgdynia.pl\/index.php\/wp-json\/wp\/v2\/media?parent=521"}],"wp:term":[{"taxonomy":"product_cat","embeddable":true,"href":"http:\/\/klubmamgdynia.pl\/index.php\/wp-json\/wp\/v2\/product_cat?post=521"},{"taxonomy":"product_tag","embeddable":true,"href":"http:\/\/klubmamgdynia.pl\/index.php\/wp-json\/wp\/v2\/product_tag?post=521"}],"curies":[{"name":"wp","href":"https:\/\/api.w.org\/{rel}","templated":true}]}}