{"id":5211,"date":"2018-01-24T02:28:07","date_gmt":"2018-01-24T01:28:07","guid":{"rendered":"http:\/\/klubmamgdynia.pl\/index.php\/produkt\/michelin-alpin-6-205-60r16-92t\/"},"modified":"2026-04-29T16:26:19","modified_gmt":"2026-04-29T14:26:19","slug":"michelin-alpin-6-205-60r16-92t","status":"publish","type":"product","link":"http:\/\/klubmamgdynia.pl\/index.php\/produkt\/michelin-alpin-6-205-60r16-92t\/","title":{"rendered":"MICHELIN ALPIN 6 205\/60R16 92T"},"content":{"rendered":"<p>Opony zimowe Michelin Alpin 6 w rozmiarze 205\/60 R16 92T<\/p>\n<p>Opony zimowe Michelin Alpin 6 w omawianym przyk\u0142adzie maj\u0105 rozmiar 205\/60 R16. Warto wiedzie\u0107, \u017ce pierwsza liczba w oznaczeniu rozmiaru to szeroko\u015b\u0107 opony w milimetrach &#8211; tutaj 205 mm. Druga z liczb w rozmiarze 205\/60 R16 to wysoko\u015b\u0107 profilu, kt\u00f3ra w rozmiarze jest podawana jako procent z szeroko\u015bci \u2013 w tym prezentowanych oponach zimowych Michelin Alpin 6 205\/60 R16 jest to 60% z 205, czyli 123 mm. Litera przed ostatni\u0105 liczb\u0105 to typ konstrukcji opony, a ostatnia z liczb w rozmiarze to \u015brednica felgi, na jak\u0105 nale\u017cy zamontowa\u0107 model w rozmiarze 205\/60 R16 \u2013 tutaj wynosi ona 16 cali. Omawiane opony zimowe Michelin Alpin 6 205\/60 R16 maj\u0105 indeks pr\u0119dko\u015bci T i indeks no\u015bno\u015bci 92. Oznacza to, \u017ce przy poruszaniu si\u0119 z maksymaln\u0105 dopuszczaln\u0105 pr\u0119dko\u015bci\u0105 190 km\/h najwy\u017csza warto\u015b\u0107 obci\u0105\u017cenia dla jednej opony wynosi 630 kg. Tego typu model najcz\u0119\u015bciej jest montowany w samochodach takich, jak Toyota Avensis (III FL 2015), Renault Laguna (III), Opel Insignia (A), Mercedes Klasa C (205) czy Renault Grand Scenic (II). Zastanawiaj\u0105c si\u0119 nad zakupem opon zimowych Michelin Alpin 6 205\/60 R16 warto zapozna\u0107 si\u0119 z ich etykiet\u0105 unijn\u0105.                            <\/p>\n<p>            Opony do samochod\u00f3w osobowych<\/p>\n<p>Opony osobowe mog\u0105 by\u0107 ca\u0142oroczne, letnie lub zimowe. W zale\u017cno\u015bci od potrzeb czy posiadanego bud\u017cetu kierowcy mog\u0105 wybiera\u0107 w\u015br\u00f3d najta\u0144szych opon osobowych klasy ekonomicznej, \u015bredniej (dobry stosunek ceny do jako\u015bci) lub premium (najwy\u017cszy poziom osi\u0105g\u00f3w). Opony osobowe najcz\u0119\u015bciej wyposa\u017cone s\u0105 w bie\u017cnik asymetryczny (szczeg\u00f3lnie te modele do samochod\u00f3w o wi\u0119kszej mocy) lub kierunkowy (najbardziej popularny w\u015br\u00f3d opon zimowych i ca\u0142orocznych, ale jest te\u017c cz\u0119sto stosowany w oponach letnich).                            <\/p>\n<p>            Klasa &#8211; premium. Opony dla wymagaj\u0105cych kierowc\u00f3w gwarantuj\u0105ce doskona\u0142e parametry<\/p>\n<p>Opony klasy premium to najbardziej zaawansowane technologicznie produkty na rynku. Do ich produkcji stosowane s\u0105 najlepsze jako\u015bciowo sk\u0142adniki (mi\u0119dzy innymi nowatorskie mieszanki gumowe), co przek\u0142ada si\u0119 na wysoki poziom osi\u0105g\u00f3w w obszarze bezpiecze\u0144stwa, komfortu i koszt\u00f3w u\u017cytkowania. Opony premium najcz\u0119\u015bciej wygrywaj\u0105 testy organizowane przez czo\u0142owe organizacje motoryzacyjne, otrzymuj\u0105 wysokie klasy na etykietach i wiele pozytywnych recenzji kierowc\u00f3w. Czo\u0142owe marki premium to: Michelin, Bridgestone, Pirelli, Continental, Nokian, Yokohama, Goodyear czy Dunlop.                            <\/p>\n<p>            Etykieta unijna opon Alpin 6 205\/60 R16 czyli ocena hamowania, ha\u0142asu i spalania<\/p>\n<p>Spalanie paliwa Etykieta unijna na oponach informuje mi\u0119dzy innymi o poziomie opor\u00f3w toczenia, kt\u00f3re maj\u0105 wp\u0142yw na zu\u017cycie paliwa przez samoch\u00f3d, a w efekcie emisj\u0119 spalin. Im mniejsze opory, tym auto powinno pali\u0107 mniej \u2013 nawet 0,25 litra na 100 km. W ramach pomiaru opor\u00f3w toczenia mo\u017cliwe jest przyznanie klas od A (najlepsza) do G (najgorsza). Taka skala widnieje na etykietach, ale warto wiedzie\u0107, \u017ce ocena D nie jest stosowana \u2013 jest to tak zwana klasa pusta dla lepszego rozgraniczenia modeli lepszych i gorszych w tej kategorii. Jako ciekawostk\u0119 dodam, i\u017c 1 produkt spe\u0142niaj\u0105cy kryteria &#8211; opony 205\/60 R16 (rozmiar) oraz zimowe (sezon) &#8211; uzyska\u0142 ocen\u0119 &#8222;B&#8221; na etykiecie unijnej w kategorii opor\u00f3w toczenia. Hamowanie na mokrym Fragment etykiety unijnej zawieraj\u0105cy informacje o przyczepno\u015bci na mokrej nawierzchni prezentuje wyniki pomiaru drogi hamowania i si\u0142y tarcia opon we wspomnianych warunkach w por\u00f3wnaniu do modelu referencyjnego. Etykieta unijna za przyczepno\u015b\u0107 na mokrym przewiduje przyznanie klas od A (najwy\u017csza) do G (najni\u017csza) \u2013 warto jednak pami\u0119ta\u0107, \u017ce klasa D dla rozgraniczenia lepszych i gorszych produkt\u00f3w pozostaje pusta, a opony z klas\u0105 G nie s\u0105 dopuszczane do sprzeda\u017cy, wi\u0119c w praktyce takich si\u0119 nie spotyka. Wspomn\u0119 tak\u017ce, \u017ce 13 produkt\u00f3w spe\u0142niaj\u0105cych wytyczne &#8211; opony Alpin 6 (model) oraz 16 cali (\u015brednica) &#8211; uzyska\u0142o ocen\u0119 &#8222;B&#8221; na etykiecie unijnej w kategorii przyczepno\u015bci na mokrej nawierzchni. Ha\u0142as na zewn\u0105trz Ha\u0142as zewn\u0119trzny to inaczej nat\u0119\u017cenie d\u017awi\u0119ku, kt\u00f3ry wytwarzany jest przez pracuj\u0105ca opon\u0119. Pod tym wzgl\u0119dem ogumienie dzieli si\u0119 na trzy kategorie oznaczane od najcichszych do najg\u0142o\u015bniejszych graficznymi symbolami jednej, dw\u00f3ch lub trzech fal. Dodatkowo umieszcza si\u0119 w tym miejscu r\u00f3wnie\u017c liczb\u0119 oznaczaj\u0105c\u0105 \u015brednie nat\u0119\u017cenie ha\u0142asu w decybelach. Na koniec informacja, i\u017c 25 produkt\u00f3w spe\u0142niaj\u0105cych kryteria &#8211; opony zimowe (sezon), 16 cali (\u015brednica) oraz premium (klasa) &#8211; uzyska\u0142o ocen\u0119 &#8222;68 dB&#8221; na etykiecie unijnej w kategorii generowanego ha\u0142asu.                            <\/p>\n<p>            Firma Michelin<\/p>\n<p>Opony Michelin pochodz\u0105 z Francji i s\u0105 produkowane od ponad 100 lat. Marka jest obecnie zaliczana do klasy premium \u2013 jej modele charakteryzuj\u0105 si\u0119 wysokim poziomem osi\u0105g\u00f3w, co znajduje potwierdzenie w rankingach opon, opiniach u\u017cytkownik\u00f3w i na europejskich etykietach. Na oponach Michelin mo\u017cna podr\u00f3\u017cowa\u0107 bezpiecznie, komfortowo i oszcz\u0119dnie niezale\u017cnie od warunk\u00f3w panuj\u0105cych na drodze. Opony Michelin dost\u0119pne s\u0105 do r\u00f3\u017cnego rodzaju pojazd\u00f3w na sezon letni, zimowy lub w wariancie ca\u0142orocznym.                            <\/p>\n<p>            Kierunkowa rze\u017aba bie\u017cnika<\/p>\n<p>Opony kierunkowe charakteryzuj\u0105 si\u0119 doskona\u0142ym odprowadzaniem wody, b\u0142ota po\u015bniegowego i \u015bniegu (badania wykaza\u0142y, \u017ce maj\u0105 o 20% wi\u0119ksz\u0105 odporno\u015b\u0107 na aquaplaning od modeli asymetrycznych). Jest to zas\u0142uga rowk\u00f3w, kt\u00f3re kszta\u0142tem przypominaj\u0105 litery &#8222;V&#8221; i &#8222;U&#8221; lub charakterystyczn\u0105 jode\u0142k\u0119. Do pozosta\u0142ych zalet opon kierunkowych zalicza si\u0119 tak\u017ce doskona\u0142\u0105 przyczepno\u015b\u0107 podczas jazdy na wprost i atrakcyjny wygl\u0105d. Rze\u017aba kierunkowa jest najcz\u0119\u015bciej stosowana w oponach zimowych, w letnich wyst\u0119puje praktycznie na r\u00f3wni z asymetrykami.                            <\/p>\n<p>            Oznaczenia 92T oraz 3PMSF<\/p>\n<p>Napisy &#8222;92&#8221; oraz &#8222;T&#8221; umieszczone na boku opony, najcz\u0119\u015bciej za jej rozmiarem to kolejno indeks no\u015bno\u015bci (do 630 kg) oraz pr\u0119dko\u015bci (do 190 km\/h). Pami\u0119tajcie, \u017ce nie wolno ich lekcewa\u017cy\u0107 podczas wyboru opon zimowych. 3PMSF (three-peak mountain snow flake) pe\u0142noprawne oznaczenie dla opony zimowej.                            <\/p>\n<p>            Opony zimowe<\/p>\n<p>Opony zimowe charakteryzuj\u0105 si\u0119 oznaczeniem w postaci symbolu 3PMSF (trzech g\u00f3rskich szczyt\u00f3w z p\u0142atkiem \u015bniegu). Jest to rodzaj homologacji potwierdzaj\u0105cej ich w\u0142a\u015bciwo\u015bci na \u015bniegu. Montuje si\u0119 jej zwykle, gdy \u015brednie temperatury dobowe spadaj\u0105 poni\u017cej 7 st. C. W oponach zimowych najcz\u0119\u015bciej stosowana jest kierunkowa rze\u017aba bie\u017cnika (najlepsze na wodzie, \u015bniegu czy b\u0142ocie po\u015bniegowym), a w modelach do mocniejszych aut \u2013 asymetryczna. Aby znale\u017a\u0107 najlepsze opony zimowe, warto zapozna\u0107 si\u0119 z opiniami u\u017cytkownik\u00f3w i wynikami test\u00f3w.                            <\/p>\n<p>            Gwarancja na opony Alpin 6<\/p>\n<p>Ka\u017cdy producent zapewnia o wysokiej jako\u015bci i niezawodno\u015bci swoich produkt\u00f3w, ale ka\u017cdemu mog\u0105 zdarzy\u0107 si\u0119 b\u0142\u0119dy czy niedopatrzenia. W takich sytuacjach kupuj\u0105cy mo\u017ce skorzysta\u0107 z gwarancji, kt\u00f3ra w przypadku opon Michelin obowi\u0105zuje przez 5 lat od daty zakupu i dotyczy wad zwi\u0105zanych z wykonaniem czy materia\u0142ami u\u017cytymi do produkcji. Przy uznanej reklamacji, w przypadku opon zu\u017cytych w mniejszym stopniu ni\u017c 20% producent zwraca 100% warto\u015bci wadliwego produktu. Przy bardziej zu\u017cytej oponie udziela rekompensaty w wysoko\u015bci proporcjonalnej do jej stopnia zu\u017cycia.                             <\/p>\n<p>            Opinie kierowc\u00f3w rozmiaru 205\/60 R16 o oponach Michelin Alpin 6<\/p>\n<p>Wielu kierowc\u00f3w przed podj\u0119ciem ostatecznej decyzji o zakupie opon przegl\u0105da opinie dotycz\u0105ce interesuj\u0105cego ich modelu. Mo\u017cna je znale\u017a\u0107 r\u00f3\u017cnego rodzaju forach internetowych, stronach sklep\u00f3w z oponami czy portalach spo\u0142eczno\u015bciowych. Opinie o oponach zimowych Michelin maj\u0105 bardzo pozytywny wyd\u017awi\u0119k. Podczas lektury mo\u017cna wyci\u0105gn\u0105\u0107 wniosek, \u017ce s\u0105 to jedne z najlepszych produkt\u00f3w na rynku. Jak przyk\u0142ady mo\u017cna poda\u0107 nast\u0119puj\u0105ce opinie: &#8222;stabilna nawet na lodzie&#8221;, &#8222;\u015bwietne prowadzenie na \u015bniegu&#8221;, &#8222;bezpieczna, komfortowa i oszcz\u0119dna&#8221;.<\/p>\n<h2>MICHELIN ALPIN 6 205\/60R16 92T Michelin<\/h2>\n<p>renata to nie imi\u0119, prezent na roczek dla ch\u0142opca, zagadki dla dzieci 6-7 lat, my little pony kolorowanka, miko\u0142ajek &#8211; test z odpowiedziami, prezent dla 7 latka na urodziny, wroc\u0142aw i okolice atrakcje, zagadki dla 4 latka, marianna, u\u015bmiech dziecka wiersz, babciu droga babciu tekst, zabawy dla 10 latk\u00f3w, szablon zaproszenia na urodziny do wydruku czarno bia\u0142e, fajne \u017carty na prima aprilis, bajki na dobranoc psi patrol, co kupi\u0107 nastolatkowi<\/p>\n<p>yyyyy<\/p>\n<p>&nbsp;<\/p>\n","protected":false},"excerpt":{"rendered":"<p>Opony zimowe Michelin Alpin 6 w rozmiarze 205\/60 R16 92T Opony zimowe Michelin Alpin 6 w omawianym przyk\u0142adzie maj\u0105 rozmiar 205\/60 R16. Warto wiedzie\u0107, \u017ce pierwsza liczba w oznaczeniu rozmiaru to szeroko\u015b\u0107 opony w milimetrach &#8211; tutaj 205 mm. Druga z liczb w rozmiarze 205\/60 R16 to wysoko\u015b\u0107 profilu, kt\u00f3ra w rozmiarze jest podawana jako [&hellip;]<\/p>\n","protected":false},"featured_media":5212,"comment_status":"closed","ping_status":"open","template":"","meta":[],"product_cat":[1315,885],"product_tag":[578,784,583,591],"class_list":["post-5211","product","type-product","status-publish","has-post-thumbnail","hentry","product_cat-michelin","product_cat-opony-zimowe","product_tag-fajne-zarty-na-prima-aprilis","product_tag-hymn-gorniczy","product_tag-kolysanki-dla-dzieci-tekst","product_tag-quiz-o-minecraft"],"_links":{"self":[{"href":"http:\/\/klubmamgdynia.pl\/index.php\/wp-json\/wp\/v2\/product\/5211","targetHints":{"allow":["GET"]}}],"collection":[{"href":"http:\/\/klubmamgdynia.pl\/index.php\/wp-json\/wp\/v2\/product"}],"about":[{"href":"http:\/\/klubmamgdynia.pl\/index.php\/wp-json\/wp\/v2\/types\/product"}],"replies":[{"embeddable":true,"href":"http:\/\/klubmamgdynia.pl\/index.php\/wp-json\/wp\/v2\/comments?post=5211"}],"wp:featuredmedia":[{"embeddable":true,"href":"http:\/\/klubmamgdynia.pl\/index.php\/wp-json\/wp\/v2\/media\/5212"}],"wp:attachment":[{"href":"http:\/\/klubmamgdynia.pl\/index.php\/wp-json\/wp\/v2\/media?parent=5211"}],"wp:term":[{"taxonomy":"product_cat","embeddable":true,"href":"http:\/\/klubmamgdynia.pl\/index.php\/wp-json\/wp\/v2\/product_cat?post=5211"},{"taxonomy":"product_tag","embeddable":true,"href":"http:\/\/klubmamgdynia.pl\/index.php\/wp-json\/wp\/v2\/product_tag?post=5211"}],"curies":[{"name":"wp","href":"https:\/\/api.w.org\/{rel}","templated":true}]}}