{"id":5213,"date":"2017-10-01T00:53:23","date_gmt":"2017-09-30T22:53:23","guid":{"rendered":"http:\/\/klubmamgdynia.pl\/index.php\/produkt\/typhoon-butelka-termiczna-500ml-active-pure\/"},"modified":"2026-04-05T12:13:50","modified_gmt":"2026-04-05T10:13:50","slug":"typhoon-butelka-termiczna-500ml-active-pure","status":"publish","type":"product","link":"http:\/\/klubmamgdynia.pl\/index.php\/produkt\/typhoon-butelka-termiczna-500ml-active-pure\/","title":{"rendered":"Typhoon Butelka Termiczna 500Ml Active Pure"},"content":{"rendered":"<p>KORZY\u015aCI:\u2022 Idealna na wyjazdy \u2013 ciep\u0142y\/zimny nap\u00f3j zawsze pod r\u0119k\u0105, nawet je\u015bli na trasie nie ma stacji.\u2022 Solidne \u015bcianki i szczelna pokrywka \u2013 nap\u00f3j si\u0119 nie wyleje.\u2022 Mo\u017cesz doda\u0107 kostki lodu.\u2022 Stalowe wn\u0119trze \u2013 nap\u00f3j bez posmaku plastiku.\u2022 Ekologiczna i wielorazowa.Butelka termiczna Active Pure Typhoon to propozycja na co dzie\u0144 i na podr\u00f3\u017c. Wyposa\u017cona jest w podw\u00f3jne \u015bcianki, dzi\u0119ki kt\u00f3rym utrzymuje temperatur\u0119 napoj\u00f3w przez d\u0142ugi czas.Izolacja:\u2022 napoj\u00f3w zimnych do 24 h,\u2022 napoj\u00f3w gor\u0105cych do 12 h.Solidne \u015bcianki i szczelna zakr\u0119tka sprawiaj\u0105, \u017ce nic si\u0119 nie wylewa. Spokojnie mo\u017cesz zabra\u0107 butelk\u0119 nawet w d\u0142ug\u0105 podr\u00f3\u017c.Wykonana jest ze stali nierdzewnej malowanej na pastelowy niebieski kolor i ozdobiona rysunkami \u0107wicz\u0105cych postaci. Dzi\u0119ki szerokiemu wlewowi mo\u017cesz do \u015brodka wrzuca\u0107 kostki lodu.Wn\u0119trze tak\u017ce jest stalowe \u2013 Tw\u00f3j nap\u00f3j nie znajduje si\u0119 w plastikowej wk\u0142adce. Butelka Typhoon jest ekologiczna: u\u017cyjesz jej wiele razy i nadaje si\u0119 do recyklingu.Mie\u015bci 500 ml napoju. Nale\u017cy my\u0107 j\u0105 r\u0119cznie.<\/p>\n<h2>Typhoon Butelka Termiczna 500Ml Active Pure <\/h2>\n<p>cytaty o przyja\u017ani kr\u00f3tkie, matylda znaczenie imienia, kr\u00f3tkie \u017cyczenia wielkanocne dla dzieci, kolorowanki z bajek, halloween 2021 dla dzieci, kr\u00f3tkie bajki dla dzieci, gry z pi\u0142k\u0105, kornelia, \u0142atwe laurki, imiona postaci z bajek, zagadki logiczne, prezent dla nastolatk\u00f3w 2020, cytat o rodzinie, dyplomy dla przedszkolak\u00f3w do wydrukowania, filmy rodzinne na halloween, opowiadanie o jesieni dla dzieci<\/p>\n<p>yyyyy<\/p>\n<p>&nbsp;<\/p>\n","protected":false},"excerpt":{"rendered":"<p>KORZY\u015aCI:\u2022 Idealna na wyjazdy \u2013 ciep\u0142y\/zimny nap\u00f3j zawsze pod r\u0119k\u0105, nawet je\u015bli na trasie nie ma stacji.\u2022 Solidne \u015bcianki i szczelna pokrywka \u2013 nap\u00f3j si\u0119 nie wyleje.\u2022 Mo\u017cesz doda\u0107 kostki lodu.\u2022 Stalowe wn\u0119trze \u2013 nap\u00f3j bez posmaku plastiku.\u2022 Ekologiczna i wielorazowa.Butelka termiczna Active Pure Typhoon to propozycja na co dzie\u0144 i na podr\u00f3\u017c. Wyposa\u017cona jest [&hellip;]<\/p>\n","protected":false},"featured_media":5214,"comment_status":"closed","ping_status":"open","template":"","meta":[],"product_cat":[215],"product_tag":[848,865,785,602],"class_list":["post-5213","product","type-product","status-publish","has-post-thumbnail","hentry","product_cat-naczynia-i-sztucce-dla-dzieci","product_tag-cytat-o-rodzinie","product_tag-cytaty-o-dzieciach","product_tag-prezent-dla-nastolatkow","product_tag-quiz-o-zwierzetach-domowych"],"_links":{"self":[{"href":"http:\/\/klubmamgdynia.pl\/index.php\/wp-json\/wp\/v2\/product\/5213","targetHints":{"allow":["GET"]}}],"collection":[{"href":"http:\/\/klubmamgdynia.pl\/index.php\/wp-json\/wp\/v2\/product"}],"about":[{"href":"http:\/\/klubmamgdynia.pl\/index.php\/wp-json\/wp\/v2\/types\/product"}],"replies":[{"embeddable":true,"href":"http:\/\/klubmamgdynia.pl\/index.php\/wp-json\/wp\/v2\/comments?post=5213"}],"wp:featuredmedia":[{"embeddable":true,"href":"http:\/\/klubmamgdynia.pl\/index.php\/wp-json\/wp\/v2\/media\/5214"}],"wp:attachment":[{"href":"http:\/\/klubmamgdynia.pl\/index.php\/wp-json\/wp\/v2\/media?parent=5213"}],"wp:term":[{"taxonomy":"product_cat","embeddable":true,"href":"http:\/\/klubmamgdynia.pl\/index.php\/wp-json\/wp\/v2\/product_cat?post=5213"},{"taxonomy":"product_tag","embeddable":true,"href":"http:\/\/klubmamgdynia.pl\/index.php\/wp-json\/wp\/v2\/product_tag?post=5213"}],"curies":[{"name":"wp","href":"https:\/\/api.w.org\/{rel}","templated":true}]}}